{"id":75967,"date":"2026-02-09T13:28:32","date_gmt":"2026-02-09T13:28:32","guid":{"rendered":"https:\/\/www.danke-galerie.com\/?post_type=product&#038;p=75967"},"modified":"2026-02-09T13:43:48","modified_gmt":"2026-02-09T13:43:48","slug":"vasque-lumineuse-en-ceramique-art-deco-a-decor-de-biche-non-identifiee-lampe","status":"publish","type":"product","link":"https:\/\/www.danke-galerie.com\/en\/produit\/vasque-lumineuse-en-ceramique-art-deco-a-decor-de-biche-non-identifiee-lampe\/","title":{"rendered":"vasque lumineuse en c\u00e9ramique art d\u00e9co \u00e0 d\u00e9cor de biche non identifi\u00e9e lampe"},"content":{"rendered":"<div class=\"wpb-content-wrapper\"><p>[vc_row][vc_column][vc_empty_space][vc_custom_heading source=&#8221;post_title&#8221; font_container=&#8221;tag:h1|font_size:16|text_align:center|color:%23606060&#8243; google_fonts=&#8221;font_family:Roboto%3A100%2C100italic%2C300%2C300italic%2Cregular%2Citalic%2C500%2C500italic%2C700%2C700italic%2C900%2C900italic|font_style:400%20regular%3A400%3Anormal&#8221; css=&#8221;.vc_custom_1515421781244{margin-bottom: 15px !important;}&#8221; el_class=&#8221;produitTitre&#8221;][vc_empty_space][vc_tta_tabs color=&#8221;white&#8221; active_section=&#8221;1&#8243;][vc_tta_section title=&#8221;Description&#8221; tab_id=&#8221;1626179280979-82858b2a-6c3c&#8221;][vc_separator][vc_column_text css=&#8221;.vc_custom_1770644626054{margin-bottom: 10px !important;}&#8221;]<span style=\"color: #808080;\">Lampe \u00e0 poser en c\u00e9ramique art d\u00e9co des ann\u00e9es 40 en forme de vasque. Tr\u00e8s jolie d\u00e9cor sur l&#8217;ensemble de la lampe repr\u00e9sentant une biche dans les bois avec deux frises en forme des coeurs entrelac\u00e9s. Bel \u00e9tat vintage, \u00e0 noter de l\u00e9g\u00e8res traces du temps et d&#8217;usage sur la lampe (voir photos). Nous recommandons une ampoule LED type B22.\u00a0<\/span><\/p>\n<p>&nbsp;<\/p>\n<p><strong><span style=\"color: #808080;\">Designer : <\/span><\/strong><span style=\"color: #808080;\">Non <span style=\"caret-color: #808080;\">identifi\u00e9<\/span>\u00a0<\/span><span style=\"color: #808080;\">\u00a0<\/span>[\/vc_column_text][\/vc_tta_section][vc_tta_section title=&#8221;D\u00e9tails et tarifs&#8221; tab_id=&#8221;1626179280994-a52c0fb7-c37a&#8221;][vc_column_text css=&#8221;&#8221;]<span style=\"color: #808080;\"><strong>Provenance :<\/strong> France<\/span><\/p>\n<p><span style=\"color: #808080;\"><strong>Epoque : <\/strong>ann\u00e9es 40<\/span><\/p>\n<p><span style=\"color: #808080;\"><strong>Dimensions :<\/strong> Diam. 28 cm \/ H. 27 cm \u00a0<\/span><\/p>\n<p><strong><span style=\"color: #808080;\">Condition : <\/span><\/strong><span style=\"color: #808080;\">Bel \u00e9tat <\/span><span style=\"color: #808080;\"><span style=\"caret-color: #808080;\">vintage<\/span>, l\u00e9g\u00e8res traces du temps et d&#8217;utilisation sur l&#8217;ensemble de la lampe, belle patine du temps (voir photos). Ampoules LED B22<\/span><\/p>\n<p><span style=\"color: #808080;\"><b>Ref. produit :<\/b>\u00a0<\/span><\/p>\n<p>&nbsp;<\/p>\n<p><span style=\"color: #808080;\"><strong>Prix :<\/strong> sur demande\u00a0<\/span>[\/vc_column_text][vc_column_text][\/vc_column_text][\/vc_tta_section][vc_tta_section title=&#8221;Contact&#8221; tab_id=&#8221;1626179360282-5c70e1b9-4ba2&#8243; el_class=&#8221;commande&#8221;]\n<div class=\"wpcf7 no-js\" id=\"wpcf7-f5025-o1\" lang=\"fr-FR\" dir=\"ltr\" data-wpcf7-id=\"5025\">\n<div class=\"screen-reader-response\"><p role=\"status\" aria-live=\"polite\" aria-atomic=\"true\"><\/p> <ul><\/ul><\/div>\n<form action=\"\/en\/wp-json\/wp\/v2\/product\/75967#wpcf7-f5025-o1\" method=\"post\" class=\"wpcf7-form init\" aria-label=\"Formulaire de contact\" novalidate=\"novalidate\" data-status=\"init\">\n<fieldset class=\"hidden-fields-container\"><input type=\"hidden\" name=\"_wpcf7\" value=\"5025\" \/><input type=\"hidden\" name=\"_wpcf7_version\" value=\"6.1.5\" \/><input type=\"hidden\" name=\"_wpcf7_locale\" value=\"fr_FR\" \/><input type=\"hidden\" name=\"_wpcf7_unit_tag\" value=\"wpcf7-f5025-o1\" \/><input type=\"hidden\" name=\"_wpcf7_container_post\" value=\"0\" \/><input type=\"hidden\" name=\"_wpcf7_posted_data_hash\" value=\"\" \/><input type=\"hidden\" name=\"_wpcf7_recaptcha_response\" value=\"\" \/>\n<\/fieldset>\n<p><label><strong>Sujet<\/strong> \/ Subject*<br \/>\n<span class=\"wpcf7-form-control-wrap\" data-name=\"menu-574\"><select class=\"wpcf7-form-control wpcf7-select wpcf7-validates-as-required\" aria-required=\"true\" aria-invalid=\"false\" name=\"menu-574\"><option value=\"\">&#8212;Veuillez choisir une option&#8212;<\/option><option value=\"Demande de prix \/ Price request\">Demande de prix \/ Price request<\/option><option value=\"Demande d\u2019informations \/ Information request\">Demande d\u2019informations \/ Information request<\/option><\/select><\/span><\/label>\n<\/p>\n<p><label><strong>Civilit\u00e9<\/strong> \/ Civility*<br \/>\n<span class=\"wpcf7-form-control-wrap\" data-name=\"menu-17\"><select class=\"wpcf7-form-control wpcf7-select wpcf7-validates-as-required\" aria-required=\"true\" aria-invalid=\"false\" name=\"menu-17\"><option value=\"\">&#8212;Veuillez choisir une option&#8212;<\/option><option value=\"M.\">M.<\/option><option value=\"Mlle, Mme\">Mlle, Mme<\/option><option value=\"Mx\">Mx<\/option><\/select><\/span><\/label>\n<\/p>\n<p><label><strong>Nom<\/strong> \/ Name*<br \/>\n<span class=\"wpcf7-form-control-wrap\" data-name=\"Nom\"><input size=\"40\" maxlength=\"400\" class=\"wpcf7-form-control wpcf7-text wpcf7-validates-as-required\" aria-required=\"true\" aria-invalid=\"false\" value=\"\" type=\"text\" name=\"Nom\" \/><\/span><\/label>\n<\/p>\n<p><label><strong>E-mail<\/strong> \/ Email*<br \/>\n<span class=\"wpcf7-form-control-wrap\" data-name=\"Email\"><input size=\"40\" maxlength=\"400\" class=\"wpcf7-form-control wpcf7-email wpcf7-validates-as-required wpcf7-text wpcf7-validates-as-email\" aria-required=\"true\" aria-invalid=\"false\" value=\"\" type=\"email\" name=\"Email\" \/><\/span><\/label>\n<\/p>\n<p><label><strong>T\u00e9l\u00e9phone<\/strong> \/ Phone number*<br \/>\n<span class=\"wpcf7-form-control-wrap\" data-name=\"Tel\"><input size=\"40\" maxlength=\"400\" class=\"wpcf7-form-control wpcf7-tel wpcf7-validates-as-required wpcf7-text wpcf7-validates-as-tel\" aria-required=\"true\" aria-invalid=\"false\" value=\"\" type=\"tel\" name=\"Tel\" \/><\/span><\/label>\n<\/p>\n<p><label><strong>Code Postal<\/strong> \/ ZIP code*<br \/>\n<span class=\"wpcf7-form-control-wrap\" data-name=\"code-postal\"><input size=\"40\" maxlength=\"400\" class=\"wpcf7-form-control wpcf7-text wpcf7-validates-as-required\" aria-required=\"true\" aria-invalid=\"false\" value=\"\" type=\"text\" name=\"code-postal\" \/><\/span><\/label>\n<\/p>\n<p><label><strong>Pays<\/strong> \/ Country*<br \/>\n<span class=\"wpcf7-form-control-wrap\" data-name=\"pays\"><input size=\"40\" maxlength=\"400\" class=\"wpcf7-form-control wpcf7-text wpcf7-validates-as-required\" aria-required=\"true\" aria-invalid=\"false\" value=\"\" type=\"text\" name=\"pays\" \/><\/span><\/label>\n<\/p>\n<p><label><strong>Votre message<\/strong> \/ Your Message<br \/>\n<span class=\"wpcf7-form-control-wrap\" data-name=\"Message\"><textarea cols=\"40\" rows=\"10\" maxlength=\"2000\" class=\"wpcf7-form-control wpcf7-textarea\" aria-invalid=\"false\" name=\"Message\"><\/textarea><\/span><\/label>\n<\/p>\n<p><input class=\"wpcf7-form-control wpcf7-submit has-spinner\" type=\"submit\" value=\"Envoyer \/ Send\" \/>\n<\/p><p style=\"display: none !important;\" class=\"akismet-fields-container\" data-prefix=\"_wpcf7_ak_\"><label>&#916;<textarea name=\"_wpcf7_ak_hp_textarea\" cols=\"45\" rows=\"8\" maxlength=\"100\"><\/textarea><\/label><input type=\"hidden\" id=\"ak_js_1\" name=\"_wpcf7_ak_js\" value=\"153\"\/><script>document.getElementById( \"ak_js_1\" ).setAttribute( \"value\", ( new Date() ).getTime() );<\/script><\/p><div class=\"wpcf7-response-output\" aria-hidden=\"true\"><\/div>\n<\/form>\n<\/div>\n[\/vc_tta_section][\/vc_tta_tabs][\/vc_column][\/vc_row]<\/p>\n<\/div>","protected":false},"excerpt":{"rendered":"<p>vasque lumineuse en c\u00e9ramique art d\u00e9co \u00e0 d\u00e9cor d&#8217;antilope biche non identifi\u00e9e lampe design vintage fran\u00e7ais ann\u00e9es 40<\/p>\n","protected":false},"featured_media":75970,"template":"","meta":[],"product_brand":[],"product_cat":[176,179],"product_tag":[],"class_list":{"0":"post-75967","1":"product","2":"type-product","3":"status-publish","4":"has-post-thumbnail","6":"product_cat-lighting","7":"product_cat-table-lamps","9":"first","10":"instock","11":"shipping-taxable","12":"product-type-simple"},"yoast_head":"<!-- This site is optimized with the Yoast SEO plugin v26.7 - https:\/\/yoast.com\/wordpress\/plugins\/seo\/ -->\n<title>vasque lumineuse en c\u00e9ramique art d\u00e9co \u00e0 d\u00e9cor de biche non identifi\u00e9e lampe - Danke Galerie<\/title>\n<meta name=\"robots\" content=\"index, follow, max-snippet:-1, max-image-preview:large, max-video-preview:-1\" \/>\n<link rel=\"canonical\" href=\"https:\/\/www.danke-galerie.com\/produit\/vasque-lumineuse-en-ceramique-art-deco-a-decor-de-biche-non-identifiee-lampe\/\" \/>\n<meta property=\"og:locale\" content=\"en_US\" \/>\n<meta property=\"og:type\" content=\"article\" \/>\n<meta property=\"og:title\" content=\"vasque lumineuse en c\u00e9ramique art d\u00e9co \u00e0 d\u00e9cor de biche non identifi\u00e9e lampe - Danke Galerie\" \/>\n<meta property=\"og:description\" content=\"vasque lumineuse en c\u00e9ramique art d\u00e9co \u00e0 d\u00e9cor d&#039;antilope biche non identifi\u00e9e lampe design vintage fran\u00e7ais ann\u00e9es 40\" \/>\n<meta property=\"og:url\" content=\"https:\/\/www.danke-galerie.com\/produit\/vasque-lumineuse-en-ceramique-art-deco-a-decor-de-biche-non-identifiee-lampe\/\" \/>\n<meta property=\"og:site_name\" content=\"Danke Galerie\" \/>\n<meta property=\"article:modified_time\" content=\"2026-02-09T13:43:48+00:00\" \/>\n<meta property=\"og:image\" content=\"https:\/\/www.danke-galerie.com\/wp-content\/uploads\/2026\/02\/1-_3.jpg\" \/>\n\t<meta property=\"og:image:width\" content=\"1500\" \/>\n\t<meta property=\"og:image:height\" content=\"1000\" \/>\n\t<meta property=\"og:image:type\" content=\"image\/jpeg\" \/>\n<meta name=\"twitter:card\" content=\"summary_large_image\" \/>\n<meta name=\"twitter:label1\" content=\"Est. reading time\" \/>\n\t<meta name=\"twitter:data1\" content=\"1 minute\" \/>\n<script type=\"application\/ld+json\" class=\"yoast-schema-graph\">{\"@context\":\"https:\/\/schema.org\",\"@graph\":[{\"@type\":\"WebPage\",\"@id\":\"https:\/\/www.danke-galerie.com\/produit\/vasque-lumineuse-en-ceramique-art-deco-a-decor-de-biche-non-identifiee-lampe\/\",\"url\":\"https:\/\/www.danke-galerie.com\/produit\/vasque-lumineuse-en-ceramique-art-deco-a-decor-de-biche-non-identifiee-lampe\/\",\"name\":\"vasque lumineuse en c\u00e9ramique art d\u00e9co \u00e0 d\u00e9cor de biche non identifi\u00e9e lampe - Danke Galerie\",\"isPartOf\":{\"@id\":\"https:\/\/www.danke-galerie.com\/#website\"},\"primaryImageOfPage\":{\"@id\":\"https:\/\/www.danke-galerie.com\/produit\/vasque-lumineuse-en-ceramique-art-deco-a-decor-de-biche-non-identifiee-lampe\/#primaryimage\"},\"image\":{\"@id\":\"https:\/\/www.danke-galerie.com\/produit\/vasque-lumineuse-en-ceramique-art-deco-a-decor-de-biche-non-identifiee-lampe\/#primaryimage\"},\"thumbnailUrl\":\"https:\/\/www.danke-galerie.com\/wp-content\/uploads\/2026\/02\/1-_3.jpg\",\"datePublished\":\"2026-02-09T13:28:32+00:00\",\"dateModified\":\"2026-02-09T13:43:48+00:00\",\"breadcrumb\":{\"@id\":\"https:\/\/www.danke-galerie.com\/produit\/vasque-lumineuse-en-ceramique-art-deco-a-decor-de-biche-non-identifiee-lampe\/#breadcrumb\"},\"inLanguage\":\"en-US\",\"potentialAction\":[{\"@type\":\"ReadAction\",\"target\":[\"https:\/\/www.danke-galerie.com\/produit\/vasque-lumineuse-en-ceramique-art-deco-a-decor-de-biche-non-identifiee-lampe\/\"]}]},{\"@type\":\"ImageObject\",\"inLanguage\":\"en-US\",\"@id\":\"https:\/\/www.danke-galerie.com\/produit\/vasque-lumineuse-en-ceramique-art-deco-a-decor-de-biche-non-identifiee-lampe\/#primaryimage\",\"url\":\"https:\/\/www.danke-galerie.com\/wp-content\/uploads\/2026\/02\/1-_3.jpg\",\"contentUrl\":\"https:\/\/www.danke-galerie.com\/wp-content\/uploads\/2026\/02\/1-_3.jpg\",\"width\":1500,\"height\":1000,\"caption\":\"vasque lumineuse en c\u00e9ramique art d\u00e9co \u00e0 d\u00e9cor d'antilopes non identifi\u00e9e lampe\"},{\"@type\":\"BreadcrumbList\",\"@id\":\"https:\/\/www.danke-galerie.com\/produit\/vasque-lumineuse-en-ceramique-art-deco-a-decor-de-biche-non-identifiee-lampe\/#breadcrumb\",\"itemListElement\":[{\"@type\":\"ListItem\",\"position\":1,\"name\":\"Accueil\",\"item\":\"https:\/\/www.danke-galerie.com\/\"},{\"@type\":\"ListItem\",\"position\":2,\"name\":\"Collection &#8211; Danke Galerie &#8211; Vente de mobilier ancien\",\"item\":\"https:\/\/www.danke-galerie.com\/\"},{\"@type\":\"ListItem\",\"position\":3,\"name\":\"vasque lumineuse en c\u00e9ramique art d\u00e9co \u00e0 d\u00e9cor de biche non identifi\u00e9e lampe\"}]},{\"@type\":\"WebSite\",\"@id\":\"https:\/\/www.danke-galerie.com\/#website\",\"url\":\"https:\/\/www.danke-galerie.com\/\",\"name\":\"Danke Galerie\",\"description\":\"Vente mobilier du XXeme si\u00e8cle design vintage\",\"potentialAction\":[{\"@type\":\"SearchAction\",\"target\":{\"@type\":\"EntryPoint\",\"urlTemplate\":\"https:\/\/www.danke-galerie.com\/?s={search_term_string}\"},\"query-input\":{\"@type\":\"PropertyValueSpecification\",\"valueRequired\":true,\"valueName\":\"search_term_string\"}}],\"inLanguage\":\"en-US\"}]}<\/script>\n<!-- \/ Yoast SEO plugin. -->","yoast_head_json":{"title":"vasque lumineuse en c\u00e9ramique art d\u00e9co \u00e0 d\u00e9cor de biche non identifi\u00e9e lampe - Danke Galerie","robots":{"index":"index","follow":"follow","max-snippet":"max-snippet:-1","max-image-preview":"max-image-preview:large","max-video-preview":"max-video-preview:-1"},"canonical":"https:\/\/www.danke-galerie.com\/produit\/vasque-lumineuse-en-ceramique-art-deco-a-decor-de-biche-non-identifiee-lampe\/","og_locale":"en_US","og_type":"article","og_title":"vasque lumineuse en c\u00e9ramique art d\u00e9co \u00e0 d\u00e9cor de biche non identifi\u00e9e lampe - Danke Galerie","og_description":"vasque lumineuse en c\u00e9ramique art d\u00e9co \u00e0 d\u00e9cor d'antilope biche non identifi\u00e9e lampe design vintage fran\u00e7ais ann\u00e9es 40","og_url":"https:\/\/www.danke-galerie.com\/produit\/vasque-lumineuse-en-ceramique-art-deco-a-decor-de-biche-non-identifiee-lampe\/","og_site_name":"Danke Galerie","article_modified_time":"2026-02-09T13:43:48+00:00","og_image":[{"width":1500,"height":1000,"url":"https:\/\/www.danke-galerie.com\/wp-content\/uploads\/2026\/02\/1-_3.jpg","type":"image\/jpeg"}],"twitter_card":"summary_large_image","twitter_misc":{"Est. reading time":"1 minute"},"schema":{"@context":"https:\/\/schema.org","@graph":[{"@type":"WebPage","@id":"https:\/\/www.danke-galerie.com\/produit\/vasque-lumineuse-en-ceramique-art-deco-a-decor-de-biche-non-identifiee-lampe\/","url":"https:\/\/www.danke-galerie.com\/produit\/vasque-lumineuse-en-ceramique-art-deco-a-decor-de-biche-non-identifiee-lampe\/","name":"vasque lumineuse en c\u00e9ramique art d\u00e9co \u00e0 d\u00e9cor de biche non identifi\u00e9e lampe - Danke Galerie","isPartOf":{"@id":"https:\/\/www.danke-galerie.com\/#website"},"primaryImageOfPage":{"@id":"https:\/\/www.danke-galerie.com\/produit\/vasque-lumineuse-en-ceramique-art-deco-a-decor-de-biche-non-identifiee-lampe\/#primaryimage"},"image":{"@id":"https:\/\/www.danke-galerie.com\/produit\/vasque-lumineuse-en-ceramique-art-deco-a-decor-de-biche-non-identifiee-lampe\/#primaryimage"},"thumbnailUrl":"https:\/\/www.danke-galerie.com\/wp-content\/uploads\/2026\/02\/1-_3.jpg","datePublished":"2026-02-09T13:28:32+00:00","dateModified":"2026-02-09T13:43:48+00:00","breadcrumb":{"@id":"https:\/\/www.danke-galerie.com\/produit\/vasque-lumineuse-en-ceramique-art-deco-a-decor-de-biche-non-identifiee-lampe\/#breadcrumb"},"inLanguage":"en-US","potentialAction":[{"@type":"ReadAction","target":["https:\/\/www.danke-galerie.com\/produit\/vasque-lumineuse-en-ceramique-art-deco-a-decor-de-biche-non-identifiee-lampe\/"]}]},{"@type":"ImageObject","inLanguage":"en-US","@id":"https:\/\/www.danke-galerie.com\/produit\/vasque-lumineuse-en-ceramique-art-deco-a-decor-de-biche-non-identifiee-lampe\/#primaryimage","url":"https:\/\/www.danke-galerie.com\/wp-content\/uploads\/2026\/02\/1-_3.jpg","contentUrl":"https:\/\/www.danke-galerie.com\/wp-content\/uploads\/2026\/02\/1-_3.jpg","width":1500,"height":1000,"caption":"vasque lumineuse en c\u00e9ramique art d\u00e9co \u00e0 d\u00e9cor d'antilopes non identifi\u00e9e lampe"},{"@type":"BreadcrumbList","@id":"https:\/\/www.danke-galerie.com\/produit\/vasque-lumineuse-en-ceramique-art-deco-a-decor-de-biche-non-identifiee-lampe\/#breadcrumb","itemListElement":[{"@type":"ListItem","position":1,"name":"Accueil","item":"https:\/\/www.danke-galerie.com\/"},{"@type":"ListItem","position":2,"name":"Collection &#8211; Danke Galerie &#8211; Vente de mobilier ancien","item":"https:\/\/www.danke-galerie.com\/"},{"@type":"ListItem","position":3,"name":"vasque lumineuse en c\u00e9ramique art d\u00e9co \u00e0 d\u00e9cor de biche non identifi\u00e9e lampe"}]},{"@type":"WebSite","@id":"https:\/\/www.danke-galerie.com\/#website","url":"https:\/\/www.danke-galerie.com\/","name":"Danke Galerie","description":"Vente mobilier du XXeme si\u00e8cle design vintage","potentialAction":[{"@type":"SearchAction","target":{"@type":"EntryPoint","urlTemplate":"https:\/\/www.danke-galerie.com\/?s={search_term_string}"},"query-input":{"@type":"PropertyValueSpecification","valueRequired":true,"valueName":"search_term_string"}}],"inLanguage":"en-US"}]}},"_links":{"self":[{"href":"https:\/\/www.danke-galerie.com\/en\/wp-json\/wp\/v2\/product\/75967","targetHints":{"allow":["GET"]}}],"collection":[{"href":"https:\/\/www.danke-galerie.com\/en\/wp-json\/wp\/v2\/product"}],"about":[{"href":"https:\/\/www.danke-galerie.com\/en\/wp-json\/wp\/v2\/types\/product"}],"wp:featuredmedia":[{"embeddable":true,"href":"https:\/\/www.danke-galerie.com\/en\/wp-json\/wp\/v2\/media\/75970"}],"wp:attachment":[{"href":"https:\/\/www.danke-galerie.com\/en\/wp-json\/wp\/v2\/media?parent=75967"}],"wp:term":[{"taxonomy":"product_brand","embeddable":true,"href":"https:\/\/www.danke-galerie.com\/en\/wp-json\/wp\/v2\/product_brand?post=75967"},{"taxonomy":"product_cat","embeddable":true,"href":"https:\/\/www.danke-galerie.com\/en\/wp-json\/wp\/v2\/product_cat?post=75967"},{"taxonomy":"product_tag","embeddable":true,"href":"https:\/\/www.danke-galerie.com\/en\/wp-json\/wp\/v2\/product_tag?post=75967"}],"curies":[{"name":"wp","href":"https:\/\/api.w.org\/{rel}","templated":true}]}}