{"id":28614,"date":"2021-08-25T15:08:24","date_gmt":"2021-08-25T15:08:24","guid":{"rendered":"https:\/\/www.danke-galerie.com\/?post_type=product&#038;p=28614"},"modified":"2021-09-17T14:42:53","modified_gmt":"2021-09-17T14:42:53","slug":"lamp-lunel-50s-vintage-stars-brass-e384","status":"publish","type":"product","link":"https:\/\/www.danke-galerie.com\/en\/produit\/lamp-lunel-50s-vintage-stars-brass-e384\/","title":{"rendered":"lamp Lunel 50&#8217;s vintage stars brass &#8211; E384"},"content":{"rendered":"<div class=\"wpb-content-wrapper\"><p>[vc_row][vc_column][vc_empty_space][vc_custom_heading source=&#8221;post_title&#8221; font_container=&#8221;tag:h1|font_size:16|text_align:center|color:%23606060&#8243; google_fonts=&#8221;font_family:Roboto%3A100%2C100italic%2C300%2C300italic%2Cregular%2Citalic%2C500%2C500italic%2C700%2C700italic%2C900%2C900italic|font_style:400%20regular%3A400%3Anormal&#8221; css=&#8221;.vc_custom_1515421781244{margin-bottom: 15px !important;}&#8221; el_class=&#8221;produitTitre&#8221;][vc_empty_space][vc_tta_tabs color=&#8221;white&#8221; active_section=&#8221;1&#8243;][vc_tta_section title=&#8221;Description&#8221; tab_id=&#8221;1626179280979-82858b2a-6c3c&#8221;][vc_separator][vc_empty_space][vc_column_text css=&#8221;.vc_custom_1628871396341{margin-bottom: 10px !important;}&#8221;]<span style=\"color: #808080;\">Nice French potence lamp from the 50&#8217;s by Lunel. Double lampshades in beige lacquered metal perforated with small stars. The structure is made of solid brass and the lampshade can be adjusted according to your needs. Very nice vintage condition, recommended bulbs B22 (see pictures)<\/span><\/p>\n<p><span style=\"color: #808080;\">\u00a0<\/span><\/p>\n<p style=\"text-align: left;\"><span style=\"color: #808080;\"><b>Editer : <\/b>Maison Lunel\u00a0<\/span><\/p>\n<p>[\/vc_column_text][\/vc_tta_section][vc_tta_section title=&#8221;Details&#8221; tab_id=&#8221;1626179280994-a52c0fb7-c37a&#8221;][vc_separator][vc_empty_space][vc_column_text]<span style=\"color: #808080;\"><strong>Place of origin : <\/strong>France<\/span><\/p>\n<p><span style=\"color: #808080;\"><strong>Period : <\/strong>1950<\/span><\/p>\n<p><span style=\"color: #808080;\"><span style=\"caret-color: #808080;\"><b>Dimensions : <\/b>L. max 75 cm \/ Diam shade 22 cm \/ H. shade 19 cm\u00a0<\/span><\/span><\/p>\n<p><span style=\"color: #808080;\"><strong>Condition : E<\/strong>xcellent vintage condition, original paint on the shades, B22 bulbs\u00a0<\/span><\/p>\n<p><strong><span style=\"color: #808080;\">Ref. product :\u00a0<\/span><\/strong><span style=\"color: #808080;\">E384<\/span><\/p>\n<p>&nbsp;<\/p>\n<p><span style=\"color: #808080;\"><strong>Price :<\/strong> on request\u00a0<\/span>[\/vc_column_text][vc_column_text][\/vc_column_text][\/vc_tta_section][vc_tta_section title=&#8221;Enquire&#8221; tab_id=&#8221;1626179360282-5c70e1b9-4ba2&#8243; el_class=&#8221;commande&#8221;]\n<div class=\"wpcf7 no-js\" id=\"wpcf7-f5025-o1\" lang=\"fr-FR\" dir=\"ltr\" data-wpcf7-id=\"5025\">\n<div class=\"screen-reader-response\"><p role=\"status\" aria-live=\"polite\" aria-atomic=\"true\"><\/p> <ul><\/ul><\/div>\n<form action=\"\/en\/wp-json\/wp\/v2\/product\/28614#wpcf7-f5025-o1\" method=\"post\" class=\"wpcf7-form init\" aria-label=\"Formulaire de contact\" novalidate=\"novalidate\" data-status=\"init\">\n<fieldset class=\"hidden-fields-container\"><input type=\"hidden\" name=\"_wpcf7\" value=\"5025\" \/><input type=\"hidden\" name=\"_wpcf7_version\" value=\"6.1.5\" \/><input type=\"hidden\" name=\"_wpcf7_locale\" value=\"fr_FR\" \/><input type=\"hidden\" name=\"_wpcf7_unit_tag\" value=\"wpcf7-f5025-o1\" \/><input type=\"hidden\" name=\"_wpcf7_container_post\" value=\"0\" \/><input type=\"hidden\" name=\"_wpcf7_posted_data_hash\" value=\"\" \/><input type=\"hidden\" name=\"_wpcf7_recaptcha_response\" value=\"\" \/>\n<\/fieldset>\n<p><label><strong>Sujet<\/strong> \/ Subject*<br \/>\n<span class=\"wpcf7-form-control-wrap\" data-name=\"menu-574\"><select class=\"wpcf7-form-control wpcf7-select wpcf7-validates-as-required\" aria-required=\"true\" aria-invalid=\"false\" name=\"menu-574\"><option value=\"\">&#8212;Veuillez choisir une option&#8212;<\/option><option value=\"Demande de prix \/ Price request\">Demande de prix \/ Price request<\/option><option value=\"Demande d\u2019informations \/ Information request\">Demande d\u2019informations \/ Information request<\/option><\/select><\/span><\/label>\n<\/p>\n<p><label><strong>Civilit\u00e9<\/strong> \/ Civility*<br \/>\n<span class=\"wpcf7-form-control-wrap\" data-name=\"menu-17\"><select class=\"wpcf7-form-control wpcf7-select wpcf7-validates-as-required\" aria-required=\"true\" aria-invalid=\"false\" name=\"menu-17\"><option value=\"\">&#8212;Veuillez choisir une option&#8212;<\/option><option value=\"M.\">M.<\/option><option value=\"Mlle, Mme\">Mlle, Mme<\/option><option value=\"Mx\">Mx<\/option><\/select><\/span><\/label>\n<\/p>\n<p><label><strong>Nom<\/strong> \/ Name*<br \/>\n<span class=\"wpcf7-form-control-wrap\" data-name=\"Nom\"><input size=\"40\" maxlength=\"400\" class=\"wpcf7-form-control wpcf7-text wpcf7-validates-as-required\" aria-required=\"true\" aria-invalid=\"false\" value=\"\" type=\"text\" name=\"Nom\" \/><\/span><\/label>\n<\/p>\n<p><label><strong>E-mail<\/strong> \/ Email*<br \/>\n<span class=\"wpcf7-form-control-wrap\" data-name=\"Email\"><input size=\"40\" maxlength=\"400\" class=\"wpcf7-form-control wpcf7-email wpcf7-validates-as-required wpcf7-text wpcf7-validates-as-email\" aria-required=\"true\" aria-invalid=\"false\" value=\"\" type=\"email\" name=\"Email\" \/><\/span><\/label>\n<\/p>\n<p><label><strong>T\u00e9l\u00e9phone<\/strong> \/ Phone number*<br \/>\n<span class=\"wpcf7-form-control-wrap\" data-name=\"Tel\"><input size=\"40\" maxlength=\"400\" class=\"wpcf7-form-control wpcf7-tel wpcf7-validates-as-required wpcf7-text wpcf7-validates-as-tel\" aria-required=\"true\" aria-invalid=\"false\" value=\"\" type=\"tel\" name=\"Tel\" \/><\/span><\/label>\n<\/p>\n<p><label><strong>Code Postal<\/strong> \/ ZIP code*<br \/>\n<span class=\"wpcf7-form-control-wrap\" data-name=\"code-postal\"><input size=\"40\" maxlength=\"400\" class=\"wpcf7-form-control wpcf7-text wpcf7-validates-as-required\" aria-required=\"true\" aria-invalid=\"false\" value=\"\" type=\"text\" name=\"code-postal\" \/><\/span><\/label>\n<\/p>\n<p><label><strong>Pays<\/strong> \/ Country*<br \/>\n<span class=\"wpcf7-form-control-wrap\" data-name=\"pays\"><input size=\"40\" maxlength=\"400\" class=\"wpcf7-form-control wpcf7-text wpcf7-validates-as-required\" aria-required=\"true\" aria-invalid=\"false\" value=\"\" type=\"text\" name=\"pays\" \/><\/span><\/label>\n<\/p>\n<p><label><strong>Votre message<\/strong> \/ Your Message<br \/>\n<span class=\"wpcf7-form-control-wrap\" data-name=\"Message\"><textarea cols=\"40\" rows=\"10\" maxlength=\"2000\" class=\"wpcf7-form-control wpcf7-textarea\" aria-invalid=\"false\" name=\"Message\"><\/textarea><\/span><\/label>\n<\/p>\n<p><input class=\"wpcf7-form-control wpcf7-submit has-spinner\" type=\"submit\" value=\"Envoyer \/ Send\" \/>\n<\/p><p style=\"display: none !important;\" class=\"akismet-fields-container\" data-prefix=\"_wpcf7_ak_\"><label>&#916;<textarea name=\"_wpcf7_ak_hp_textarea\" cols=\"45\" rows=\"8\" maxlength=\"100\"><\/textarea><\/label><input type=\"hidden\" id=\"ak_js_1\" name=\"_wpcf7_ak_js\" value=\"64\"\/><script>document.getElementById( \"ak_js_1\" ).setAttribute( \"value\", ( new Date() ).getTime() );<\/script><\/p><div class=\"wpcf7-response-output\" aria-hidden=\"true\"><\/div>\n<\/form>\n<\/div>\n[\/vc_tta_section][\/vc_tta_tabs][vc_empty_space][\/vc_column][\/vc_row]<\/p>\n<\/div>","protected":false},"excerpt":{"rendered":"<p>lampe applique murale potence Lunell ann\u00e9es 50 m\u00e9tal perfor\u00e9 laqu\u00e9 beige laiton massif design vintage France luminaire<\/p>\n","protected":false},"featured_media":29336,"template":"","meta":[],"product_brand":[],"product_cat":[187],"product_tag":[],"class_list":{"0":"post-28614","1":"product","2":"type-product","3":"status-publish","4":"has-post-thumbnail","6":"product_cat-sold","8":"first","9":"instock","10":"shipping-taxable","11":"product-type-simple"},"yoast_head":"<!-- This site is optimized with the Yoast SEO plugin v26.7 - https:\/\/yoast.com\/wordpress\/plugins\/seo\/ -->\n<title>lamp Lunel 50&#039;s vintage stars brass - E384 - Danke Galerie<\/title>\n<meta name=\"robots\" content=\"index, follow, max-snippet:-1, max-image-preview:large, max-video-preview:-1\" \/>\n<link rel=\"canonical\" href=\"https:\/\/www.danke-galerie.com\/produit\/lampe-potence-lunel-annees-50-vintage-etoiles-laiton-e384\/\" \/>\n<meta property=\"og:locale\" content=\"en_US\" \/>\n<meta property=\"og:type\" content=\"article\" \/>\n<meta property=\"og:title\" content=\"lamp Lunel 50&#039;s vintage stars brass - E384 - Danke Galerie\" \/>\n<meta property=\"og:description\" content=\"lampe applique murale potence Lunell ann\u00e9es 50 m\u00e9tal perfor\u00e9 laqu\u00e9 beige laiton massif design vintage France luminaire\" \/>\n<meta property=\"og:url\" content=\"https:\/\/www.danke-galerie.com\/produit\/lampe-potence-lunel-annees-50-vintage-etoiles-laiton-e384\/\" \/>\n<meta property=\"og:site_name\" content=\"Danke Galerie\" \/>\n<meta property=\"article:modified_time\" content=\"2021-09-17T14:42:53+00:00\" \/>\n<meta property=\"og:image\" content=\"https:\/\/www.danke-galerie.com\/wp-content\/uploads\/2021\/08\/lampe-potence-Lunel-annees-50-vintage-etoiles-laiton35.jpg\" \/>\n\t<meta property=\"og:image:width\" content=\"2048\" \/>\n\t<meta property=\"og:image:height\" content=\"1365\" \/>\n\t<meta property=\"og:image:type\" content=\"image\/jpeg\" \/>\n<meta name=\"twitter:card\" content=\"summary_large_image\" \/>\n<meta name=\"twitter:label1\" content=\"Est. reading time\" \/>\n\t<meta name=\"twitter:data1\" content=\"1 minute\" \/>\n<script type=\"application\/ld+json\" class=\"yoast-schema-graph\">{\"@context\":\"https:\/\/schema.org\",\"@graph\":[{\"@type\":\"WebPage\",\"@id\":\"https:\/\/www.danke-galerie.com\/produit\/lampe-potence-lunel-annees-50-vintage-etoiles-laiton-e384\/\",\"url\":\"https:\/\/www.danke-galerie.com\/produit\/lampe-potence-lunel-annees-50-vintage-etoiles-laiton-e384\/\",\"name\":\"lamp Lunel 50's vintage stars brass - E384 - Danke Galerie\",\"isPartOf\":{\"@id\":\"https:\/\/www.danke-galerie.com\/#website\"},\"primaryImageOfPage\":{\"@id\":\"https:\/\/www.danke-galerie.com\/produit\/lampe-potence-lunel-annees-50-vintage-etoiles-laiton-e384\/#primaryimage\"},\"image\":{\"@id\":\"https:\/\/www.danke-galerie.com\/produit\/lampe-potence-lunel-annees-50-vintage-etoiles-laiton-e384\/#primaryimage\"},\"thumbnailUrl\":\"https:\/\/www.danke-galerie.com\/wp-content\/uploads\/2021\/08\/lampe-potence-Lunel-annees-50-vintage-etoiles-laiton35.jpg\",\"datePublished\":\"2021-08-25T15:08:24+00:00\",\"dateModified\":\"2021-09-17T14:42:53+00:00\",\"breadcrumb\":{\"@id\":\"https:\/\/www.danke-galerie.com\/produit\/lampe-potence-lunel-annees-50-vintage-etoiles-laiton-e384\/#breadcrumb\"},\"inLanguage\":\"en-US\",\"potentialAction\":[{\"@type\":\"ReadAction\",\"target\":[\"https:\/\/www.danke-galerie.com\/produit\/lampe-potence-lunel-annees-50-vintage-etoiles-laiton-e384\/\"]}]},{\"@type\":\"ImageObject\",\"inLanguage\":\"en-US\",\"@id\":\"https:\/\/www.danke-galerie.com\/produit\/lampe-potence-lunel-annees-50-vintage-etoiles-laiton-e384\/#primaryimage\",\"url\":\"https:\/\/www.danke-galerie.com\/wp-content\/uploads\/2021\/08\/lampe-potence-Lunel-annees-50-vintage-etoiles-laiton35.jpg\",\"contentUrl\":\"https:\/\/www.danke-galerie.com\/wp-content\/uploads\/2021\/08\/lampe-potence-Lunel-annees-50-vintage-etoiles-laiton35.jpg\",\"width\":2048,\"height\":1365,\"caption\":\"lampe potence Lunel ann\u00e9es 50 vintage \u00e9toiles laiton\"},{\"@type\":\"BreadcrumbList\",\"@id\":\"https:\/\/www.danke-galerie.com\/produit\/lampe-potence-lunel-annees-50-vintage-etoiles-laiton-e384\/#breadcrumb\",\"itemListElement\":[{\"@type\":\"ListItem\",\"position\":1,\"name\":\"Accueil\",\"item\":\"https:\/\/www.danke-galerie.com\/\"},{\"@type\":\"ListItem\",\"position\":2,\"name\":\"Collection &#8211; Danke Galerie &#8211; Vente de mobilier ancien\",\"item\":\"https:\/\/www.danke-galerie.com\/\"},{\"@type\":\"ListItem\",\"position\":3,\"name\":\"lamp Lunel 50&rsquo;s vintage stars brass &#8211; E384\"}]},{\"@type\":\"WebSite\",\"@id\":\"https:\/\/www.danke-galerie.com\/#website\",\"url\":\"https:\/\/www.danke-galerie.com\/\",\"name\":\"Danke Galerie\",\"description\":\"Vente mobilier du XXeme si\u00e8cle design vintage\",\"potentialAction\":[{\"@type\":\"SearchAction\",\"target\":{\"@type\":\"EntryPoint\",\"urlTemplate\":\"https:\/\/www.danke-galerie.com\/?s={search_term_string}\"},\"query-input\":{\"@type\":\"PropertyValueSpecification\",\"valueRequired\":true,\"valueName\":\"search_term_string\"}}],\"inLanguage\":\"en-US\"}]}<\/script>\n<!-- \/ Yoast SEO plugin. -->","yoast_head_json":{"title":"lamp Lunel 50's vintage stars brass - E384 - Danke Galerie","robots":{"index":"index","follow":"follow","max-snippet":"max-snippet:-1","max-image-preview":"max-image-preview:large","max-video-preview":"max-video-preview:-1"},"canonical":"https:\/\/www.danke-galerie.com\/produit\/lampe-potence-lunel-annees-50-vintage-etoiles-laiton-e384\/","og_locale":"en_US","og_type":"article","og_title":"lamp Lunel 50's vintage stars brass - E384 - Danke Galerie","og_description":"lampe applique murale potence Lunell ann\u00e9es 50 m\u00e9tal perfor\u00e9 laqu\u00e9 beige laiton massif design vintage France luminaire","og_url":"https:\/\/www.danke-galerie.com\/produit\/lampe-potence-lunel-annees-50-vintage-etoiles-laiton-e384\/","og_site_name":"Danke Galerie","article_modified_time":"2021-09-17T14:42:53+00:00","og_image":[{"width":2048,"height":1365,"url":"https:\/\/www.danke-galerie.com\/wp-content\/uploads\/2021\/08\/lampe-potence-Lunel-annees-50-vintage-etoiles-laiton35.jpg","type":"image\/jpeg"}],"twitter_card":"summary_large_image","twitter_misc":{"Est. reading time":"1 minute"},"schema":{"@context":"https:\/\/schema.org","@graph":[{"@type":"WebPage","@id":"https:\/\/www.danke-galerie.com\/produit\/lampe-potence-lunel-annees-50-vintage-etoiles-laiton-e384\/","url":"https:\/\/www.danke-galerie.com\/produit\/lampe-potence-lunel-annees-50-vintage-etoiles-laiton-e384\/","name":"lamp Lunel 50's vintage stars brass - E384 - Danke Galerie","isPartOf":{"@id":"https:\/\/www.danke-galerie.com\/#website"},"primaryImageOfPage":{"@id":"https:\/\/www.danke-galerie.com\/produit\/lampe-potence-lunel-annees-50-vintage-etoiles-laiton-e384\/#primaryimage"},"image":{"@id":"https:\/\/www.danke-galerie.com\/produit\/lampe-potence-lunel-annees-50-vintage-etoiles-laiton-e384\/#primaryimage"},"thumbnailUrl":"https:\/\/www.danke-galerie.com\/wp-content\/uploads\/2021\/08\/lampe-potence-Lunel-annees-50-vintage-etoiles-laiton35.jpg","datePublished":"2021-08-25T15:08:24+00:00","dateModified":"2021-09-17T14:42:53+00:00","breadcrumb":{"@id":"https:\/\/www.danke-galerie.com\/produit\/lampe-potence-lunel-annees-50-vintage-etoiles-laiton-e384\/#breadcrumb"},"inLanguage":"en-US","potentialAction":[{"@type":"ReadAction","target":["https:\/\/www.danke-galerie.com\/produit\/lampe-potence-lunel-annees-50-vintage-etoiles-laiton-e384\/"]}]},{"@type":"ImageObject","inLanguage":"en-US","@id":"https:\/\/www.danke-galerie.com\/produit\/lampe-potence-lunel-annees-50-vintage-etoiles-laiton-e384\/#primaryimage","url":"https:\/\/www.danke-galerie.com\/wp-content\/uploads\/2021\/08\/lampe-potence-Lunel-annees-50-vintage-etoiles-laiton35.jpg","contentUrl":"https:\/\/www.danke-galerie.com\/wp-content\/uploads\/2021\/08\/lampe-potence-Lunel-annees-50-vintage-etoiles-laiton35.jpg","width":2048,"height":1365,"caption":"lampe potence Lunel ann\u00e9es 50 vintage \u00e9toiles laiton"},{"@type":"BreadcrumbList","@id":"https:\/\/www.danke-galerie.com\/produit\/lampe-potence-lunel-annees-50-vintage-etoiles-laiton-e384\/#breadcrumb","itemListElement":[{"@type":"ListItem","position":1,"name":"Accueil","item":"https:\/\/www.danke-galerie.com\/"},{"@type":"ListItem","position":2,"name":"Collection &#8211; Danke Galerie &#8211; Vente de mobilier ancien","item":"https:\/\/www.danke-galerie.com\/"},{"@type":"ListItem","position":3,"name":"lamp Lunel 50&rsquo;s vintage stars brass &#8211; E384"}]},{"@type":"WebSite","@id":"https:\/\/www.danke-galerie.com\/#website","url":"https:\/\/www.danke-galerie.com\/","name":"Danke Galerie","description":"Vente mobilier du XXeme si\u00e8cle design vintage","potentialAction":[{"@type":"SearchAction","target":{"@type":"EntryPoint","urlTemplate":"https:\/\/www.danke-galerie.com\/?s={search_term_string}"},"query-input":{"@type":"PropertyValueSpecification","valueRequired":true,"valueName":"search_term_string"}}],"inLanguage":"en-US"}]}},"_links":{"self":[{"href":"https:\/\/www.danke-galerie.com\/en\/wp-json\/wp\/v2\/product\/28614","targetHints":{"allow":["GET"]}}],"collection":[{"href":"https:\/\/www.danke-galerie.com\/en\/wp-json\/wp\/v2\/product"}],"about":[{"href":"https:\/\/www.danke-galerie.com\/en\/wp-json\/wp\/v2\/types\/product"}],"wp:featuredmedia":[{"embeddable":true,"href":"https:\/\/www.danke-galerie.com\/en\/wp-json\/wp\/v2\/media\/29336"}],"wp:attachment":[{"href":"https:\/\/www.danke-galerie.com\/en\/wp-json\/wp\/v2\/media?parent=28614"}],"wp:term":[{"taxonomy":"product_brand","embeddable":true,"href":"https:\/\/www.danke-galerie.com\/en\/wp-json\/wp\/v2\/product_brand?post=28614"},{"taxonomy":"product_cat","embeddable":true,"href":"https:\/\/www.danke-galerie.com\/en\/wp-json\/wp\/v2\/product_cat?post=28614"},{"taxonomy":"product_tag","embeddable":true,"href":"https:\/\/www.danke-galerie.com\/en\/wp-json\/wp\/v2\/product_tag?post=28614"}],"curies":[{"name":"wp","href":"https:\/\/api.w.org\/{rel}","templated":true}]}}