{"id":21362,"date":"2020-10-17T16:30:20","date_gmt":"2020-10-17T16:30:20","guid":{"rendered":"https:\/\/www.danke-galerie.com\/produit\/enfilade-console-vittorio-dassi-design-italien-vintage-buffet\/"},"modified":"2021-01-11T09:36:26","modified_gmt":"2021-01-11T09:36:26","slug":"italian-sideboard-console-attr-to-vittorio-dassi-1960s","status":"publish","type":"product","link":"https:\/\/www.danke-galerie.com\/en\/produit\/italian-sideboard-console-attr-to-vittorio-dassi-1960s\/","title":{"rendered":"Italian Sideboard \/ Console attr. to Vittorio Dassi, 1960s"},"content":{"rendered":"<div class=\"wpb-content-wrapper\"><p>[vc_row][vc_column][vc_custom_heading source=&#8221;post_title&#8221; font_container=&#8221;tag:h1|font_size:16|text_align:center|color:%23606060&#8243; google_fonts=&#8221;font_family:Roboto%3A100%2C100italic%2C300%2C300italic%2Cregular%2Citalic%2C500%2C500italic%2C700%2C700italic%2C900%2C900italic|font_style:400%20regular%3A400%3Anormal&#8221; css=&#8221;.vc_custom_1515421781244{margin-bottom: 15px !important;}&#8221; el_class=&#8221;produitTitre&#8221;][vc_separator][vc_column_text css=&#8221;.vc_custom_1602952704888{margin-bottom: 10px !important;}&#8221;]<span style=\"color: #808080;\">Enfilade italienne des ann\u00e9es 60 attribu\u00e9 au designer Vittorio Dassi. Travail en bois de loupe et acajou. \u00a0Compos\u00e9e d&#8217;une rang\u00e9e de tiroirs et deux caissons \u00e0 portes battantes. Plateau sup\u00e9rieur en verre noir.<\/span><\/p>\n<p>&nbsp;<\/p>\n<p style=\"text-align: left;\"><b><span style=\"color: #808080;\">Designer :\u00a0<\/span><\/b>\u00a0<span style=\"color: #808080;\"><span style=\"caret-color: #808080;\"><i>attribu\u00e9 \u00e0 Vittorio Dassi<\/i><\/span><\/span><\/p>\n<p>[\/vc_column_text][vc_separator][\/vc_column][\/vc_row][vc_row][vc_column][vc_tta_accordion style=&#8221;flat&#8221; shape=&#8221;square&#8221; color=&#8221;white&#8221; c_position=&#8221;right&#8221; active_section=&#8221;287&#8243; no_fill=&#8221;true&#8221; collapsible_all=&#8221;true&#8221;][vc_tta_section title=&#8221;D\u00e9tails (dimensions, \u00e9tat, &#8230;)&#8221; tab_id=&#8221;1514895864283-96537841-14de&#8221;][vc_column_text]<strong style=\"color: #808080;\">Epoque : <\/strong><span style=\"color: #808080;\"><i>1960s<\/i><\/span><\/p>\n<p>&nbsp;<\/p>\n<p><strong style=\"color: #808080;\">Provenance : <\/strong><span style=\"color: #808080;\"><i>Italie\u00a0<\/i><\/span><\/p>\n<p>&nbsp;<\/p>\n<p><span style=\"color: #808080;\"><strong>Dimensions : <\/strong><em>L. 180 cm \/ P. 53 cm \/\u00a0H. 93 cm\u00a0<\/em><\/span><\/p>\n<p>&nbsp;<\/p>\n<p><strong style=\"color: #808080; font-style: italic;\">Condition :<\/strong><i style=\"color: #808080;\">\u00a0Tr\u00e8s bon \u00e9tat vintage.<\/i>[\/vc_column_text][\/vc_tta_section][\/vc_tta_accordion][\/vc_column][\/vc_row][vc_row][vc_column][vc_separator][\/vc_column][\/vc_row][vc_row css=&#8221;.vc_custom_1515423662474{margin-top: 10px !important;}&#8221;][vc_column][vc_tta_accordion style=&#8221;flat&#8221; shape=&#8221;square&#8221; spacing=&#8221;30&#8243; gap=&#8221;35&#8243; c_align=&#8221;center&#8221; c_icon=&#8221;&#8221; active_section=&#8221;287&#8243; no_fill=&#8221;true&#8221; collapsible_all=&#8221;true&#8221;][vc_tta_section title=&#8221;Enquire&#8221; tab_id=&#8221;1514895459596-04ede99c-528f&#8221; el_class=&#8221;commande&#8221;]<p class=\"wpcf7-contact-form-not-found\"><strong>Error:<\/strong> Contact form not found.<\/p>[\/vc_tta_section][\/vc_tta_accordion][\/vc_column][\/vc_row]<\/p>\n<\/div>","protected":false},"excerpt":{"rendered":"<p>Italian Sideboard \/ Console attr. to Vittorio Dassi, 1960s buffet console buffet vittorio dassi italienne vintage design ann\u00e9es 60 \u00e0 tiroirs bois de loupe paolo buffa ico ponti osvaldo borsani ico parisi design ann\u00e9es 60 50 1950 1960<\/p>\n","protected":false},"featured_media":21422,"template":"","meta":[],"product_brand":[],"product_cat":[187],"product_tag":[],"class_list":{"0":"post-21362","1":"product","2":"type-product","3":"status-publish","4":"has-post-thumbnail","6":"product_cat-sold","8":"first","9":"instock","10":"shipping-taxable","11":"product-type-simple"},"yoast_head":"<!-- This site is optimized with the Yoast SEO plugin v26.7 - https:\/\/yoast.com\/wordpress\/plugins\/seo\/ -->\n<title>Italian Sideboard \/ Console attr. to Vittorio Dassi, 1960s - Danke Galerie<\/title>\n<meta name=\"robots\" content=\"index, follow, max-snippet:-1, max-image-preview:large, max-video-preview:-1\" \/>\n<link rel=\"canonical\" href=\"https:\/\/www.danke-galerie.com\/en\/produit\/italian-sideboard-console-attr-to-vittorio-dassi-1960s\/\" \/>\n<meta property=\"og:locale\" content=\"en_US\" \/>\n<meta property=\"og:type\" content=\"article\" \/>\n<meta property=\"og:title\" content=\"Italian Sideboard \/ Console attr. to Vittorio Dassi, 1960s - Danke Galerie\" \/>\n<meta property=\"og:description\" content=\"Italian Sideboard \/ Console attr. to Vittorio Dassi, 1960s buffet console buffet vittorio dassi italienne vintage design ann\u00e9es 60 \u00e0 tiroirs bois de loupe paolo buffa ico ponti osvaldo borsani ico parisi design ann\u00e9es 60 50 1950 1960\" \/>\n<meta property=\"og:url\" content=\"https:\/\/www.danke-galerie.com\/en\/produit\/italian-sideboard-console-attr-to-vittorio-dassi-1960s\/\" \/>\n<meta property=\"og:site_name\" content=\"Danke Galerie\" \/>\n<meta property=\"article:modified_time\" content=\"2021-01-11T09:36:26+00:00\" \/>\n<meta property=\"og:image\" content=\"https:\/\/www.danke-galerie.com\/wp-content\/uploads\/2020\/10\/enfilade-vitorio-dassi-.jpg\" \/>\n\t<meta property=\"og:image:width\" content=\"2048\" \/>\n\t<meta property=\"og:image:height\" content=\"1365\" \/>\n\t<meta property=\"og:image:type\" content=\"image\/jpeg\" \/>\n<meta name=\"twitter:card\" content=\"summary_large_image\" \/>\n<meta name=\"twitter:label1\" content=\"Est. reading time\" \/>\n\t<meta name=\"twitter:data1\" content=\"1 minute\" \/>\n<script type=\"application\/ld+json\" class=\"yoast-schema-graph\">{\"@context\":\"https:\/\/schema.org\",\"@graph\":[{\"@type\":\"WebPage\",\"@id\":\"https:\/\/www.danke-galerie.com\/en\/produit\/italian-sideboard-console-attr-to-vittorio-dassi-1960s\/\",\"url\":\"https:\/\/www.danke-galerie.com\/en\/produit\/italian-sideboard-console-attr-to-vittorio-dassi-1960s\/\",\"name\":\"Italian Sideboard \/ Console attr. to Vittorio Dassi, 1960s - Danke Galerie\",\"isPartOf\":{\"@id\":\"https:\/\/www.danke-galerie.com\/#website\"},\"primaryImageOfPage\":{\"@id\":\"https:\/\/www.danke-galerie.com\/en\/produit\/italian-sideboard-console-attr-to-vittorio-dassi-1960s\/#primaryimage\"},\"image\":{\"@id\":\"https:\/\/www.danke-galerie.com\/en\/produit\/italian-sideboard-console-attr-to-vittorio-dassi-1960s\/#primaryimage\"},\"thumbnailUrl\":\"https:\/\/www.danke-galerie.com\/wp-content\/uploads\/2020\/10\/enfilade-vitorio-dassi-.jpg\",\"datePublished\":\"2020-10-17T16:30:20+00:00\",\"dateModified\":\"2021-01-11T09:36:26+00:00\",\"breadcrumb\":{\"@id\":\"https:\/\/www.danke-galerie.com\/en\/produit\/italian-sideboard-console-attr-to-vittorio-dassi-1960s\/#breadcrumb\"},\"inLanguage\":\"en-US\",\"potentialAction\":[{\"@type\":\"ReadAction\",\"target\":[\"https:\/\/www.danke-galerie.com\/en\/produit\/italian-sideboard-console-attr-to-vittorio-dassi-1960s\/\"]}]},{\"@type\":\"ImageObject\",\"inLanguage\":\"en-US\",\"@id\":\"https:\/\/www.danke-galerie.com\/en\/produit\/italian-sideboard-console-attr-to-vittorio-dassi-1960s\/#primaryimage\",\"url\":\"https:\/\/www.danke-galerie.com\/wp-content\/uploads\/2020\/10\/enfilade-vitorio-dassi-.jpg\",\"contentUrl\":\"https:\/\/www.danke-galerie.com\/wp-content\/uploads\/2020\/10\/enfilade-vitorio-dassi-.jpg\",\"width\":2048,\"height\":1365,\"caption\":\"enfilade console vittorio dassi design italien vintage15\"},{\"@type\":\"BreadcrumbList\",\"@id\":\"https:\/\/www.danke-galerie.com\/en\/produit\/italian-sideboard-console-attr-to-vittorio-dassi-1960s\/#breadcrumb\",\"itemListElement\":[{\"@type\":\"ListItem\",\"position\":1,\"name\":\"Accueil\",\"item\":\"https:\/\/www.danke-galerie.com\/\"},{\"@type\":\"ListItem\",\"position\":2,\"name\":\"Collection &#8211; Danke Galerie &#8211; Vente de mobilier ancien\",\"item\":\"https:\/\/www.danke-galerie.com\/\"},{\"@type\":\"ListItem\",\"position\":3,\"name\":\"Italian Sideboard \/ Console attr. to Vittorio Dassi, 1960s\"}]},{\"@type\":\"WebSite\",\"@id\":\"https:\/\/www.danke-galerie.com\/#website\",\"url\":\"https:\/\/www.danke-galerie.com\/\",\"name\":\"Danke Galerie\",\"description\":\"Vente mobilier du XXeme si\u00e8cle design vintage\",\"potentialAction\":[{\"@type\":\"SearchAction\",\"target\":{\"@type\":\"EntryPoint\",\"urlTemplate\":\"https:\/\/www.danke-galerie.com\/?s={search_term_string}\"},\"query-input\":{\"@type\":\"PropertyValueSpecification\",\"valueRequired\":true,\"valueName\":\"search_term_string\"}}],\"inLanguage\":\"en-US\"}]}<\/script>\n<!-- \/ Yoast SEO plugin. -->","yoast_head_json":{"title":"Italian Sideboard \/ Console attr. to Vittorio Dassi, 1960s - Danke Galerie","robots":{"index":"index","follow":"follow","max-snippet":"max-snippet:-1","max-image-preview":"max-image-preview:large","max-video-preview":"max-video-preview:-1"},"canonical":"https:\/\/www.danke-galerie.com\/en\/produit\/italian-sideboard-console-attr-to-vittorio-dassi-1960s\/","og_locale":"en_US","og_type":"article","og_title":"Italian Sideboard \/ Console attr. to Vittorio Dassi, 1960s - Danke Galerie","og_description":"Italian Sideboard \/ Console attr. to Vittorio Dassi, 1960s buffet console buffet vittorio dassi italienne vintage design ann\u00e9es 60 \u00e0 tiroirs bois de loupe paolo buffa ico ponti osvaldo borsani ico parisi design ann\u00e9es 60 50 1950 1960","og_url":"https:\/\/www.danke-galerie.com\/en\/produit\/italian-sideboard-console-attr-to-vittorio-dassi-1960s\/","og_site_name":"Danke Galerie","article_modified_time":"2021-01-11T09:36:26+00:00","og_image":[{"width":2048,"height":1365,"url":"https:\/\/www.danke-galerie.com\/wp-content\/uploads\/2020\/10\/enfilade-vitorio-dassi-.jpg","type":"image\/jpeg"}],"twitter_card":"summary_large_image","twitter_misc":{"Est. reading time":"1 minute"},"schema":{"@context":"https:\/\/schema.org","@graph":[{"@type":"WebPage","@id":"https:\/\/www.danke-galerie.com\/en\/produit\/italian-sideboard-console-attr-to-vittorio-dassi-1960s\/","url":"https:\/\/www.danke-galerie.com\/en\/produit\/italian-sideboard-console-attr-to-vittorio-dassi-1960s\/","name":"Italian Sideboard \/ Console attr. to Vittorio Dassi, 1960s - Danke Galerie","isPartOf":{"@id":"https:\/\/www.danke-galerie.com\/#website"},"primaryImageOfPage":{"@id":"https:\/\/www.danke-galerie.com\/en\/produit\/italian-sideboard-console-attr-to-vittorio-dassi-1960s\/#primaryimage"},"image":{"@id":"https:\/\/www.danke-galerie.com\/en\/produit\/italian-sideboard-console-attr-to-vittorio-dassi-1960s\/#primaryimage"},"thumbnailUrl":"https:\/\/www.danke-galerie.com\/wp-content\/uploads\/2020\/10\/enfilade-vitorio-dassi-.jpg","datePublished":"2020-10-17T16:30:20+00:00","dateModified":"2021-01-11T09:36:26+00:00","breadcrumb":{"@id":"https:\/\/www.danke-galerie.com\/en\/produit\/italian-sideboard-console-attr-to-vittorio-dassi-1960s\/#breadcrumb"},"inLanguage":"en-US","potentialAction":[{"@type":"ReadAction","target":["https:\/\/www.danke-galerie.com\/en\/produit\/italian-sideboard-console-attr-to-vittorio-dassi-1960s\/"]}]},{"@type":"ImageObject","inLanguage":"en-US","@id":"https:\/\/www.danke-galerie.com\/en\/produit\/italian-sideboard-console-attr-to-vittorio-dassi-1960s\/#primaryimage","url":"https:\/\/www.danke-galerie.com\/wp-content\/uploads\/2020\/10\/enfilade-vitorio-dassi-.jpg","contentUrl":"https:\/\/www.danke-galerie.com\/wp-content\/uploads\/2020\/10\/enfilade-vitorio-dassi-.jpg","width":2048,"height":1365,"caption":"enfilade console vittorio dassi design italien vintage15"},{"@type":"BreadcrumbList","@id":"https:\/\/www.danke-galerie.com\/en\/produit\/italian-sideboard-console-attr-to-vittorio-dassi-1960s\/#breadcrumb","itemListElement":[{"@type":"ListItem","position":1,"name":"Accueil","item":"https:\/\/www.danke-galerie.com\/"},{"@type":"ListItem","position":2,"name":"Collection &#8211; Danke Galerie &#8211; Vente de mobilier ancien","item":"https:\/\/www.danke-galerie.com\/"},{"@type":"ListItem","position":3,"name":"Italian Sideboard \/ Console attr. to Vittorio Dassi, 1960s"}]},{"@type":"WebSite","@id":"https:\/\/www.danke-galerie.com\/#website","url":"https:\/\/www.danke-galerie.com\/","name":"Danke Galerie","description":"Vente mobilier du XXeme si\u00e8cle design vintage","potentialAction":[{"@type":"SearchAction","target":{"@type":"EntryPoint","urlTemplate":"https:\/\/www.danke-galerie.com\/?s={search_term_string}"},"query-input":{"@type":"PropertyValueSpecification","valueRequired":true,"valueName":"search_term_string"}}],"inLanguage":"en-US"}]}},"_links":{"self":[{"href":"https:\/\/www.danke-galerie.com\/en\/wp-json\/wp\/v2\/product\/21362","targetHints":{"allow":["GET"]}}],"collection":[{"href":"https:\/\/www.danke-galerie.com\/en\/wp-json\/wp\/v2\/product"}],"about":[{"href":"https:\/\/www.danke-galerie.com\/en\/wp-json\/wp\/v2\/types\/product"}],"wp:featuredmedia":[{"embeddable":true,"href":"https:\/\/www.danke-galerie.com\/en\/wp-json\/wp\/v2\/media\/21422"}],"wp:attachment":[{"href":"https:\/\/www.danke-galerie.com\/en\/wp-json\/wp\/v2\/media?parent=21362"}],"wp:term":[{"taxonomy":"product_brand","embeddable":true,"href":"https:\/\/www.danke-galerie.com\/en\/wp-json\/wp\/v2\/product_brand?post=21362"},{"taxonomy":"product_cat","embeddable":true,"href":"https:\/\/www.danke-galerie.com\/en\/wp-json\/wp\/v2\/product_cat?post=21362"},{"taxonomy":"product_tag","embeddable":true,"href":"https:\/\/www.danke-galerie.com\/en\/wp-json\/wp\/v2\/product_tag?post=21362"}],"curies":[{"name":"wp","href":"https:\/\/api.w.org\/{rel}","templated":true}]}}