{"id":15597,"date":"2018-01-02T11:50:31","date_gmt":"2018-01-02T11:50:31","guid":{"rendered":"https:\/\/www.danke-galerie.com\/produit\/suite-4-chaises-rene-gabriel-vintage-design-chair-dinning\/"},"modified":"2020-10-20T13:19:19","modified_gmt":"2020-10-20T13:19:19","slug":"set-of-4-chairs-by-rene-gabriel-vintage-design-chair-dining","status":"publish","type":"product","link":"https:\/\/www.danke-galerie.com\/en\/produit\/set-of-4-chairs-by-rene-gabriel-vintage-design-chair-dining\/","title":{"rendered":"Set of 4 chairs by Ren\u00e9 Gabriel vintage design chair dining"},"content":{"rendered":"<div class=\"wpb-content-wrapper\"><p>[vc_row][vc_column][vc_custom_heading source=&#8221;post_title&#8221; font_container=&#8221;tag:h1|font_size:16|text_align:center|color:%23606060&#8243; google_fonts=&#8221;font_family:Roboto%3A100%2C100italic%2C300%2C300italic%2Cregular%2Citalic%2C500%2C500italic%2C700%2C700italic%2C900%2C900italic|font_style:400%20regular%3A400%3Anormal&#8221; css=&#8221;.vc_custom_1515421781244{margin-bottom: 15px !important;}&#8221; el_class=&#8221;produitTitre&#8221;][vc_separator][vc_column_text css=&#8221;.vc_custom_1515585249011{margin-bottom: 10px !important;}&#8221;]<span style=\"color: #808080;\">Suite de quatre chaises du designer Francais Ren\u00e9 Gabriel. Structure en ch\u00eane massif, belle patine du bois.<\/span><\/p>\n<p>&nbsp;<\/p>\n<p><span style=\"color: #808080;\"><strong>Designer: <\/strong><i>Ren\u00e9 Gabriel<\/i><\/span>[\/vc_column_text][vc_separator][\/vc_column][\/vc_row][vc_row][vc_column][vc_tta_accordion style=&#8221;flat&#8221; shape=&#8221;square&#8221; color=&#8221;white&#8221; c_position=&#8221;right&#8221; active_section=&#8221;287&#8243; no_fill=&#8221;true&#8221; collapsible_all=&#8221;true&#8221;][vc_tta_section title=&#8221;D\u00e9tails (dimensions, \u00e9tat, &#8230;)&#8221; tab_id=&#8221;1514895864283-96537841-14de&#8221;][vc_column_text]<span style=\"color: #808080;\"><strong>Dimensions\u00a0:<\/strong>\u00a0<em>L. 43 cm \/P. 40 cm \/H. 79\u00a0cm \/H. assises 44 cm<\/em><\/span><\/p>\n<p>&nbsp;<\/p>\n<p><strong style=\"color: #808080; font-style: italic;\">Condition :<\/strong><i style=\"color: #808080;\"> <span style=\"color: #808080;\">Bon \u00e9tat (un dossier a \u00e9t\u00e9 restaur\u00e9)<\/span><\/i>[\/vc_column_text][\/vc_tta_section][\/vc_tta_accordion][\/vc_column][\/vc_row][vc_row][vc_column][vc_separator][\/vc_column][\/vc_row][vc_row][vc_column][\/vc_column][\/vc_row][vc_row css=&#8221;.vc_custom_1515423662474{margin-top: 10px !important;}&#8221;][vc_column][vc_tta_accordion style=&#8221;flat&#8221; shape=&#8221;square&#8221; spacing=&#8221;30&#8243; gap=&#8221;35&#8243; c_align=&#8221;center&#8221; c_icon=&#8221;&#8221; active_section=&#8221;287&#8243; no_fill=&#8221;true&#8221; collapsible_all=&#8221;true&#8221;][vc_tta_section title=&#8221;Enquire&#8221; tab_id=&#8221;1514895459596-04ede99c-528f&#8221; el_class=&#8221;commande&#8221;]<p class=\"wpcf7-contact-form-not-found\"><strong>Error:<\/strong> Contact form not found.<\/p>[\/vc_tta_section][\/vc_tta_accordion][\/vc_column][\/vc_row]<\/p>\n<\/div>","protected":false},"excerpt":{"rendered":"<div class=\"wpb_text_column wpb_content_element \">Set of 4 chairs by Ren\u00e9 Gabriel vintage design chair dining french franchise design designer danke galerie vintage scandinave ann\u00e9es 60 50 armchair<\/div>\n","protected":false},"featured_media":11791,"template":"","meta":[],"product_brand":[],"product_cat":[172,171,187],"product_tag":[],"class_list":{"0":"post-15597","1":"product","2":"type-product","3":"status-publish","4":"has-post-thumbnail","6":"product_cat-chairs","7":"product_cat-seating","8":"product_cat-sold","10":"first","11":"instock","12":"shipping-taxable","13":"product-type-simple"},"yoast_head":"<!-- This site is optimized with the Yoast SEO plugin v26.7 - https:\/\/yoast.com\/wordpress\/plugins\/seo\/ -->\n<title>Set of 4 chairs by Ren\u00e9 Gabriel vintage design chair dining - Danke Galerie<\/title>\n<meta name=\"robots\" content=\"index, follow, max-snippet:-1, max-image-preview:large, max-video-preview:-1\" \/>\n<link rel=\"canonical\" href=\"https:\/\/www.danke-galerie.com\/en\/produit\/set-of-4-chairs-by-rene-gabriel-vintage-design-chair-dining\/\" \/>\n<meta property=\"og:locale\" content=\"en_US\" \/>\n<meta property=\"og:type\" content=\"article\" \/>\n<meta property=\"og:title\" content=\"Set of 4 chairs by Ren\u00e9 Gabriel vintage design chair dining - Danke Galerie\" \/>\n<meta property=\"og:description\" content=\"Set of 4 chairs by Ren\u00e9 Gabriel vintage design chair dining french franchise design designer danke galerie vintage scandinave ann\u00e9es 60 50 armchair\" \/>\n<meta property=\"og:url\" content=\"https:\/\/www.danke-galerie.com\/en\/produit\/set-of-4-chairs-by-rene-gabriel-vintage-design-chair-dining\/\" \/>\n<meta property=\"og:site_name\" content=\"Danke Galerie\" \/>\n<meta property=\"article:modified_time\" content=\"2020-10-20T13:19:19+00:00\" \/>\n<meta property=\"og:image\" content=\"https:\/\/www.danke-galerie.com\/wp-content\/uploads\/2018\/01\/Suite-4-chaises-Ren\u00e9-Gabriel-vintage-design-chair-dinning00006.jpg\" \/>\n\t<meta property=\"og:image:width\" content=\"2048\" \/>\n\t<meta property=\"og:image:height\" content=\"1365\" \/>\n\t<meta property=\"og:image:type\" content=\"image\/jpeg\" \/>\n<meta name=\"twitter:card\" content=\"summary_large_image\" \/>\n<meta name=\"twitter:label1\" content=\"Est. reading time\" \/>\n\t<meta name=\"twitter:data1\" content=\"1 minute\" \/>\n<script type=\"application\/ld+json\" class=\"yoast-schema-graph\">{\"@context\":\"https:\/\/schema.org\",\"@graph\":[{\"@type\":\"WebPage\",\"@id\":\"https:\/\/www.danke-galerie.com\/en\/produit\/set-of-4-chairs-by-rene-gabriel-vintage-design-chair-dining\/\",\"url\":\"https:\/\/www.danke-galerie.com\/en\/produit\/set-of-4-chairs-by-rene-gabriel-vintage-design-chair-dining\/\",\"name\":\"Set of 4 chairs by Ren\u00e9 Gabriel vintage design chair dining - Danke Galerie\",\"isPartOf\":{\"@id\":\"https:\/\/www.danke-galerie.com\/#website\"},\"primaryImageOfPage\":{\"@id\":\"https:\/\/www.danke-galerie.com\/en\/produit\/set-of-4-chairs-by-rene-gabriel-vintage-design-chair-dining\/#primaryimage\"},\"image\":{\"@id\":\"https:\/\/www.danke-galerie.com\/en\/produit\/set-of-4-chairs-by-rene-gabriel-vintage-design-chair-dining\/#primaryimage\"},\"thumbnailUrl\":\"https:\/\/www.danke-galerie.com\/wp-content\/uploads\/2018\/01\/Suite-4-chaises-Ren\u00e9-Gabriel-vintage-design-chair-dinning00006.jpg\",\"datePublished\":\"2018-01-02T11:50:31+00:00\",\"dateModified\":\"2020-10-20T13:19:19+00:00\",\"breadcrumb\":{\"@id\":\"https:\/\/www.danke-galerie.com\/en\/produit\/set-of-4-chairs-by-rene-gabriel-vintage-design-chair-dining\/#breadcrumb\"},\"inLanguage\":\"en-US\",\"potentialAction\":[{\"@type\":\"ReadAction\",\"target\":[\"https:\/\/www.danke-galerie.com\/en\/produit\/set-of-4-chairs-by-rene-gabriel-vintage-design-chair-dining\/\"]}]},{\"@type\":\"ImageObject\",\"inLanguage\":\"en-US\",\"@id\":\"https:\/\/www.danke-galerie.com\/en\/produit\/set-of-4-chairs-by-rene-gabriel-vintage-design-chair-dining\/#primaryimage\",\"url\":\"https:\/\/www.danke-galerie.com\/wp-content\/uploads\/2018\/01\/Suite-4-chaises-Ren\u00e9-Gabriel-vintage-design-chair-dinning00006.jpg\",\"contentUrl\":\"https:\/\/www.danke-galerie.com\/wp-content\/uploads\/2018\/01\/Suite-4-chaises-Ren\u00e9-Gabriel-vintage-design-chair-dinning00006.jpg\",\"width\":2048,\"height\":1365,\"caption\":\"Suite 4 chaises Ren\u00e9 Gabriel vintage design chair dinning\"},{\"@type\":\"BreadcrumbList\",\"@id\":\"https:\/\/www.danke-galerie.com\/en\/produit\/set-of-4-chairs-by-rene-gabriel-vintage-design-chair-dining\/#breadcrumb\",\"itemListElement\":[{\"@type\":\"ListItem\",\"position\":1,\"name\":\"Accueil\",\"item\":\"https:\/\/www.danke-galerie.com\/\"},{\"@type\":\"ListItem\",\"position\":2,\"name\":\"Collection &#8211; Danke Galerie &#8211; Vente de mobilier ancien\",\"item\":\"https:\/\/www.danke-galerie.com\/\"},{\"@type\":\"ListItem\",\"position\":3,\"name\":\"Set of 4 chairs by Ren\u00e9 Gabriel vintage design chair dining\"}]},{\"@type\":\"WebSite\",\"@id\":\"https:\/\/www.danke-galerie.com\/#website\",\"url\":\"https:\/\/www.danke-galerie.com\/\",\"name\":\"Danke Galerie\",\"description\":\"Vente mobilier du XXeme si\u00e8cle design vintage\",\"potentialAction\":[{\"@type\":\"SearchAction\",\"target\":{\"@type\":\"EntryPoint\",\"urlTemplate\":\"https:\/\/www.danke-galerie.com\/?s={search_term_string}\"},\"query-input\":{\"@type\":\"PropertyValueSpecification\",\"valueRequired\":true,\"valueName\":\"search_term_string\"}}],\"inLanguage\":\"en-US\"}]}<\/script>\n<!-- \/ Yoast SEO plugin. -->","yoast_head_json":{"title":"Set of 4 chairs by Ren\u00e9 Gabriel vintage design chair dining - Danke Galerie","robots":{"index":"index","follow":"follow","max-snippet":"max-snippet:-1","max-image-preview":"max-image-preview:large","max-video-preview":"max-video-preview:-1"},"canonical":"https:\/\/www.danke-galerie.com\/en\/produit\/set-of-4-chairs-by-rene-gabriel-vintage-design-chair-dining\/","og_locale":"en_US","og_type":"article","og_title":"Set of 4 chairs by Ren\u00e9 Gabriel vintage design chair dining - Danke Galerie","og_description":"Set of 4 chairs by Ren\u00e9 Gabriel vintage design chair dining french franchise design designer danke galerie vintage scandinave ann\u00e9es 60 50 armchair","og_url":"https:\/\/www.danke-galerie.com\/en\/produit\/set-of-4-chairs-by-rene-gabriel-vintage-design-chair-dining\/","og_site_name":"Danke Galerie","article_modified_time":"2020-10-20T13:19:19+00:00","og_image":[{"width":2048,"height":1365,"url":"https:\/\/www.danke-galerie.com\/wp-content\/uploads\/2018\/01\/Suite-4-chaises-Ren\u00e9-Gabriel-vintage-design-chair-dinning00006.jpg","type":"image\/jpeg"}],"twitter_card":"summary_large_image","twitter_misc":{"Est. reading time":"1 minute"},"schema":{"@context":"https:\/\/schema.org","@graph":[{"@type":"WebPage","@id":"https:\/\/www.danke-galerie.com\/en\/produit\/set-of-4-chairs-by-rene-gabriel-vintage-design-chair-dining\/","url":"https:\/\/www.danke-galerie.com\/en\/produit\/set-of-4-chairs-by-rene-gabriel-vintage-design-chair-dining\/","name":"Set of 4 chairs by Ren\u00e9 Gabriel vintage design chair dining - Danke Galerie","isPartOf":{"@id":"https:\/\/www.danke-galerie.com\/#website"},"primaryImageOfPage":{"@id":"https:\/\/www.danke-galerie.com\/en\/produit\/set-of-4-chairs-by-rene-gabriel-vintage-design-chair-dining\/#primaryimage"},"image":{"@id":"https:\/\/www.danke-galerie.com\/en\/produit\/set-of-4-chairs-by-rene-gabriel-vintage-design-chair-dining\/#primaryimage"},"thumbnailUrl":"https:\/\/www.danke-galerie.com\/wp-content\/uploads\/2018\/01\/Suite-4-chaises-Ren\u00e9-Gabriel-vintage-design-chair-dinning00006.jpg","datePublished":"2018-01-02T11:50:31+00:00","dateModified":"2020-10-20T13:19:19+00:00","breadcrumb":{"@id":"https:\/\/www.danke-galerie.com\/en\/produit\/set-of-4-chairs-by-rene-gabriel-vintage-design-chair-dining\/#breadcrumb"},"inLanguage":"en-US","potentialAction":[{"@type":"ReadAction","target":["https:\/\/www.danke-galerie.com\/en\/produit\/set-of-4-chairs-by-rene-gabriel-vintage-design-chair-dining\/"]}]},{"@type":"ImageObject","inLanguage":"en-US","@id":"https:\/\/www.danke-galerie.com\/en\/produit\/set-of-4-chairs-by-rene-gabriel-vintage-design-chair-dining\/#primaryimage","url":"https:\/\/www.danke-galerie.com\/wp-content\/uploads\/2018\/01\/Suite-4-chaises-Ren\u00e9-Gabriel-vintage-design-chair-dinning00006.jpg","contentUrl":"https:\/\/www.danke-galerie.com\/wp-content\/uploads\/2018\/01\/Suite-4-chaises-Ren\u00e9-Gabriel-vintage-design-chair-dinning00006.jpg","width":2048,"height":1365,"caption":"Suite 4 chaises Ren\u00e9 Gabriel vintage design chair dinning"},{"@type":"BreadcrumbList","@id":"https:\/\/www.danke-galerie.com\/en\/produit\/set-of-4-chairs-by-rene-gabriel-vintage-design-chair-dining\/#breadcrumb","itemListElement":[{"@type":"ListItem","position":1,"name":"Accueil","item":"https:\/\/www.danke-galerie.com\/"},{"@type":"ListItem","position":2,"name":"Collection &#8211; Danke Galerie &#8211; Vente de mobilier ancien","item":"https:\/\/www.danke-galerie.com\/"},{"@type":"ListItem","position":3,"name":"Set of 4 chairs by Ren\u00e9 Gabriel vintage design chair dining"}]},{"@type":"WebSite","@id":"https:\/\/www.danke-galerie.com\/#website","url":"https:\/\/www.danke-galerie.com\/","name":"Danke Galerie","description":"Vente mobilier du XXeme si\u00e8cle design vintage","potentialAction":[{"@type":"SearchAction","target":{"@type":"EntryPoint","urlTemplate":"https:\/\/www.danke-galerie.com\/?s={search_term_string}"},"query-input":{"@type":"PropertyValueSpecification","valueRequired":true,"valueName":"search_term_string"}}],"inLanguage":"en-US"}]}},"_links":{"self":[{"href":"https:\/\/www.danke-galerie.com\/en\/wp-json\/wp\/v2\/product\/15597","targetHints":{"allow":["GET"]}}],"collection":[{"href":"https:\/\/www.danke-galerie.com\/en\/wp-json\/wp\/v2\/product"}],"about":[{"href":"https:\/\/www.danke-galerie.com\/en\/wp-json\/wp\/v2\/types\/product"}],"wp:featuredmedia":[{"embeddable":true,"href":"https:\/\/www.danke-galerie.com\/en\/wp-json\/wp\/v2\/media\/11791"}],"wp:attachment":[{"href":"https:\/\/www.danke-galerie.com\/en\/wp-json\/wp\/v2\/media?parent=15597"}],"wp:term":[{"taxonomy":"product_brand","embeddable":true,"href":"https:\/\/www.danke-galerie.com\/en\/wp-json\/wp\/v2\/product_brand?post=15597"},{"taxonomy":"product_cat","embeddable":true,"href":"https:\/\/www.danke-galerie.com\/en\/wp-json\/wp\/v2\/product_cat?post=15597"},{"taxonomy":"product_tag","embeddable":true,"href":"https:\/\/www.danke-galerie.com\/en\/wp-json\/wp\/v2\/product_tag?post=15597"}],"curies":[{"name":"wp","href":"https:\/\/api.w.org\/{rel}","templated":true}]}}