{"id":15456,"date":"2018-07-14T06:58:33","date_gmt":"2018-07-14T06:58:33","guid":{"rendered":"https:\/\/www.danke-galerie.com\/produit\/pk20-poul-kjaerholm-chauffeuse-cuir-havane-design-scandinave\/"},"modified":"2020-06-02T09:35:09","modified_gmt":"2020-06-02T09:35:09","slug":"lounge-chair-by-poul-kjaerholm-model-pk20-e-kold-christensen-1968","status":"publish","type":"product","link":"https:\/\/www.danke-galerie.com\/en\/produit\/lounge-chair-by-poul-kjaerholm-model-pk20-e-kold-christensen-1968\/","title":{"rendered":"Lounge Chair by Poul Kjaerholm Model PK20, E. Kold Christensen, 1968"},"content":{"rendered":"<div class=\"wpb-content-wrapper\"><p>[vc_row][vc_column][vc_custom_heading source=&#8221;post_title&#8221; font_container=&#8221;tag:h1|font_size:16|text_align:center|color:%23606060&#8243; google_fonts=&#8221;font_family:Roboto%3A100%2C100italic%2C300%2C300italic%2Cregular%2Citalic%2C500%2C500italic%2C700%2C700italic%2C900%2C900italic|font_style:400%20regular%3A400%3Anormal&#8221; css=&#8221;.vc_custom_1515421781244{margin-bottom: 15px !important;}&#8221; el_class=&#8221;produitTitre&#8221;][vc_separator][vc_column_text css=&#8221;.vc_custom_1531551579876{margin-bottom: 10px !important;}&#8221;]<span style=\"color: #808080;\">Rare premi\u00e8re \u00e9dition du chauffeuse PK20 con\u00e7ue en 1968 par le designer danois Poul Kjaerholm et \u00e9dit\u00e9e par Kold christensen. Structure en acier inoxydable et assise en cuir havane patin\u00e9 d&#8217;origine. Estampille de l&#8217;\u00e9diteur Kold Christensen sous la latte centrale situ\u00e9e sous le fauteuil. A l&#8217;origine le PK20 \u00e9tait \u00e9dit\u00e9 en deux formats : un model dossier haut et un model dossier bas. il s&#8217;agit ici de la version dossier bas beaucoup plus rare, cette version n&#8217;est plus \u00e9dit\u00e9 actuellement.<\/span><\/p>\n<p>&nbsp;<\/p>\n<p><b><span style=\"color: #808080;\">Designer : <\/span><\/b><em><span style=\"color: #808080;\">Poul Kjaerholm<\/span><\/em><\/p>\n<p>&nbsp;<\/p>\n<p><span style=\"color: #808080;\"><b>Editeur :<\/b><em>\u00a0Kold Christensen<\/em><\/span>[\/vc_column_text][vc_separator][\/vc_column][\/vc_row][vc_row][vc_column][vc_tta_accordion style=&#8221;flat&#8221; shape=&#8221;square&#8221; color=&#8221;white&#8221; c_position=&#8221;right&#8221; active_section=&#8221;287&#8243; no_fill=&#8221;true&#8221; collapsible_all=&#8221;true&#8221;][vc_tta_section title=&#8221;D\u00e9tails (dimensions, \u00e9tat, &#8230;)&#8221; tab_id=&#8221;1514895864283-96537841-14de&#8221;][vc_column_text]<span style=\"color: #808080;\"><strong>Epoque :<\/strong> <em>Ann\u00e9es 70\u00a0<\/em><\/span><\/p>\n<p>&nbsp;<\/p>\n<p><span style=\"color: #808080;\"><strong>Provenance : <\/strong><i>Denmark<\/i><\/span><\/p>\n<p>&nbsp;<\/p>\n<p><span style=\"color: #808080;\"><strong>Dimensions : <\/strong><em>L. 81 cm \/ P. 75 cm \/\u00a0H. 80 cm \/ H. assises 37 cm<\/em><\/span><\/p>\n<p>&nbsp;<\/p>\n<p><strong style=\"color: #808080; font-style: italic;\">Condition :<\/strong><i style=\"color: #808080;\">\u00a0Excellent \u00e9tat vintage. Belle patine du cuir havane. L\u00e9g\u00e8re oxydation sur le pi\u00e9tement. (Cf. Photos)<\/i>[\/vc_column_text][\/vc_tta_section][\/vc_tta_accordion][\/vc_column][\/vc_row][vc_row][vc_column][vc_separator][\/vc_column][\/vc_row][vc_row][vc_column][vc_column_text css=&#8221;.vc_custom_1591090505993{margin-bottom: 10px !important;}&#8221;]<span style=\"color: #808080;\"><strong>Price :<\/strong>\u00a0sold<\/span>[\/vc_column_text][\/vc_column][\/vc_row][vc_row css=&#8221;.vc_custom_1515423662474{margin-top: 10px !important;}&#8221;][vc_column][vc_tta_accordion style=&#8221;flat&#8221; shape=&#8221;square&#8221; spacing=&#8221;30&#8243; gap=&#8221;35&#8243; c_align=&#8221;center&#8221; c_icon=&#8221;&#8221; active_section=&#8221;287&#8243; no_fill=&#8221;true&#8221; collapsible_all=&#8221;true&#8221;][vc_tta_section title=&#8221;Enquire&#8221; tab_id=&#8221;1514895459596-04ede99c-528f&#8221; el_class=&#8221;commande&#8221;]<p class=\"wpcf7-contact-form-not-found\"><strong>Error:<\/strong> Contact form not found.<\/p>[\/vc_tta_section][\/vc_tta_accordion][\/vc_column][\/vc_row]<\/p>\n<\/div>","protected":false},"excerpt":{"rendered":"<div class=\"wpb_text_column wpb_content_element \">\n<p>Lounge Chair by Poul Kjaerholm Model PK20, E. Kold Christensen, 1968<\/p>\n<p>&nbsp;<\/p>\n<\/div>\n","protected":false},"featured_media":9127,"template":"","meta":[],"product_brand":[],"product_cat":[187],"product_tag":[],"class_list":{"0":"post-15456","1":"product","2":"type-product","3":"status-publish","4":"has-post-thumbnail","6":"product_cat-sold","8":"first","9":"instock","10":"shipping-taxable","11":"product-type-simple"},"yoast_head":"<!-- This site is optimized with the Yoast SEO plugin v26.7 - https:\/\/yoast.com\/wordpress\/plugins\/seo\/ -->\n<title>Lounge Chair by Poul Kjaerholm Model PK20, E. Kold Christensen, 1968 - Danke Galerie<\/title>\n<meta name=\"robots\" content=\"index, follow, max-snippet:-1, max-image-preview:large, max-video-preview:-1\" \/>\n<link rel=\"canonical\" href=\"https:\/\/www.danke-galerie.com\/produit\/pk20-poul-kjaerholm-chauffeuse-cuir-havane-design-scandinave\/\" \/>\n<meta property=\"og:locale\" content=\"en_US\" \/>\n<meta property=\"og:type\" content=\"article\" \/>\n<meta property=\"og:title\" content=\"Lounge Chair by Poul Kjaerholm Model PK20, E. Kold Christensen, 1968 - Danke Galerie\" \/>\n<meta property=\"og:description\" content=\"Lounge Chair by Poul Kjaerholm Model PK20, E. Kold Christensen, 1968  &nbsp;\" \/>\n<meta property=\"og:url\" content=\"https:\/\/www.danke-galerie.com\/produit\/pk20-poul-kjaerholm-chauffeuse-cuir-havane-design-scandinave\/\" \/>\n<meta property=\"og:site_name\" content=\"Danke Galerie\" \/>\n<meta property=\"article:modified_time\" content=\"2020-06-02T09:35:09+00:00\" \/>\n<meta property=\"og:image\" content=\"https:\/\/www.danke-galerie.com\/wp-content\/uploads\/2018\/07\/PK20-Poul-Kjaerholm-chauffeuse-danois-design-scandinavian-danke-galerie-40.jpg\" \/>\n\t<meta property=\"og:image:width\" content=\"2048\" \/>\n\t<meta property=\"og:image:height\" content=\"1365\" \/>\n\t<meta property=\"og:image:type\" content=\"image\/jpeg\" \/>\n<meta name=\"twitter:card\" content=\"summary_large_image\" \/>\n<meta name=\"twitter:label1\" content=\"Est. reading time\" \/>\n\t<meta name=\"twitter:data1\" content=\"2 minutes\" \/>\n<script type=\"application\/ld+json\" class=\"yoast-schema-graph\">{\"@context\":\"https:\/\/schema.org\",\"@graph\":[{\"@type\":\"WebPage\",\"@id\":\"https:\/\/www.danke-galerie.com\/produit\/pk20-poul-kjaerholm-chauffeuse-cuir-havane-design-scandinave\/\",\"url\":\"https:\/\/www.danke-galerie.com\/produit\/pk20-poul-kjaerholm-chauffeuse-cuir-havane-design-scandinave\/\",\"name\":\"Lounge Chair by Poul Kjaerholm Model PK20, E. Kold Christensen, 1968 - Danke Galerie\",\"isPartOf\":{\"@id\":\"https:\/\/www.danke-galerie.com\/#website\"},\"primaryImageOfPage\":{\"@id\":\"https:\/\/www.danke-galerie.com\/produit\/pk20-poul-kjaerholm-chauffeuse-cuir-havane-design-scandinave\/#primaryimage\"},\"image\":{\"@id\":\"https:\/\/www.danke-galerie.com\/produit\/pk20-poul-kjaerholm-chauffeuse-cuir-havane-design-scandinave\/#primaryimage\"},\"thumbnailUrl\":\"https:\/\/www.danke-galerie.com\/wp-content\/uploads\/2018\/07\/PK20-Poul-Kjaerholm-chauffeuse-danois-design-scandinavian-danke-galerie-40.jpg\",\"datePublished\":\"2018-07-14T06:58:33+00:00\",\"dateModified\":\"2020-06-02T09:35:09+00:00\",\"breadcrumb\":{\"@id\":\"https:\/\/www.danke-galerie.com\/produit\/pk20-poul-kjaerholm-chauffeuse-cuir-havane-design-scandinave\/#breadcrumb\"},\"inLanguage\":\"en-US\",\"potentialAction\":[{\"@type\":\"ReadAction\",\"target\":[\"https:\/\/www.danke-galerie.com\/produit\/pk20-poul-kjaerholm-chauffeuse-cuir-havane-design-scandinave\/\"]}]},{\"@type\":\"ImageObject\",\"inLanguage\":\"en-US\",\"@id\":\"https:\/\/www.danke-galerie.com\/produit\/pk20-poul-kjaerholm-chauffeuse-cuir-havane-design-scandinave\/#primaryimage\",\"url\":\"https:\/\/www.danke-galerie.com\/wp-content\/uploads\/2018\/07\/PK20-Poul-Kjaerholm-chauffeuse-danois-design-scandinavian-danke-galerie-40.jpg\",\"contentUrl\":\"https:\/\/www.danke-galerie.com\/wp-content\/uploads\/2018\/07\/PK20-Poul-Kjaerholm-chauffeuse-danois-design-scandinavian-danke-galerie-40.jpg\",\"width\":2048,\"height\":1365,\"caption\":\"PK20 Poul Kjaerholm chauffeuse danois design scandinavian danke galerie 40\"},{\"@type\":\"BreadcrumbList\",\"@id\":\"https:\/\/www.danke-galerie.com\/produit\/pk20-poul-kjaerholm-chauffeuse-cuir-havane-design-scandinave\/#breadcrumb\",\"itemListElement\":[{\"@type\":\"ListItem\",\"position\":1,\"name\":\"Accueil\",\"item\":\"https:\/\/www.danke-galerie.com\/\"},{\"@type\":\"ListItem\",\"position\":2,\"name\":\"Collection &#8211; Danke Galerie &#8211; Vente de mobilier ancien\",\"item\":\"https:\/\/www.danke-galerie.com\/\"},{\"@type\":\"ListItem\",\"position\":3,\"name\":\"Lounge Chair by Poul Kjaerholm Model PK20, E. Kold Christensen, 1968\"}]},{\"@type\":\"WebSite\",\"@id\":\"https:\/\/www.danke-galerie.com\/#website\",\"url\":\"https:\/\/www.danke-galerie.com\/\",\"name\":\"Danke Galerie\",\"description\":\"Vente mobilier du XXeme si\u00e8cle design vintage\",\"potentialAction\":[{\"@type\":\"SearchAction\",\"target\":{\"@type\":\"EntryPoint\",\"urlTemplate\":\"https:\/\/www.danke-galerie.com\/?s={search_term_string}\"},\"query-input\":{\"@type\":\"PropertyValueSpecification\",\"valueRequired\":true,\"valueName\":\"search_term_string\"}}],\"inLanguage\":\"en-US\"}]}<\/script>\n<!-- \/ Yoast SEO plugin. -->","yoast_head_json":{"title":"Lounge Chair by Poul Kjaerholm Model PK20, E. Kold Christensen, 1968 - Danke Galerie","robots":{"index":"index","follow":"follow","max-snippet":"max-snippet:-1","max-image-preview":"max-image-preview:large","max-video-preview":"max-video-preview:-1"},"canonical":"https:\/\/www.danke-galerie.com\/produit\/pk20-poul-kjaerholm-chauffeuse-cuir-havane-design-scandinave\/","og_locale":"en_US","og_type":"article","og_title":"Lounge Chair by Poul Kjaerholm Model PK20, E. Kold Christensen, 1968 - Danke Galerie","og_description":"Lounge Chair by Poul Kjaerholm Model PK20, E. Kold Christensen, 1968  &nbsp;","og_url":"https:\/\/www.danke-galerie.com\/produit\/pk20-poul-kjaerholm-chauffeuse-cuir-havane-design-scandinave\/","og_site_name":"Danke Galerie","article_modified_time":"2020-06-02T09:35:09+00:00","og_image":[{"width":2048,"height":1365,"url":"https:\/\/www.danke-galerie.com\/wp-content\/uploads\/2018\/07\/PK20-Poul-Kjaerholm-chauffeuse-danois-design-scandinavian-danke-galerie-40.jpg","type":"image\/jpeg"}],"twitter_card":"summary_large_image","twitter_misc":{"Est. reading time":"2 minutes"},"schema":{"@context":"https:\/\/schema.org","@graph":[{"@type":"WebPage","@id":"https:\/\/www.danke-galerie.com\/produit\/pk20-poul-kjaerholm-chauffeuse-cuir-havane-design-scandinave\/","url":"https:\/\/www.danke-galerie.com\/produit\/pk20-poul-kjaerholm-chauffeuse-cuir-havane-design-scandinave\/","name":"Lounge Chair by Poul Kjaerholm Model PK20, E. Kold Christensen, 1968 - Danke Galerie","isPartOf":{"@id":"https:\/\/www.danke-galerie.com\/#website"},"primaryImageOfPage":{"@id":"https:\/\/www.danke-galerie.com\/produit\/pk20-poul-kjaerholm-chauffeuse-cuir-havane-design-scandinave\/#primaryimage"},"image":{"@id":"https:\/\/www.danke-galerie.com\/produit\/pk20-poul-kjaerholm-chauffeuse-cuir-havane-design-scandinave\/#primaryimage"},"thumbnailUrl":"https:\/\/www.danke-galerie.com\/wp-content\/uploads\/2018\/07\/PK20-Poul-Kjaerholm-chauffeuse-danois-design-scandinavian-danke-galerie-40.jpg","datePublished":"2018-07-14T06:58:33+00:00","dateModified":"2020-06-02T09:35:09+00:00","breadcrumb":{"@id":"https:\/\/www.danke-galerie.com\/produit\/pk20-poul-kjaerholm-chauffeuse-cuir-havane-design-scandinave\/#breadcrumb"},"inLanguage":"en-US","potentialAction":[{"@type":"ReadAction","target":["https:\/\/www.danke-galerie.com\/produit\/pk20-poul-kjaerholm-chauffeuse-cuir-havane-design-scandinave\/"]}]},{"@type":"ImageObject","inLanguage":"en-US","@id":"https:\/\/www.danke-galerie.com\/produit\/pk20-poul-kjaerholm-chauffeuse-cuir-havane-design-scandinave\/#primaryimage","url":"https:\/\/www.danke-galerie.com\/wp-content\/uploads\/2018\/07\/PK20-Poul-Kjaerholm-chauffeuse-danois-design-scandinavian-danke-galerie-40.jpg","contentUrl":"https:\/\/www.danke-galerie.com\/wp-content\/uploads\/2018\/07\/PK20-Poul-Kjaerholm-chauffeuse-danois-design-scandinavian-danke-galerie-40.jpg","width":2048,"height":1365,"caption":"PK20 Poul Kjaerholm chauffeuse danois design scandinavian danke galerie 40"},{"@type":"BreadcrumbList","@id":"https:\/\/www.danke-galerie.com\/produit\/pk20-poul-kjaerholm-chauffeuse-cuir-havane-design-scandinave\/#breadcrumb","itemListElement":[{"@type":"ListItem","position":1,"name":"Accueil","item":"https:\/\/www.danke-galerie.com\/"},{"@type":"ListItem","position":2,"name":"Collection &#8211; Danke Galerie &#8211; Vente de mobilier ancien","item":"https:\/\/www.danke-galerie.com\/"},{"@type":"ListItem","position":3,"name":"Lounge Chair by Poul Kjaerholm Model PK20, E. Kold Christensen, 1968"}]},{"@type":"WebSite","@id":"https:\/\/www.danke-galerie.com\/#website","url":"https:\/\/www.danke-galerie.com\/","name":"Danke Galerie","description":"Vente mobilier du XXeme si\u00e8cle design vintage","potentialAction":[{"@type":"SearchAction","target":{"@type":"EntryPoint","urlTemplate":"https:\/\/www.danke-galerie.com\/?s={search_term_string}"},"query-input":{"@type":"PropertyValueSpecification","valueRequired":true,"valueName":"search_term_string"}}],"inLanguage":"en-US"}]}},"_links":{"self":[{"href":"https:\/\/www.danke-galerie.com\/en\/wp-json\/wp\/v2\/product\/15456","targetHints":{"allow":["GET"]}}],"collection":[{"href":"https:\/\/www.danke-galerie.com\/en\/wp-json\/wp\/v2\/product"}],"about":[{"href":"https:\/\/www.danke-galerie.com\/en\/wp-json\/wp\/v2\/types\/product"}],"wp:featuredmedia":[{"embeddable":true,"href":"https:\/\/www.danke-galerie.com\/en\/wp-json\/wp\/v2\/media\/9127"}],"wp:attachment":[{"href":"https:\/\/www.danke-galerie.com\/en\/wp-json\/wp\/v2\/media?parent=15456"}],"wp:term":[{"taxonomy":"product_brand","embeddable":true,"href":"https:\/\/www.danke-galerie.com\/en\/wp-json\/wp\/v2\/product_brand?post=15456"},{"taxonomy":"product_cat","embeddable":true,"href":"https:\/\/www.danke-galerie.com\/en\/wp-json\/wp\/v2\/product_cat?post=15456"},{"taxonomy":"product_tag","embeddable":true,"href":"https:\/\/www.danke-galerie.com\/en\/wp-json\/wp\/v2\/product_tag?post=15456"}],"curies":[{"name":"wp","href":"https:\/\/api.w.org\/{rel}","templated":true}]}}