{"id":15068,"date":"2018-09-20T10:44:05","date_gmt":"2018-09-20T10:44:05","guid":{"rendered":"https:\/\/www.danke-galerie.com\/produit\/grande-enfilade-danoise-scandinave-en-palissandre-de-rio-280-cm-style-arne-vodder\/"},"modified":"2019-03-19T16:47:25","modified_gmt":"2019-03-19T16:47:25","slug":"large-danish-sideboard-by-henning-kjaernulf-in-rosewood-1960s","status":"publish","type":"product","link":"https:\/\/www.danke-galerie.com\/en\/produit\/large-danish-sideboard-by-henning-kjaernulf-in-rosewood-1960s\/","title":{"rendered":"Large Danish Sideboard by Henning Kjaernulf in Rosewood, 1960s"},"content":{"rendered":"<div class=\"wpb-content-wrapper\"><p>[vc_row][vc_column][vc_custom_heading source=&#8221;post_title&#8221; font_container=&#8221;tag:h1|font_size:16|text_align:center|color:%23606060&#8243; google_fonts=&#8221;font_family:Roboto%3A100%2C100italic%2C300%2C300italic%2Cregular%2Citalic%2C500%2C500italic%2C700%2C700italic%2C900%2C900italic|font_style:400%20regular%3A400%3Anormal&#8221; css=&#8221;.vc_custom_1515421781244{margin-bottom: 15px !important;}&#8221; el_class=&#8221;produitTitre&#8221;][vc_separator][vc_column_text css=&#8221;.vc_custom_1538470799659{margin-bottom: 10px !important;}&#8221;]<span style=\"color: #808080;\">Tr\u00e8s grande enfilade danoise de Henning Kjaernulf pour Bruno Hansen en palissandre de rio. Elle est compos\u00e9e de deux portes coulissantes \u00e0 rideau avec deux poign\u00e9es en bois sculpt\u00e9. Vous trouverez \u00e0 l&#8217;int\u00e9rieur deux rang\u00e9es de 4 tiroirs au centre de l&#8217;enfilade et deux grands compartiments aux extr\u00e9mit\u00e9s (possibilit\u00e9 de joindre des \u00e9tag\u00e8res sur demande). \u00a0repose sur 6 pieds en palissandre massif. Une ligne tr\u00e8s minimaliste et rare de part ses proportions hors normes.<\/span><\/p>\n<p>&nbsp;<\/p>\n<p style=\"text-align: left;\"><b><span style=\"color: #808080;\">Designer : <\/span><\/b><em><span style=\"color: #808080;\">Henning Kjaernulf<\/span><\/em><\/p>\n<p>&nbsp;<\/p>\n<p><span style=\"color: #808080;\"><strong>Editeur : <\/strong><em>Bruno Hansen<\/em><\/span>[\/vc_column_text][vc_separator][\/vc_column][\/vc_row][vc_row][vc_column][vc_tta_accordion style=&#8221;flat&#8221; shape=&#8221;square&#8221; color=&#8221;white&#8221; c_position=&#8221;right&#8221; active_section=&#8221;287&#8243; no_fill=&#8221;true&#8221; collapsible_all=&#8221;true&#8221;][vc_tta_section title=&#8221;D\u00e9tails (dimensions, \u00e9tat, &#8230;)&#8221; tab_id=&#8221;1514895864283-96537841-14de&#8221;][vc_column_text]<strong style=\"color: #808080;\">Epoque : <\/strong><span style=\"color: #808080;\"><i>1960s<\/i><\/span><\/p>\n<p>&nbsp;<\/p>\n<p><strong style=\"color: #808080;\">Provenance : <\/strong><span style=\"color: #808080;\"><i>Scandinave<\/i><\/span><\/p>\n<p>&nbsp;<\/p>\n<p><span style=\"color: #808080;\"><strong>Dimensions : <\/strong><em>L. 280 cm \/ P. 53 cm \/\u00a0H. 85 cm<\/em><\/span><\/p>\n<p>&nbsp;<\/p>\n<p><strong style=\"color: #808080; font-style: italic;\">Condition :<\/strong><i style=\"color: #808080;\">\u00a0Tr\u00e8s bon \u00e9tat vintage<\/i>[\/vc_column_text][\/vc_tta_section][\/vc_tta_accordion][\/vc_column][\/vc_row][vc_row][vc_column][vc_separator][\/vc_column][\/vc_row][vc_row][vc_column][vc_column_text css=&#8221;.vc_custom_1515929874012{margin-bottom: 10px !important;}&#8221;]<span style=\"color: #808080;\"><strong>Prix :<\/strong>\u00a0sur demande<\/span><i style=\"color: #808080;\"><\/i>[\/vc_column_text][\/vc_column][\/vc_row][vc_row css=&#8221;.vc_custom_1515423662474{margin-top: 10px !important;}&#8221;][vc_column][vc_tta_accordion style=&#8221;flat&#8221; shape=&#8221;square&#8221; spacing=&#8221;30&#8243; gap=&#8221;35&#8243; c_align=&#8221;center&#8221; c_icon=&#8221;&#8221; active_section=&#8221;287&#8243; no_fill=&#8221;true&#8221; collapsible_all=&#8221;true&#8221;][vc_tta_section title=&#8221;Enquire&#8221; tab_id=&#8221;1514895459596-04ede99c-528f&#8221; el_class=&#8221;commande&#8221;]<p class=\"wpcf7-contact-form-not-found\"><strong>Error:<\/strong> Contact form not found.<\/p>[\/vc_tta_section][\/vc_tta_accordion][\/vc_column][\/vc_row]<\/p>\n<\/div>","protected":false},"excerpt":{"rendered":"<p>Large Danish Sideboard \u00a0Rosewood, 1960s henning kjaernulf bruno Hansen Arne Vodder Hans Werner peter hiver nana ditzel enfilade teck Danemark danois Johannes Andersen uldum m\u00f8belfabrik design vintage d\u00e9coration int\u00e9rieur architecture<\/p>\n","protected":false},"featured_media":9454,"template":"","meta":[],"product_brand":[],"product_cat":[187],"product_tag":[],"class_list":{"0":"post-15068","1":"product","2":"type-product","3":"status-publish","4":"has-post-thumbnail","6":"product_cat-sold","8":"first","9":"instock","10":"shipping-taxable","11":"product-type-simple"},"yoast_head":"<!-- This site is optimized with the Yoast SEO plugin v26.7 - https:\/\/yoast.com\/wordpress\/plugins\/seo\/ -->\n<title>Large Danish Sideboard by Henning Kjaernulf in Rosewood, 1960s - Danke Galerie<\/title>\n<meta name=\"robots\" content=\"index, follow, max-snippet:-1, max-image-preview:large, max-video-preview:-1\" \/>\n<link rel=\"canonical\" href=\"https:\/\/www.danke-galerie.com\/en\/produit\/large-danish-sideboard-by-henning-kjaernulf-in-rosewood-1960s\/\" \/>\n<meta property=\"og:locale\" content=\"en_US\" \/>\n<meta property=\"og:type\" content=\"article\" \/>\n<meta property=\"og:title\" content=\"Large Danish Sideboard by Henning Kjaernulf in Rosewood, 1960s - Danke Galerie\" \/>\n<meta property=\"og:description\" content=\"Large Danish Sideboard \u00a0Rosewood, 1960s henning kjaernulf bruno Hansen Arne Vodder Hans Werner peter hiver nana ditzel enfilade teck Danemark danois Johannes Andersen uldum m\u00f8belfabrik design vintage d\u00e9coration int\u00e9rieur architecture\" \/>\n<meta property=\"og:url\" content=\"https:\/\/www.danke-galerie.com\/en\/produit\/large-danish-sideboard-by-henning-kjaernulf-in-rosewood-1960s\/\" \/>\n<meta property=\"og:site_name\" content=\"Danke Galerie\" \/>\n<meta property=\"article:modified_time\" content=\"2019-03-19T16:47:25+00:00\" \/>\n<meta property=\"og:image\" content=\"https:\/\/www.danke-galerie.com\/wp-content\/uploads\/2018\/09\/grande-enfilade-danoise-\u00e0-rideau-en-palissandre-scandinave22.jpg\" \/>\n\t<meta property=\"og:image:width\" content=\"2048\" \/>\n\t<meta property=\"og:image:height\" content=\"1365\" \/>\n\t<meta property=\"og:image:type\" content=\"image\/jpeg\" \/>\n<meta name=\"twitter:card\" content=\"summary_large_image\" \/>\n<meta name=\"twitter:label1\" content=\"Est. reading time\" \/>\n\t<meta name=\"twitter:data1\" content=\"2 minutes\" \/>\n<script type=\"application\/ld+json\" class=\"yoast-schema-graph\">{\"@context\":\"https:\/\/schema.org\",\"@graph\":[{\"@type\":\"WebPage\",\"@id\":\"https:\/\/www.danke-galerie.com\/en\/produit\/large-danish-sideboard-by-henning-kjaernulf-in-rosewood-1960s\/\",\"url\":\"https:\/\/www.danke-galerie.com\/en\/produit\/large-danish-sideboard-by-henning-kjaernulf-in-rosewood-1960s\/\",\"name\":\"Large Danish Sideboard by Henning Kjaernulf in Rosewood, 1960s - Danke Galerie\",\"isPartOf\":{\"@id\":\"https:\/\/www.danke-galerie.com\/#website\"},\"primaryImageOfPage\":{\"@id\":\"https:\/\/www.danke-galerie.com\/en\/produit\/large-danish-sideboard-by-henning-kjaernulf-in-rosewood-1960s\/#primaryimage\"},\"image\":{\"@id\":\"https:\/\/www.danke-galerie.com\/en\/produit\/large-danish-sideboard-by-henning-kjaernulf-in-rosewood-1960s\/#primaryimage\"},\"thumbnailUrl\":\"https:\/\/www.danke-galerie.com\/wp-content\/uploads\/2018\/09\/grande-enfilade-danoise-\u00e0-rideau-en-palissandre-scandinave22.jpg\",\"datePublished\":\"2018-09-20T10:44:05+00:00\",\"dateModified\":\"2019-03-19T16:47:25+00:00\",\"breadcrumb\":{\"@id\":\"https:\/\/www.danke-galerie.com\/en\/produit\/large-danish-sideboard-by-henning-kjaernulf-in-rosewood-1960s\/#breadcrumb\"},\"inLanguage\":\"en-US\",\"potentialAction\":[{\"@type\":\"ReadAction\",\"target\":[\"https:\/\/www.danke-galerie.com\/en\/produit\/large-danish-sideboard-by-henning-kjaernulf-in-rosewood-1960s\/\"]}]},{\"@type\":\"ImageObject\",\"inLanguage\":\"en-US\",\"@id\":\"https:\/\/www.danke-galerie.com\/en\/produit\/large-danish-sideboard-by-henning-kjaernulf-in-rosewood-1960s\/#primaryimage\",\"url\":\"https:\/\/www.danke-galerie.com\/wp-content\/uploads\/2018\/09\/grande-enfilade-danoise-\u00e0-rideau-en-palissandre-scandinave22.jpg\",\"contentUrl\":\"https:\/\/www.danke-galerie.com\/wp-content\/uploads\/2018\/09\/grande-enfilade-danoise-\u00e0-rideau-en-palissandre-scandinave22.jpg\",\"width\":2048,\"height\":1365,\"caption\":\"grande enfilade danoise \u00e0 rideau en palissandre scandinave24\"},{\"@type\":\"BreadcrumbList\",\"@id\":\"https:\/\/www.danke-galerie.com\/en\/produit\/large-danish-sideboard-by-henning-kjaernulf-in-rosewood-1960s\/#breadcrumb\",\"itemListElement\":[{\"@type\":\"ListItem\",\"position\":1,\"name\":\"Accueil\",\"item\":\"https:\/\/www.danke-galerie.com\/\"},{\"@type\":\"ListItem\",\"position\":2,\"name\":\"Collection &#8211; Danke Galerie &#8211; Vente de mobilier ancien\",\"item\":\"https:\/\/www.danke-galerie.com\/\"},{\"@type\":\"ListItem\",\"position\":3,\"name\":\"Large Danish Sideboard by Henning Kjaernulf in Rosewood, 1960s\"}]},{\"@type\":\"WebSite\",\"@id\":\"https:\/\/www.danke-galerie.com\/#website\",\"url\":\"https:\/\/www.danke-galerie.com\/\",\"name\":\"Danke Galerie\",\"description\":\"Vente mobilier du XXeme si\u00e8cle design vintage\",\"potentialAction\":[{\"@type\":\"SearchAction\",\"target\":{\"@type\":\"EntryPoint\",\"urlTemplate\":\"https:\/\/www.danke-galerie.com\/?s={search_term_string}\"},\"query-input\":{\"@type\":\"PropertyValueSpecification\",\"valueRequired\":true,\"valueName\":\"search_term_string\"}}],\"inLanguage\":\"en-US\"}]}<\/script>\n<!-- \/ Yoast SEO plugin. -->","yoast_head_json":{"title":"Large Danish Sideboard by Henning Kjaernulf in Rosewood, 1960s - Danke Galerie","robots":{"index":"index","follow":"follow","max-snippet":"max-snippet:-1","max-image-preview":"max-image-preview:large","max-video-preview":"max-video-preview:-1"},"canonical":"https:\/\/www.danke-galerie.com\/en\/produit\/large-danish-sideboard-by-henning-kjaernulf-in-rosewood-1960s\/","og_locale":"en_US","og_type":"article","og_title":"Large Danish Sideboard by Henning Kjaernulf in Rosewood, 1960s - Danke Galerie","og_description":"Large Danish Sideboard \u00a0Rosewood, 1960s henning kjaernulf bruno Hansen Arne Vodder Hans Werner peter hiver nana ditzel enfilade teck Danemark danois Johannes Andersen uldum m\u00f8belfabrik design vintage d\u00e9coration int\u00e9rieur architecture","og_url":"https:\/\/www.danke-galerie.com\/en\/produit\/large-danish-sideboard-by-henning-kjaernulf-in-rosewood-1960s\/","og_site_name":"Danke Galerie","article_modified_time":"2019-03-19T16:47:25+00:00","og_image":[{"width":2048,"height":1365,"url":"https:\/\/www.danke-galerie.com\/wp-content\/uploads\/2018\/09\/grande-enfilade-danoise-\u00e0-rideau-en-palissandre-scandinave22.jpg","type":"image\/jpeg"}],"twitter_card":"summary_large_image","twitter_misc":{"Est. reading time":"2 minutes"},"schema":{"@context":"https:\/\/schema.org","@graph":[{"@type":"WebPage","@id":"https:\/\/www.danke-galerie.com\/en\/produit\/large-danish-sideboard-by-henning-kjaernulf-in-rosewood-1960s\/","url":"https:\/\/www.danke-galerie.com\/en\/produit\/large-danish-sideboard-by-henning-kjaernulf-in-rosewood-1960s\/","name":"Large Danish Sideboard by Henning Kjaernulf in Rosewood, 1960s - Danke Galerie","isPartOf":{"@id":"https:\/\/www.danke-galerie.com\/#website"},"primaryImageOfPage":{"@id":"https:\/\/www.danke-galerie.com\/en\/produit\/large-danish-sideboard-by-henning-kjaernulf-in-rosewood-1960s\/#primaryimage"},"image":{"@id":"https:\/\/www.danke-galerie.com\/en\/produit\/large-danish-sideboard-by-henning-kjaernulf-in-rosewood-1960s\/#primaryimage"},"thumbnailUrl":"https:\/\/www.danke-galerie.com\/wp-content\/uploads\/2018\/09\/grande-enfilade-danoise-\u00e0-rideau-en-palissandre-scandinave22.jpg","datePublished":"2018-09-20T10:44:05+00:00","dateModified":"2019-03-19T16:47:25+00:00","breadcrumb":{"@id":"https:\/\/www.danke-galerie.com\/en\/produit\/large-danish-sideboard-by-henning-kjaernulf-in-rosewood-1960s\/#breadcrumb"},"inLanguage":"en-US","potentialAction":[{"@type":"ReadAction","target":["https:\/\/www.danke-galerie.com\/en\/produit\/large-danish-sideboard-by-henning-kjaernulf-in-rosewood-1960s\/"]}]},{"@type":"ImageObject","inLanguage":"en-US","@id":"https:\/\/www.danke-galerie.com\/en\/produit\/large-danish-sideboard-by-henning-kjaernulf-in-rosewood-1960s\/#primaryimage","url":"https:\/\/www.danke-galerie.com\/wp-content\/uploads\/2018\/09\/grande-enfilade-danoise-\u00e0-rideau-en-palissandre-scandinave22.jpg","contentUrl":"https:\/\/www.danke-galerie.com\/wp-content\/uploads\/2018\/09\/grande-enfilade-danoise-\u00e0-rideau-en-palissandre-scandinave22.jpg","width":2048,"height":1365,"caption":"grande enfilade danoise \u00e0 rideau en palissandre scandinave24"},{"@type":"BreadcrumbList","@id":"https:\/\/www.danke-galerie.com\/en\/produit\/large-danish-sideboard-by-henning-kjaernulf-in-rosewood-1960s\/#breadcrumb","itemListElement":[{"@type":"ListItem","position":1,"name":"Accueil","item":"https:\/\/www.danke-galerie.com\/"},{"@type":"ListItem","position":2,"name":"Collection &#8211; Danke Galerie &#8211; Vente de mobilier ancien","item":"https:\/\/www.danke-galerie.com\/"},{"@type":"ListItem","position":3,"name":"Large Danish Sideboard by Henning Kjaernulf in Rosewood, 1960s"}]},{"@type":"WebSite","@id":"https:\/\/www.danke-galerie.com\/#website","url":"https:\/\/www.danke-galerie.com\/","name":"Danke Galerie","description":"Vente mobilier du XXeme si\u00e8cle design vintage","potentialAction":[{"@type":"SearchAction","target":{"@type":"EntryPoint","urlTemplate":"https:\/\/www.danke-galerie.com\/?s={search_term_string}"},"query-input":{"@type":"PropertyValueSpecification","valueRequired":true,"valueName":"search_term_string"}}],"inLanguage":"en-US"}]}},"_links":{"self":[{"href":"https:\/\/www.danke-galerie.com\/en\/wp-json\/wp\/v2\/product\/15068","targetHints":{"allow":["GET"]}}],"collection":[{"href":"https:\/\/www.danke-galerie.com\/en\/wp-json\/wp\/v2\/product"}],"about":[{"href":"https:\/\/www.danke-galerie.com\/en\/wp-json\/wp\/v2\/types\/product"}],"wp:featuredmedia":[{"embeddable":true,"href":"https:\/\/www.danke-galerie.com\/en\/wp-json\/wp\/v2\/media\/9454"}],"wp:attachment":[{"href":"https:\/\/www.danke-galerie.com\/en\/wp-json\/wp\/v2\/media?parent=15068"}],"wp:term":[{"taxonomy":"product_brand","embeddable":true,"href":"https:\/\/www.danke-galerie.com\/en\/wp-json\/wp\/v2\/product_brand?post=15068"},{"taxonomy":"product_cat","embeddable":true,"href":"https:\/\/www.danke-galerie.com\/en\/wp-json\/wp\/v2\/product_cat?post=15068"},{"taxonomy":"product_tag","embeddable":true,"href":"https:\/\/www.danke-galerie.com\/en\/wp-json\/wp\/v2\/product_tag?post=15068"}],"curies":[{"name":"wp","href":"https:\/\/api.w.org\/{rel}","templated":true}]}}