{"id":15034,"date":"2019-03-13T10:44:05","date_gmt":"2019-03-13T10:44:05","guid":{"rendered":"https:\/\/www.danke-galerie.com\/produit\/table-basse-par-giovanni-offredi-pour-saporiti-1980s-bois-de-loupe\/"},"modified":"2019-12-13T10:06:43","modified_gmt":"2019-12-13T10:06:43","slug":"giovanni-offredi-coffee-table-for-saporiti-1980s","status":"publish","type":"product","link":"https:\/\/www.danke-galerie.com\/en\/produit\/giovanni-offredi-coffee-table-for-saporiti-1980s\/","title":{"rendered":"Giovanni Offredi coffee table for Saporiti, 1980s"},"content":{"rendered":"<div class=\"wpb-content-wrapper\"><p>[vc_row][vc_column][vc_custom_heading source=&#8221;post_title&#8221; font_container=&#8221;tag:h1|font_size:16|text_align:center|color:%23606060&#8243; google_fonts=&#8221;font_family:Roboto%3A100%2C100italic%2C300%2C300italic%2Cregular%2Citalic%2C500%2C500italic%2C700%2C700italic%2C900%2C900italic|font_style:400%20regular%3A400%3Anormal&#8221; css=&#8221;.vc_custom_1515421781244{margin-bottom: 15px !important;}&#8221; el_class=&#8221;produitTitre&#8221;][vc_separator][vc_column_text css=&#8221;.vc_custom_1552474368060{margin-bottom: 10px !important;}&#8221;]<span style=\"color: #808080;\">Table basse vintage dessin\u00e9 par Giovanni Offredi produites par Saporiti en Italie dans les ann\u00e9es 1980. Structure placage de bois de loupe d&#8217;\u00e9rable.\u00a0<\/span><\/p>\n<p>&nbsp;<\/p>\n<p style=\"text-align: left;\"><b style=\"color: #808080;\">Designer :\u00a0<\/b><em><span style=\"color: #808080;\">Giovanni Offredi<\/span><\/em><\/p>\n<p>&nbsp;<\/p>\n<p><b style=\"color: #808080;\">Editeur :\u00a0<\/b><em><span style=\"color: #808080;\">Saporiti<\/span><\/em>[\/vc_column_text][vc_separator][\/vc_column][\/vc_row][vc_row][vc_column][vc_tta_accordion style=&#8221;flat&#8221; shape=&#8221;square&#8221; color=&#8221;white&#8221; c_position=&#8221;right&#8221; active_section=&#8221;287&#8243; no_fill=&#8221;true&#8221; collapsible_all=&#8221;true&#8221;][vc_tta_section title=&#8221;D\u00e9tails (dimensions, \u00e9tat, &#8230;)&#8221; tab_id=&#8221;1514895864283-96537841-14de&#8221;][vc_column_text]<span style=\"color: #808080;\"><strong>Provenance :<\/strong> <em>Italie<\/em><\/span><\/p>\n<p>&nbsp;<\/p>\n<p><span style=\"color: #808080;\"><strong>Epoque :<\/strong> <em>ann\u00e9es 80<\/em><\/span><\/p>\n<p>&nbsp;<\/p>\n<p><span style=\"color: #808080;\"><strong>Dimensions :\u00a0<\/strong><i><em>L. 160 cm \/ P. 80 cm \/ H. 32,5 cm<\/em><\/i><\/span><\/p>\n<p>&nbsp;<\/p>\n<p><span style=\"color: #808080;\"><i><strong>Condition :<\/strong>\u00a0Excellent \u00e9tat vintage<\/i><\/span>[\/vc_column_text][\/vc_tta_section][\/vc_tta_accordion][\/vc_column][\/vc_row][vc_row][vc_column][vc_separator][\/vc_column][\/vc_row][vc_row][vc_column][vc_column_text css=&#8221;.vc_custom_1576231600835{margin-bottom: 10px !important;}&#8221;]<span style=\"color: #808080;\"><strong>Price :<\/strong>\u00a0sold<\/span><i style=\"color: #808080;\"><\/i>[\/vc_column_text][\/vc_column][\/vc_row][vc_row css=&#8221;.vc_custom_1515423662474{margin-top: 10px !important;}&#8221;][vc_column][vc_tta_accordion style=&#8221;flat&#8221; shape=&#8221;square&#8221; spacing=&#8221;30&#8243; gap=&#8221;35&#8243; c_align=&#8221;center&#8221; c_icon=&#8221;&#8221; active_section=&#8221;287&#8243; no_fill=&#8221;true&#8221; collapsible_all=&#8221;true&#8221;][vc_tta_section title=&#8221;Enquire&#8221; tab_id=&#8221;1514895459596-04ede99c-528f&#8221; el_class=&#8221;commande&#8221;]<p class=\"wpcf7-contact-form-not-found\"><strong>Error:<\/strong> Contact form not found.<\/p>[\/vc_tta_section][\/vc_tta_accordion][\/vc_column][\/vc_row]<\/p>\n<\/div>","protected":false},"excerpt":{"rendered":"<p>Giovanni Offredi coffee table for Saporiti, 1980s wood mid century furniture scandinavian italian style Danke Galerie france lyon gallery<\/p>\n","protected":false},"featured_media":14896,"template":"","meta":[],"product_brand":[],"product_cat":[187],"product_tag":[],"class_list":{"0":"post-15034","1":"product","2":"type-product","3":"status-publish","4":"has-post-thumbnail","6":"product_cat-sold","8":"first","9":"instock","10":"shipping-taxable","11":"product-type-simple"},"yoast_head":"<!-- This site is optimized with the Yoast SEO plugin v26.7 - https:\/\/yoast.com\/wordpress\/plugins\/seo\/ -->\n<title>Giovanni Offredi coffee table for Saporiti, 1980s - Danke Galerie<\/title>\n<meta name=\"robots\" content=\"index, follow, max-snippet:-1, max-image-preview:large, max-video-preview:-1\" \/>\n<link rel=\"canonical\" href=\"https:\/\/www.danke-galerie.com\/en\/produit\/giovanni-offredi-coffee-table-for-saporiti-1980s\/\" \/>\n<meta property=\"og:locale\" content=\"en_US\" \/>\n<meta property=\"og:type\" content=\"article\" \/>\n<meta property=\"og:title\" content=\"Giovanni Offredi coffee table for Saporiti, 1980s - Danke Galerie\" \/>\n<meta property=\"og:description\" content=\"Giovanni Offredi coffee table for Saporiti, 1980s wood mid century furniture scandinavian italian style Danke Galerie france lyon gallery\" \/>\n<meta property=\"og:url\" content=\"https:\/\/www.danke-galerie.com\/en\/produit\/giovanni-offredi-coffee-table-for-saporiti-1980s\/\" \/>\n<meta property=\"og:site_name\" content=\"Danke Galerie\" \/>\n<meta property=\"article:modified_time\" content=\"2019-12-13T10:06:43+00:00\" \/>\n<meta property=\"og:image\" content=\"https:\/\/www.danke-galerie.com\/wp-content\/uploads\/2019\/03\/Table-basse-par-Giovanni-Offredi-pour-Saporiti-1980s-bois-de-loupe22.jpg\" \/>\n\t<meta property=\"og:image:width\" content=\"2048\" \/>\n\t<meta property=\"og:image:height\" content=\"1365\" \/>\n\t<meta property=\"og:image:type\" content=\"image\/jpeg\" \/>\n<meta name=\"twitter:card\" content=\"summary_large_image\" \/>\n<meta name=\"twitter:label1\" content=\"Est. reading time\" \/>\n\t<meta name=\"twitter:data1\" content=\"1 minute\" \/>\n<script type=\"application\/ld+json\" class=\"yoast-schema-graph\">{\"@context\":\"https:\/\/schema.org\",\"@graph\":[{\"@type\":\"WebPage\",\"@id\":\"https:\/\/www.danke-galerie.com\/en\/produit\/giovanni-offredi-coffee-table-for-saporiti-1980s\/\",\"url\":\"https:\/\/www.danke-galerie.com\/en\/produit\/giovanni-offredi-coffee-table-for-saporiti-1980s\/\",\"name\":\"Giovanni Offredi coffee table for Saporiti, 1980s - Danke Galerie\",\"isPartOf\":{\"@id\":\"https:\/\/www.danke-galerie.com\/#website\"},\"primaryImageOfPage\":{\"@id\":\"https:\/\/www.danke-galerie.com\/en\/produit\/giovanni-offredi-coffee-table-for-saporiti-1980s\/#primaryimage\"},\"image\":{\"@id\":\"https:\/\/www.danke-galerie.com\/en\/produit\/giovanni-offredi-coffee-table-for-saporiti-1980s\/#primaryimage\"},\"thumbnailUrl\":\"https:\/\/www.danke-galerie.com\/wp-content\/uploads\/2019\/03\/Table-basse-par-Giovanni-Offredi-pour-Saporiti-1980s-bois-de-loupe22.jpg\",\"datePublished\":\"2019-03-13T10:44:05+00:00\",\"dateModified\":\"2019-12-13T10:06:43+00:00\",\"breadcrumb\":{\"@id\":\"https:\/\/www.danke-galerie.com\/en\/produit\/giovanni-offredi-coffee-table-for-saporiti-1980s\/#breadcrumb\"},\"inLanguage\":\"en-US\",\"potentialAction\":[{\"@type\":\"ReadAction\",\"target\":[\"https:\/\/www.danke-galerie.com\/en\/produit\/giovanni-offredi-coffee-table-for-saporiti-1980s\/\"]}]},{\"@type\":\"ImageObject\",\"inLanguage\":\"en-US\",\"@id\":\"https:\/\/www.danke-galerie.com\/en\/produit\/giovanni-offredi-coffee-table-for-saporiti-1980s\/#primaryimage\",\"url\":\"https:\/\/www.danke-galerie.com\/wp-content\/uploads\/2019\/03\/Table-basse-par-Giovanni-Offredi-pour-Saporiti-1980s-bois-de-loupe22.jpg\",\"contentUrl\":\"https:\/\/www.danke-galerie.com\/wp-content\/uploads\/2019\/03\/Table-basse-par-Giovanni-Offredi-pour-Saporiti-1980s-bois-de-loupe22.jpg\",\"width\":2048,\"height\":1365,\"caption\":\"Table basse par Giovanni Offredi pour Saporiti 1980s bois de loupe22\"},{\"@type\":\"BreadcrumbList\",\"@id\":\"https:\/\/www.danke-galerie.com\/en\/produit\/giovanni-offredi-coffee-table-for-saporiti-1980s\/#breadcrumb\",\"itemListElement\":[{\"@type\":\"ListItem\",\"position\":1,\"name\":\"Accueil\",\"item\":\"https:\/\/www.danke-galerie.com\/\"},{\"@type\":\"ListItem\",\"position\":2,\"name\":\"Collection &#8211; Danke Galerie &#8211; Vente de mobilier ancien\",\"item\":\"https:\/\/www.danke-galerie.com\/\"},{\"@type\":\"ListItem\",\"position\":3,\"name\":\"Giovanni Offredi coffee table for Saporiti, 1980s\"}]},{\"@type\":\"WebSite\",\"@id\":\"https:\/\/www.danke-galerie.com\/#website\",\"url\":\"https:\/\/www.danke-galerie.com\/\",\"name\":\"Danke Galerie\",\"description\":\"Vente mobilier du XXeme si\u00e8cle design vintage\",\"potentialAction\":[{\"@type\":\"SearchAction\",\"target\":{\"@type\":\"EntryPoint\",\"urlTemplate\":\"https:\/\/www.danke-galerie.com\/?s={search_term_string}\"},\"query-input\":{\"@type\":\"PropertyValueSpecification\",\"valueRequired\":true,\"valueName\":\"search_term_string\"}}],\"inLanguage\":\"en-US\"}]}<\/script>\n<!-- \/ Yoast SEO plugin. -->","yoast_head_json":{"title":"Giovanni Offredi coffee table for Saporiti, 1980s - Danke Galerie","robots":{"index":"index","follow":"follow","max-snippet":"max-snippet:-1","max-image-preview":"max-image-preview:large","max-video-preview":"max-video-preview:-1"},"canonical":"https:\/\/www.danke-galerie.com\/en\/produit\/giovanni-offredi-coffee-table-for-saporiti-1980s\/","og_locale":"en_US","og_type":"article","og_title":"Giovanni Offredi coffee table for Saporiti, 1980s - Danke Galerie","og_description":"Giovanni Offredi coffee table for Saporiti, 1980s wood mid century furniture scandinavian italian style Danke Galerie france lyon gallery","og_url":"https:\/\/www.danke-galerie.com\/en\/produit\/giovanni-offredi-coffee-table-for-saporiti-1980s\/","og_site_name":"Danke Galerie","article_modified_time":"2019-12-13T10:06:43+00:00","og_image":[{"width":2048,"height":1365,"url":"https:\/\/www.danke-galerie.com\/wp-content\/uploads\/2019\/03\/Table-basse-par-Giovanni-Offredi-pour-Saporiti-1980s-bois-de-loupe22.jpg","type":"image\/jpeg"}],"twitter_card":"summary_large_image","twitter_misc":{"Est. reading time":"1 minute"},"schema":{"@context":"https:\/\/schema.org","@graph":[{"@type":"WebPage","@id":"https:\/\/www.danke-galerie.com\/en\/produit\/giovanni-offredi-coffee-table-for-saporiti-1980s\/","url":"https:\/\/www.danke-galerie.com\/en\/produit\/giovanni-offredi-coffee-table-for-saporiti-1980s\/","name":"Giovanni Offredi coffee table for Saporiti, 1980s - Danke Galerie","isPartOf":{"@id":"https:\/\/www.danke-galerie.com\/#website"},"primaryImageOfPage":{"@id":"https:\/\/www.danke-galerie.com\/en\/produit\/giovanni-offredi-coffee-table-for-saporiti-1980s\/#primaryimage"},"image":{"@id":"https:\/\/www.danke-galerie.com\/en\/produit\/giovanni-offredi-coffee-table-for-saporiti-1980s\/#primaryimage"},"thumbnailUrl":"https:\/\/www.danke-galerie.com\/wp-content\/uploads\/2019\/03\/Table-basse-par-Giovanni-Offredi-pour-Saporiti-1980s-bois-de-loupe22.jpg","datePublished":"2019-03-13T10:44:05+00:00","dateModified":"2019-12-13T10:06:43+00:00","breadcrumb":{"@id":"https:\/\/www.danke-galerie.com\/en\/produit\/giovanni-offredi-coffee-table-for-saporiti-1980s\/#breadcrumb"},"inLanguage":"en-US","potentialAction":[{"@type":"ReadAction","target":["https:\/\/www.danke-galerie.com\/en\/produit\/giovanni-offredi-coffee-table-for-saporiti-1980s\/"]}]},{"@type":"ImageObject","inLanguage":"en-US","@id":"https:\/\/www.danke-galerie.com\/en\/produit\/giovanni-offredi-coffee-table-for-saporiti-1980s\/#primaryimage","url":"https:\/\/www.danke-galerie.com\/wp-content\/uploads\/2019\/03\/Table-basse-par-Giovanni-Offredi-pour-Saporiti-1980s-bois-de-loupe22.jpg","contentUrl":"https:\/\/www.danke-galerie.com\/wp-content\/uploads\/2019\/03\/Table-basse-par-Giovanni-Offredi-pour-Saporiti-1980s-bois-de-loupe22.jpg","width":2048,"height":1365,"caption":"Table basse par Giovanni Offredi pour Saporiti 1980s bois de loupe22"},{"@type":"BreadcrumbList","@id":"https:\/\/www.danke-galerie.com\/en\/produit\/giovanni-offredi-coffee-table-for-saporiti-1980s\/#breadcrumb","itemListElement":[{"@type":"ListItem","position":1,"name":"Accueil","item":"https:\/\/www.danke-galerie.com\/"},{"@type":"ListItem","position":2,"name":"Collection &#8211; Danke Galerie &#8211; Vente de mobilier ancien","item":"https:\/\/www.danke-galerie.com\/"},{"@type":"ListItem","position":3,"name":"Giovanni Offredi coffee table for Saporiti, 1980s"}]},{"@type":"WebSite","@id":"https:\/\/www.danke-galerie.com\/#website","url":"https:\/\/www.danke-galerie.com\/","name":"Danke Galerie","description":"Vente mobilier du XXeme si\u00e8cle design vintage","potentialAction":[{"@type":"SearchAction","target":{"@type":"EntryPoint","urlTemplate":"https:\/\/www.danke-galerie.com\/?s={search_term_string}"},"query-input":{"@type":"PropertyValueSpecification","valueRequired":true,"valueName":"search_term_string"}}],"inLanguage":"en-US"}]}},"_links":{"self":[{"href":"https:\/\/www.danke-galerie.com\/en\/wp-json\/wp\/v2\/product\/15034","targetHints":{"allow":["GET"]}}],"collection":[{"href":"https:\/\/www.danke-galerie.com\/en\/wp-json\/wp\/v2\/product"}],"about":[{"href":"https:\/\/www.danke-galerie.com\/en\/wp-json\/wp\/v2\/types\/product"}],"wp:featuredmedia":[{"embeddable":true,"href":"https:\/\/www.danke-galerie.com\/en\/wp-json\/wp\/v2\/media\/14896"}],"wp:attachment":[{"href":"https:\/\/www.danke-galerie.com\/en\/wp-json\/wp\/v2\/media?parent=15034"}],"wp:term":[{"taxonomy":"product_brand","embeddable":true,"href":"https:\/\/www.danke-galerie.com\/en\/wp-json\/wp\/v2\/product_brand?post=15034"},{"taxonomy":"product_cat","embeddable":true,"href":"https:\/\/www.danke-galerie.com\/en\/wp-json\/wp\/v2\/product_cat?post=15034"},{"taxonomy":"product_tag","embeddable":true,"href":"https:\/\/www.danke-galerie.com\/en\/wp-json\/wp\/v2\/product_tag?post=15034"}],"curies":[{"name":"wp","href":"https:\/\/api.w.org\/{rel}","templated":true}]}}