{"id":52098,"date":"2018-01-31T09:42:22","date_gmt":"2018-01-31T09:42:22","guid":{"rendered":"https:\/\/www.danke-galerie.com\/mentions-legales\/"},"modified":"2023-11-21T08:37:49","modified_gmt":"2023-11-21T08:37:49","slug":"legal-notice","status":"publish","type":"page","link":"https:\/\/www.danke-galerie.com\/en\/legal-notice\/","title":{"rendered":"Legal notice"},"content":{"rendered":"<div class=\"wpb-content-wrapper\"><p>[vc_row css=&#8221;.vc_custom_1512333617298{margin-top: 0px !important;padding-top: 0px !important;}&#8221;][vc_column css=&#8221;.vc_custom_1513942379717{margin-top: 0px !important;padding-top: 60px !important;padding-bottom: 20px !important;}&#8221;][vc_column_text css=&#8221;.vc_custom_1517391786790{margin-top: 0px !important;padding-top: 0px !important;}&#8221;]<\/p>\n<h1 style=\"text-align: center;\">Mentions L\u00e9gales<\/h1>\n<p>[\/vc_column_text][\/vc_column][\/vc_row][vc_row][vc_column][vc_column_text css=&#8221;.vc_custom_1688553259529{padding-right: 80px !important;padding-left: 80px !important;}&#8221;]<\/p>\n<h2><\/h2>\n<p>Mention L\u00e9gal, Conform\u00e9ment \u00e0 la loi n\u00b0 2004-575 du 21\/06\/2004 : Ce site est la propri\u00e9t\u00e9 de la soci\u00e9t\u00e9 Bast Danke galerie.<\/p>\n<ul>\n<li style=\"text-align: left;\">RCS LYON 821 724 234<\/li>\n<li>Numero de siret : 82172423400033<\/li>\n<li style=\"text-align: left;\">SARL au Capital social : 145000 euros<\/li>\n<li style=\"text-align: left;\">Repr\u00e9sentants : Bastide Emilien et Bastide Maxime<\/li>\n<\/ul>\n<p><strong>Siege social :<\/strong><br \/>\n69360 TERNAY<br \/>\nTel : +33 (0)4 87 77 47 63<br \/>\nMail : contact@danke-galerie.com<\/p>\n<h2><strong>H\u00c9BERGEMENT DU SITE<\/strong><\/h2>\n<p>OVH<br \/>\n2 Rue Kellermann<br \/>\nBP 80157<br \/>\n59053 ROUBAIX Cedex 1<br \/>\nRCS Lille Metropole B 424 761 419<\/p>\n<h2><strong>DROITS D\u2019AUTEUR<\/strong><\/h2>\n<p>L\u2019ensemble des \u00e9l\u00e9ments constituant le site (textes, images, vid\u00e9os, sons, logos) ainsi que le site lui-m\u00eame, rel\u00e8vent des l\u00e9gislations fran\u00e7aises et internationales sur le droit d\u2019auteur et la propri\u00e9t\u00e9 intellectuelle. \u2028\u2028Ces \u00e9l\u00e9ments sont la propri\u00e9t\u00e9 exclusive de l\u2019\u00e9diteur du site hormis les \u00e9l\u00e9ments r\u00e9alis\u00e9s par des intervenants ext\u00e9rieurs n\u2019ayant pas c\u00e9d\u00e9 leurs droits d\u2019auteurs ou leurs droits voisins.<\/p>\n<h2><strong>COOKIES<\/strong><\/h2>\n<p>Lors de la navigation sur ce\u00a0site, des cookies peuvent \u00eatre import\u00e9s sur votre ordinateur. Ceux-ci ne permettent pas de vous identifier, ils enregistrent des informations relatives \u00e0 la navigation que le programme pourra lire lors de vos visites ult\u00e9rieures. Les cookies sont en g\u00e9n\u00e9ral utilis\u00e9s pour conserver vos\u00a0pr\u00e9f\u00e9rences utilisateur, stocker des informations en vue de retenir le contenu d\u2019un panier par exemple ou fournir des donn\u00e9es de suivi anonymes \u00e0 des applications tierces comme Google Analytics.\u00a0Vous pouvez vous opposer \u00e0 l\u2019enregistrement de cookies en configurant votre navigateur internet.<\/p>\n<h2><strong>CR\u00c9DITS<\/strong><\/h2>\n<p>Les contenus int\u00e9gr\u00e9s dans ce site reste la propri\u00e9t\u00e9 intellectuelle de leurs auteurs respectifs :<br \/>\n\u2022\u00a0Cr\u00e9dits photos :\u00a0Danke Galerie<br \/>\n\u2022 Cr\u00e9dits textes : Danke Galerie[\/vc_column_text][\/vc_column][\/vc_row]<\/p>\n<\/div>","protected":false},"excerpt":{"rendered":"<p>[vc_row css=&#8221;.vc_custom_1512333617298{margin-top: 0px !important;padding-top: 0px !important;}&#8221;][vc_column css=&#8221;.vc_custom_1513942379717{margin-top: 0px !important;padding-top: 60px !important;padding-bottom: 20px !important;}&#8221;][vc_column_text css=&#8221;.vc_custom_1517391786790{margin-top: 0px !important;padding-top: 0px !important;}&#8221;] Mentions L\u00e9gales [\/vc_column_text][\/vc_column][\/vc_row][vc_row][vc_column][vc_column_text css=&#8221;.vc_custom_1688553259529{padding-right: 80px !important;padding-left: 80px !important;}&#8221;] Mention L\u00e9gal, Conform\u00e9ment \u00e0 la loi n\u00b0 2004-575 du 21\/06\/2004 : Ce site est la propri\u00e9t\u00e9 de la soci\u00e9t\u00e9 Bast Danke galerie. RCS LYON 821 724 234 Numero de [&hellip;]<\/p>\n","protected":false},"author":2,"featured_media":0,"parent":0,"menu_order":0,"comment_status":"closed","ping_status":"closed","template":"","meta":{"footnotes":""},"class_list":["post-52098","page","type-page","status-publish","hentry"],"yoast_head":"<!-- This site is optimized with the Yoast SEO plugin v26.7 - https:\/\/yoast.com\/wordpress\/plugins\/seo\/ -->\n<title>Legal notice - Danke Galerie<\/title>\n<meta name=\"robots\" content=\"index, follow, max-snippet:-1, max-image-preview:large, max-video-preview:-1\" \/>\n<link rel=\"canonical\" href=\"https:\/\/www.danke-galerie.com\/en\/legal-notice\/\" \/>\n<meta property=\"og:locale\" content=\"en_US\" \/>\n<meta property=\"og:type\" content=\"article\" \/>\n<meta property=\"og:title\" content=\"Legal notice - Danke Galerie\" \/>\n<meta property=\"og:description\" content=\"[vc_row css=&#8221;.vc_custom_1512333617298{margin-top: 0px !important;padding-top: 0px !important;}&#8221;][vc_column css=&#8221;.vc_custom_1513942379717{margin-top: 0px !important;padding-top: 60px !important;padding-bottom: 20px !important;}&#8221;][vc_column_text css=&#8221;.vc_custom_1517391786790{margin-top: 0px !important;padding-top: 0px !important;}&#8221;] Mentions L\u00e9gales [\/vc_column_text][\/vc_column][\/vc_row][vc_row][vc_column][vc_column_text css=&#8221;.vc_custom_1688553259529{padding-right: 80px !important;padding-left: 80px !important;}&#8221;] Mention L\u00e9gal, Conform\u00e9ment \u00e0 la loi n\u00b0 2004-575 du 21\/06\/2004 : Ce site est la propri\u00e9t\u00e9 de la soci\u00e9t\u00e9 Bast Danke galerie. RCS LYON 821 724 234 Numero de [&hellip;]\" \/>\n<meta property=\"og:url\" content=\"https:\/\/www.danke-galerie.com\/en\/legal-notice\/\" \/>\n<meta property=\"og:site_name\" content=\"Danke Galerie\" \/>\n<meta property=\"article:modified_time\" content=\"2023-11-21T08:37:49+00:00\" \/>\n<meta name=\"twitter:card\" content=\"summary_large_image\" \/>\n<meta name=\"twitter:label1\" content=\"Est. reading time\" \/>\n\t<meta name=\"twitter:data1\" content=\"2 minutes\" \/>\n<script type=\"application\/ld+json\" class=\"yoast-schema-graph\">{\"@context\":\"https:\/\/schema.org\",\"@graph\":[{\"@type\":\"WebPage\",\"@id\":\"https:\/\/www.danke-galerie.com\/en\/legal-notice\/\",\"url\":\"https:\/\/www.danke-galerie.com\/en\/legal-notice\/\",\"name\":\"Legal notice - Danke Galerie\",\"isPartOf\":{\"@id\":\"https:\/\/www.danke-galerie.com\/#website\"},\"datePublished\":\"2018-01-31T09:42:22+00:00\",\"dateModified\":\"2023-11-21T08:37:49+00:00\",\"breadcrumb\":{\"@id\":\"https:\/\/www.danke-galerie.com\/en\/legal-notice\/#breadcrumb\"},\"inLanguage\":\"en-US\",\"potentialAction\":[{\"@type\":\"ReadAction\",\"target\":[\"https:\/\/www.danke-galerie.com\/en\/legal-notice\/\"]}]},{\"@type\":\"BreadcrumbList\",\"@id\":\"https:\/\/www.danke-galerie.com\/en\/legal-notice\/#breadcrumb\",\"itemListElement\":[{\"@type\":\"ListItem\",\"position\":1,\"name\":\"Accueil\",\"item\":\"https:\/\/www.danke-galerie.com\/\"},{\"@type\":\"ListItem\",\"position\":2,\"name\":\"Legal notice\"}]},{\"@type\":\"WebSite\",\"@id\":\"https:\/\/www.danke-galerie.com\/#website\",\"url\":\"https:\/\/www.danke-galerie.com\/\",\"name\":\"Danke Galerie\",\"description\":\"Vente mobilier du XXeme si\u00e8cle design vintage\",\"potentialAction\":[{\"@type\":\"SearchAction\",\"target\":{\"@type\":\"EntryPoint\",\"urlTemplate\":\"https:\/\/www.danke-galerie.com\/?s={search_term_string}\"},\"query-input\":{\"@type\":\"PropertyValueSpecification\",\"valueRequired\":true,\"valueName\":\"search_term_string\"}}],\"inLanguage\":\"en-US\"}]}<\/script>\n<!-- \/ Yoast SEO plugin. -->","yoast_head_json":{"title":"Legal notice - Danke Galerie","robots":{"index":"index","follow":"follow","max-snippet":"max-snippet:-1","max-image-preview":"max-image-preview:large","max-video-preview":"max-video-preview:-1"},"canonical":"https:\/\/www.danke-galerie.com\/en\/legal-notice\/","og_locale":"en_US","og_type":"article","og_title":"Legal notice - Danke Galerie","og_description":"[vc_row css=&#8221;.vc_custom_1512333617298{margin-top: 0px !important;padding-top: 0px !important;}&#8221;][vc_column css=&#8221;.vc_custom_1513942379717{margin-top: 0px !important;padding-top: 60px !important;padding-bottom: 20px !important;}&#8221;][vc_column_text css=&#8221;.vc_custom_1517391786790{margin-top: 0px !important;padding-top: 0px !important;}&#8221;] Mentions L\u00e9gales [\/vc_column_text][\/vc_column][\/vc_row][vc_row][vc_column][vc_column_text css=&#8221;.vc_custom_1688553259529{padding-right: 80px !important;padding-left: 80px !important;}&#8221;] Mention L\u00e9gal, Conform\u00e9ment \u00e0 la loi n\u00b0 2004-575 du 21\/06\/2004 : Ce site est la propri\u00e9t\u00e9 de la soci\u00e9t\u00e9 Bast Danke galerie. RCS LYON 821 724 234 Numero de [&hellip;]","og_url":"https:\/\/www.danke-galerie.com\/en\/legal-notice\/","og_site_name":"Danke Galerie","article_modified_time":"2023-11-21T08:37:49+00:00","twitter_card":"summary_large_image","twitter_misc":{"Est. reading time":"2 minutes"},"schema":{"@context":"https:\/\/schema.org","@graph":[{"@type":"WebPage","@id":"https:\/\/www.danke-galerie.com\/en\/legal-notice\/","url":"https:\/\/www.danke-galerie.com\/en\/legal-notice\/","name":"Legal notice - Danke Galerie","isPartOf":{"@id":"https:\/\/www.danke-galerie.com\/#website"},"datePublished":"2018-01-31T09:42:22+00:00","dateModified":"2023-11-21T08:37:49+00:00","breadcrumb":{"@id":"https:\/\/www.danke-galerie.com\/en\/legal-notice\/#breadcrumb"},"inLanguage":"en-US","potentialAction":[{"@type":"ReadAction","target":["https:\/\/www.danke-galerie.com\/en\/legal-notice\/"]}]},{"@type":"BreadcrumbList","@id":"https:\/\/www.danke-galerie.com\/en\/legal-notice\/#breadcrumb","itemListElement":[{"@type":"ListItem","position":1,"name":"Accueil","item":"https:\/\/www.danke-galerie.com\/"},{"@type":"ListItem","position":2,"name":"Legal notice"}]},{"@type":"WebSite","@id":"https:\/\/www.danke-galerie.com\/#website","url":"https:\/\/www.danke-galerie.com\/","name":"Danke Galerie","description":"Vente mobilier du XXeme si\u00e8cle design vintage","potentialAction":[{"@type":"SearchAction","target":{"@type":"EntryPoint","urlTemplate":"https:\/\/www.danke-galerie.com\/?s={search_term_string}"},"query-input":{"@type":"PropertyValueSpecification","valueRequired":true,"valueName":"search_term_string"}}],"inLanguage":"en-US"}]}},"_links":{"self":[{"href":"https:\/\/www.danke-galerie.com\/en\/wp-json\/wp\/v2\/pages\/52098","targetHints":{"allow":["GET"]}}],"collection":[{"href":"https:\/\/www.danke-galerie.com\/en\/wp-json\/wp\/v2\/pages"}],"about":[{"href":"https:\/\/www.danke-galerie.com\/en\/wp-json\/wp\/v2\/types\/page"}],"author":[{"embeddable":true,"href":"https:\/\/www.danke-galerie.com\/en\/wp-json\/wp\/v2\/users\/2"}],"replies":[{"embeddable":true,"href":"https:\/\/www.danke-galerie.com\/en\/wp-json\/wp\/v2\/comments?post=52098"}],"version-history":[{"count":0,"href":"https:\/\/www.danke-galerie.com\/en\/wp-json\/wp\/v2\/pages\/52098\/revisions"}],"wp:attachment":[{"href":"https:\/\/www.danke-galerie.com\/en\/wp-json\/wp\/v2\/media?parent=52098"}],"curies":[{"name":"wp","href":"https:\/\/api.w.org\/{rel}","templated":true}]}}