{"id":52093,"date":"2016-04-03T19:02:18","date_gmt":"2016-04-03T19:02:18","guid":{"rendered":"https:\/\/www.danke-galerie.com\/conditions-generales-danke-galerie-vente-de-mobilier-ancien\/"},"modified":"2023-11-21T08:36:38","modified_gmt":"2023-11-21T08:36:38","slug":"terms-of-sale","status":"publish","type":"page","link":"https:\/\/www.danke-galerie.com\/en\/terms-of-sale\/","title":{"rendered":"Terms of sale"},"content":{"rendered":"<div class=\"wpb-content-wrapper\"><p>[vc_row css=&#8221;.vc_custom_1512333617298{margin-top: 0px !important;padding-top: 0px !important;}&#8221;][vc_column css=&#8221;.vc_custom_1513942294946{margin-top: 0px !important;padding-top: 60px !important;padding-bottom: 20px !important;}&#8221;][vc_column_text css=&#8221;.vc_custom_1515145502528{margin-top: 0px !important;padding-top: 0px !important;}&#8221;][\/vc_column_text][\/vc_column][\/vc_row][vc_row][vc_column width=&#8221;1\/3&#8243;][vc_single_image image=&#8221;27800&#8243; img_size=&#8221;full&#8221; alignment=&#8221;center&#8221;][\/vc_column][vc_column width=&#8221;2\/3&#8243;][vc_column_text css=&#8221;.vc_custom_1515145534356{padding-bottom: 10px !important;padding-left: 25px !important;}&#8221;]<\/p>\n<h1 style=\"text-align: left;\">Conditions g\u00e9n\u00e9rales de vente<\/h1>\n<p>[\/vc_column_text][vc_tta_accordion style=&#8221;flat&#8221; shape=&#8221;square&#8221; color=&#8221;white&#8221; active_section=&#8221;200&#8243; collapsible_all=&#8221;true&#8221;][vc_tta_section title=&#8221;Pour commander&#8221; tab_id=&#8221;1512333387493-d7f250dd-da03&#8243;][vc_column_text]<em><br \/>\n<\/em><em><strong>\u2022 Remplissez\u00a0<\/strong>\u00a0notre\u00a0<a title=\"formulaire de commande\" href=\"http:\/\/www.danke-galerie.com\/commander\/\">formulaire de commande<br \/>\n<\/a><\/em><em><strong>\u2022 t\u00e9l\u00e9phonez nous<\/strong>\u00a0au\u00a0<strong>04.87.77.47.63.<\/strong><\/em><\/p>\n<p><em>Nous restons \u00e0 votre disposition si vous avez des questions ou souhaitez plus de renseignements.<\/em>[\/vc_column_text][\/vc_tta_section][vc_tta_section title=&#8221;Mode de paiement&#8221; tab_id=&#8221;1512333387510-2b8a5907-31e0&#8243;][vc_column_text]<em>Quatre modes de paiement :<\/em><\/p>\n<ul>\n<li><em>Par\u00a0<strong>virement bancaire (vous trouverez notre RIB directement sur votre facture)<\/strong><\/em><\/li>\n<li><em>Par\u00a0<strong>ch\u00e8que<\/strong><\/em><\/li>\n<li>Par <em><strong>paypal<\/strong><\/em> ( +5,5% de frais commissions paypal)<\/li>\n<li><i>En\u00a0<\/i><strong><em>esp\u00e8ce\u00a0<\/em><\/strong><i>(si la livraison a lieu en main propre)<\/i><\/li>\n<\/ul>\n<p>[\/vc_column_text][\/vc_tta_section][vc_tta_section title=&#8221;Transport et les livraisons&#8221; tab_id=&#8221;1513332887093-35285667-fa7b&#8221;][vc_column_text]<em>DANKE Galerie est install\u00e9 \u00e0 Lyon<\/em><em>. Nous organisons les livraisons de partout en France, et dans le monde entier.<\/em><\/p>\n<p><i>\u00a0Afin de choisir la meilleure solution pour l\u2019expedition de vos commandes,\u00a0merci de nous communiquer l\u2019adresse de livraison, nous vous \u00e9tablirons\u00a0un devis dans les plus brefs d\u00e9lais.<\/i><\/p>\n<ul>\n<li><em><strong>Rh\u00f4ne-Alpes<\/strong>\u00a0: nous nous chargeons personnellement d\u2019assurer la livraison sur devis.<\/em><\/li>\n<li><em><strong>FRANCE et l\u2019\u00e9tranger :<\/strong>\u00a0 livraisons assur\u00e9es par transporteur sp\u00e9cialis\u00e9 sur devis.\u00a0<\/em><\/li>\n<li><em><strong>Retrait dans notre atelier :<\/strong>\u00a0Sur rendez vous.<\/em><\/li>\n<\/ul>\n<p><em><strong>Les tarifs<\/strong>\u00a0varient en fonction : du lieu de livraison, du poids et des dimensions du produit.\u00a0<\/em>[\/vc_column_text][\/vc_tta_section][vc_tta_section title=&#8221;Etat&#8221; tab_id=&#8221;1627891596165-edda0917-ed4b&#8221;][vc_column_text]Les articles que nous proposons sur le site sont anciens (parfois plus de 80 ans), par consequent ils ne respectent souvent plus les normes actuelles.<\/p>\n<p>Les articles sont test\u00e9s avant expedition et vendus en l&#8217;\u00e9tat. Nous nous d\u00e9chargeons de toute responsabilit\u00e9s concernant l&#8217;utilisation que le client peut faire de son ou ses article(s), achet\u00e9(s) sur le site Danke Galerie.[\/vc_column_text][\/vc_tta_section][\/vc_tta_accordion][vc_column_text css=&#8221;.vc_custom_1515145465413{margin-top: 0px !important;margin-bottom: 0px !important;padding-top: 0px !important;padding-bottom: 10px !important;padding-left: 25px !important;}&#8221;]<\/p>\n<h1><\/h1>\n<h1><\/h1>\n<h1 style=\"text-align: left;\">FAQ<\/h1>\n<p>[\/vc_column_text][vc_tta_accordion style=&#8221;flat&#8221; shape=&#8221;square&#8221; color=&#8221;white&#8221; active_section=&#8221;200&#8243; collapsible_all=&#8221;true&#8221; css=&#8221;.vc_custom_1513333976772{margin-top: 0px !important;padding-top: 0px !important;}&#8221;][vc_tta_section title=&#8221;Quel est l&#8217;\u00e9tat des pi\u00e8ces ?&#8221; tab_id=&#8221;1513333816654-104ca832-0b85&#8243;][vc_column_text]Nous s\u00e9lectionnons uniquement des pi\u00e8ces en bon \u00e9tat et si n\u00e9cessaire effectuons les restaurations avant la vente. Naturellement les objets que nous proposons pr\u00e9sentent des traces du temps, mais nous mettons un point d\u2019honneur \u00e0 d\u00e9crire le plus pr\u00e9cis\u00e9ment possible l\u2019\u00e9tat , les mat\u00e9riaux, les dimensions et les couleurs des biens propos\u00e9s.<\/p>\n<p>&nbsp;<\/p>\n<p>N&#8217;h\u00e9sitez pas nous contacter si vous avez la moindre question nous sommes la pour vous r\u00e9pondre.<\/p>\n<p>&nbsp;<\/p>\n<p>Les articles que nous proposons sur le site sont anciens (parfois plus de 80 ans), par consequent ils ne respectent souvent plus les normes actuelles.\u00a0Les articles sont test\u00e9s avant expedition et vendus en l&#8217;\u00e9tat. Nous nous d\u00e9chargeons de toute responsabilit\u00e9s concernant l&#8217;utilisation que le client peut faire de son ou ses article(s), achet\u00e9(s) sur le site Danke Galerie.[\/vc_column_text][\/vc_tta_section][vc_tta_section title=&#8221;La collection est elle d&#8217;\u00e9poque ?&#8221; tab_id=&#8221;1513333816680-e40e9688-5a27&#8243;][vc_column_text]Nous proposons des pi\u00e8ces <em><strong>originales et d&#8217;\u00e9poques<\/strong><\/em>*, sign\u00e9es ou non, des ann\u00e9es 40 aux ann\u00e9es 80. Ces pi\u00e8ces ont \u00e9t\u00e9 chin\u00e9es, s\u00e9lectionn\u00e9es avec le plus grand soin aupr\u00e8s de professionnels ou de particuliers en France et \u00e0 l\u2019\u00e9tranger.<\/p>\n<p><strong>*\u00a0<\/strong>Depuis peut <strong>Danke galerie<\/strong> propose une selection de luminaires modernes, fabriqu\u00e9e en Italie de mani\u00e8re artisanale. Vous pouvez retrouver cette selection dans la rubrique <a href=\"http:\/\/www.danke-galerie.com\/categorie-produit\/luminaires\/reeditions-luminaires\/\">Luminaires &gt; R\u00e9\u00e9dition.<\/a><br \/>\nA l&#8217;exception de cette rubrique toutes les pi\u00e8ces pr\u00e9sent\u00e9es sont d&#8217;\u00e9poques.[\/vc_column_text][\/vc_tta_section][vc_tta_section title=&#8221;Vous recherchez une pi\u00e8ce pr\u00e9cise ?&#8221; tab_id=&#8221;1513333816708-2711ebff-dfac&#8221;][vc_column_text]N\u2019h\u00e9sitez pas \u00e0 nous transmettre votre demande, nous essaierons de\u00a0 trouver cette pi\u00e8ce dans la mesure du possible.[\/vc_column_text][\/vc_tta_section][vc_tta_section title=&#8221;Vous souhaitez vendre du mobilier ?&#8221; tab_id=&#8221;1513333916291-259e2778-cad2&#8243;][vc_column_text]Vous pouvez nous contacter par mail ou t\u00e9l\u00e9phone si vous souhaitez vendre votre mobilier. [\/vc_column_text][\/vc_tta_section][vc_tta_section title=&#8221;Informations l\u00e9gales&#8221; tab_id=&#8221;1513333936814-2ae7167d-e4b1&#8243;][vc_column_text]DANKE Galerie SARL \u2013 BAST \u2013 RCS Vienne 821724234 \u2013 Siege social : 69360 TERNAY. G\u00e9rant : Emilien BASTDE \u2013 Tel : +33 (0)4 87 77 47 63[\/vc_column_text][\/vc_tta_section][\/vc_tta_accordion][\/vc_column][\/vc_row]<\/p>\n<\/div>","protected":false},"excerpt":{"rendered":"<p>[vc_row css=&#8221;.vc_custom_1512333617298{margin-top: 0px !important;padding-top: 0px !important;}&#8221;][vc_column css=&#8221;.vc_custom_1513942294946{margin-top: 0px !important;padding-top: 60px !important;padding-bottom: 20px !important;}&#8221;][vc_column_text css=&#8221;.vc_custom_1515145502528{margin-top: 0px !important;padding-top: 0px !important;}&#8221;][\/vc_column_text][\/vc_column][\/vc_row][vc_row][vc_column width=&#8221;1\/3&#8243;][vc_single_image image=&#8221;27800&#8243; img_size=&#8221;full&#8221; alignment=&#8221;center&#8221;][\/vc_column][vc_column width=&#8221;2\/3&#8243;][vc_column_text css=&#8221;.vc_custom_1515145534356{padding-bottom: 10px !important;padding-left: 25px !important;}&#8221;] Conditions g\u00e9n\u00e9rales de vente [\/vc_column_text][vc_tta_accordion style=&#8221;flat&#8221; shape=&#8221;square&#8221; color=&#8221;white&#8221; active_section=&#8221;200&#8243; collapsible_all=&#8221;true&#8221;][vc_tta_section title=&#8221;Pour commander&#8221; tab_id=&#8221;1512333387493-d7f250dd-da03&#8243;][vc_column_text] \u2022 Remplissez\u00a0\u00a0notre\u00a0formulaire de commande \u2022 t\u00e9l\u00e9phonez nous\u00a0au\u00a004.87.77.47.63. Nous restons \u00e0 votre disposition si vous [&hellip;]<\/p>\n","protected":false},"author":1,"featured_media":0,"parent":0,"menu_order":0,"comment_status":"closed","ping_status":"closed","template":"","meta":{"footnotes":""},"class_list":["post-52093","page","type-page","status-publish","hentry"],"yoast_head":"<!-- This site is optimized with the Yoast SEO plugin v26.7 - https:\/\/yoast.com\/wordpress\/plugins\/seo\/ -->\n<title>Terms of sale - Danke Galerie<\/title>\n<meta name=\"robots\" content=\"index, follow, max-snippet:-1, max-image-preview:large, max-video-preview:-1\" \/>\n<link rel=\"canonical\" href=\"https:\/\/www.danke-galerie.com\/en\/terms-of-sale\/\" \/>\n<meta property=\"og:locale\" content=\"en_US\" \/>\n<meta property=\"og:type\" content=\"article\" \/>\n<meta property=\"og:title\" content=\"Terms of sale - Danke Galerie\" \/>\n<meta property=\"og:description\" content=\"[vc_row css=&#8221;.vc_custom_1512333617298{margin-top: 0px !important;padding-top: 0px !important;}&#8221;][vc_column css=&#8221;.vc_custom_1513942294946{margin-top: 0px !important;padding-top: 60px !important;padding-bottom: 20px !important;}&#8221;][vc_column_text css=&#8221;.vc_custom_1515145502528{margin-top: 0px !important;padding-top: 0px !important;}&#8221;][\/vc_column_text][\/vc_column][\/vc_row][vc_row][vc_column width=&#8221;1\/3&#8243;][vc_single_image image=&#8221;27800&#8243; img_size=&#8221;full&#8221; alignment=&#8221;center&#8221;][\/vc_column][vc_column width=&#8221;2\/3&#8243;][vc_column_text css=&#8221;.vc_custom_1515145534356{padding-bottom: 10px !important;padding-left: 25px !important;}&#8221;] Conditions g\u00e9n\u00e9rales de vente [\/vc_column_text][vc_tta_accordion style=&#8221;flat&#8221; shape=&#8221;square&#8221; color=&#8221;white&#8221; active_section=&#8221;200&#8243; collapsible_all=&#8221;true&#8221;][vc_tta_section title=&#8221;Pour commander&#8221; tab_id=&#8221;1512333387493-d7f250dd-da03&#8243;][vc_column_text] \u2022 Remplissez\u00a0\u00a0notre\u00a0formulaire de commande \u2022 t\u00e9l\u00e9phonez nous\u00a0au\u00a004.87.77.47.63. Nous restons \u00e0 votre disposition si vous [&hellip;]\" \/>\n<meta property=\"og:url\" content=\"https:\/\/www.danke-galerie.com\/en\/terms-of-sale\/\" \/>\n<meta property=\"og:site_name\" content=\"Danke Galerie\" \/>\n<meta property=\"article:modified_time\" content=\"2023-11-21T08:36:38+00:00\" \/>\n<meta name=\"twitter:card\" content=\"summary_large_image\" \/>\n<meta name=\"twitter:label1\" content=\"Est. reading time\" \/>\n\t<meta name=\"twitter:data1\" content=\"4 minutes\" \/>\n<script type=\"application\/ld+json\" class=\"yoast-schema-graph\">{\"@context\":\"https:\/\/schema.org\",\"@graph\":[{\"@type\":\"WebPage\",\"@id\":\"https:\/\/www.danke-galerie.com\/en\/terms-of-sale\/\",\"url\":\"https:\/\/www.danke-galerie.com\/en\/terms-of-sale\/\",\"name\":\"Terms of sale - Danke Galerie\",\"isPartOf\":{\"@id\":\"https:\/\/www.danke-galerie.com\/#website\"},\"datePublished\":\"2016-04-03T19:02:18+00:00\",\"dateModified\":\"2023-11-21T08:36:38+00:00\",\"breadcrumb\":{\"@id\":\"https:\/\/www.danke-galerie.com\/en\/terms-of-sale\/#breadcrumb\"},\"inLanguage\":\"en-US\",\"potentialAction\":[{\"@type\":\"ReadAction\",\"target\":[\"https:\/\/www.danke-galerie.com\/en\/terms-of-sale\/\"]}]},{\"@type\":\"BreadcrumbList\",\"@id\":\"https:\/\/www.danke-galerie.com\/en\/terms-of-sale\/#breadcrumb\",\"itemListElement\":[{\"@type\":\"ListItem\",\"position\":1,\"name\":\"Accueil\",\"item\":\"https:\/\/www.danke-galerie.com\/\"},{\"@type\":\"ListItem\",\"position\":2,\"name\":\"Terms of sale\"}]},{\"@type\":\"WebSite\",\"@id\":\"https:\/\/www.danke-galerie.com\/#website\",\"url\":\"https:\/\/www.danke-galerie.com\/\",\"name\":\"Danke Galerie\",\"description\":\"Vente mobilier du XXeme si\u00e8cle design vintage\",\"potentialAction\":[{\"@type\":\"SearchAction\",\"target\":{\"@type\":\"EntryPoint\",\"urlTemplate\":\"https:\/\/www.danke-galerie.com\/?s={search_term_string}\"},\"query-input\":{\"@type\":\"PropertyValueSpecification\",\"valueRequired\":true,\"valueName\":\"search_term_string\"}}],\"inLanguage\":\"en-US\"}]}<\/script>\n<!-- \/ Yoast SEO plugin. -->","yoast_head_json":{"title":"Terms of sale - Danke Galerie","robots":{"index":"index","follow":"follow","max-snippet":"max-snippet:-1","max-image-preview":"max-image-preview:large","max-video-preview":"max-video-preview:-1"},"canonical":"https:\/\/www.danke-galerie.com\/en\/terms-of-sale\/","og_locale":"en_US","og_type":"article","og_title":"Terms of sale - Danke Galerie","og_description":"[vc_row css=&#8221;.vc_custom_1512333617298{margin-top: 0px !important;padding-top: 0px !important;}&#8221;][vc_column css=&#8221;.vc_custom_1513942294946{margin-top: 0px !important;padding-top: 60px !important;padding-bottom: 20px !important;}&#8221;][vc_column_text css=&#8221;.vc_custom_1515145502528{margin-top: 0px !important;padding-top: 0px !important;}&#8221;][\/vc_column_text][\/vc_column][\/vc_row][vc_row][vc_column width=&#8221;1\/3&#8243;][vc_single_image image=&#8221;27800&#8243; img_size=&#8221;full&#8221; alignment=&#8221;center&#8221;][\/vc_column][vc_column width=&#8221;2\/3&#8243;][vc_column_text css=&#8221;.vc_custom_1515145534356{padding-bottom: 10px !important;padding-left: 25px !important;}&#8221;] Conditions g\u00e9n\u00e9rales de vente [\/vc_column_text][vc_tta_accordion style=&#8221;flat&#8221; shape=&#8221;square&#8221; color=&#8221;white&#8221; active_section=&#8221;200&#8243; collapsible_all=&#8221;true&#8221;][vc_tta_section title=&#8221;Pour commander&#8221; tab_id=&#8221;1512333387493-d7f250dd-da03&#8243;][vc_column_text] \u2022 Remplissez\u00a0\u00a0notre\u00a0formulaire de commande \u2022 t\u00e9l\u00e9phonez nous\u00a0au\u00a004.87.77.47.63. Nous restons \u00e0 votre disposition si vous [&hellip;]","og_url":"https:\/\/www.danke-galerie.com\/en\/terms-of-sale\/","og_site_name":"Danke Galerie","article_modified_time":"2023-11-21T08:36:38+00:00","twitter_card":"summary_large_image","twitter_misc":{"Est. reading time":"4 minutes"},"schema":{"@context":"https:\/\/schema.org","@graph":[{"@type":"WebPage","@id":"https:\/\/www.danke-galerie.com\/en\/terms-of-sale\/","url":"https:\/\/www.danke-galerie.com\/en\/terms-of-sale\/","name":"Terms of sale - Danke Galerie","isPartOf":{"@id":"https:\/\/www.danke-galerie.com\/#website"},"datePublished":"2016-04-03T19:02:18+00:00","dateModified":"2023-11-21T08:36:38+00:00","breadcrumb":{"@id":"https:\/\/www.danke-galerie.com\/en\/terms-of-sale\/#breadcrumb"},"inLanguage":"en-US","potentialAction":[{"@type":"ReadAction","target":["https:\/\/www.danke-galerie.com\/en\/terms-of-sale\/"]}]},{"@type":"BreadcrumbList","@id":"https:\/\/www.danke-galerie.com\/en\/terms-of-sale\/#breadcrumb","itemListElement":[{"@type":"ListItem","position":1,"name":"Accueil","item":"https:\/\/www.danke-galerie.com\/"},{"@type":"ListItem","position":2,"name":"Terms of sale"}]},{"@type":"WebSite","@id":"https:\/\/www.danke-galerie.com\/#website","url":"https:\/\/www.danke-galerie.com\/","name":"Danke Galerie","description":"Vente mobilier du XXeme si\u00e8cle design vintage","potentialAction":[{"@type":"SearchAction","target":{"@type":"EntryPoint","urlTemplate":"https:\/\/www.danke-galerie.com\/?s={search_term_string}"},"query-input":{"@type":"PropertyValueSpecification","valueRequired":true,"valueName":"search_term_string"}}],"inLanguage":"en-US"}]}},"_links":{"self":[{"href":"https:\/\/www.danke-galerie.com\/en\/wp-json\/wp\/v2\/pages\/52093","targetHints":{"allow":["GET"]}}],"collection":[{"href":"https:\/\/www.danke-galerie.com\/en\/wp-json\/wp\/v2\/pages"}],"about":[{"href":"https:\/\/www.danke-galerie.com\/en\/wp-json\/wp\/v2\/types\/page"}],"author":[{"embeddable":true,"href":"https:\/\/www.danke-galerie.com\/en\/wp-json\/wp\/v2\/users\/1"}],"replies":[{"embeddable":true,"href":"https:\/\/www.danke-galerie.com\/en\/wp-json\/wp\/v2\/comments?post=52093"}],"version-history":[{"count":0,"href":"https:\/\/www.danke-galerie.com\/en\/wp-json\/wp\/v2\/pages\/52093\/revisions"}],"wp:attachment":[{"href":"https:\/\/www.danke-galerie.com\/en\/wp-json\/wp\/v2\/media?parent=52093"}],"curies":[{"name":"wp","href":"https:\/\/api.w.org\/{rel}","templated":true}]}}