{"id":19847,"date":"2020-04-01T20:06:26","date_gmt":"2020-04-01T20:06:26","guid":{"rendered":"https:\/\/www.danke-galerie.com\/vincent-vincent-ebeniste-objet-meuble-design\/"},"modified":"2023-01-11T15:43:41","modified_gmt":"2023-01-11T15:43:41","slug":"vincent-vincent-ebeniste-objet-meuble-design","status":"publish","type":"page","link":"https:\/\/www.danke-galerie.com\/en\/vincent-vincent-ebeniste-objet-meuble-design\/","title":{"rendered":"Vincent Vincent \u00e9b\u00e9niste objet meuble design"},"content":{"rendered":"<div class=\"wpb-content-wrapper\"><p>[vc_row css=&#8221;.vc_custom_1589188572474{padding-top: 60px !important;padding-right: 60px !important;padding-bottom: 0px !important;padding-left: 60px !important;}&#8221; el_class=&#8221;creationTitle&#8221;][vc_column][vc_empty_space height=&#8221;22px&#8221;][vc_column_text]<\/p>\n<h4 style=\"text-align: right;\">VINCENT VINCENT<\/h4>\n<p>[\/vc_column_text][vc_empty_space height=&#8221;12px&#8221;][\/vc_column][\/vc_row][vc_row el_class=&#8221;creation&#8221;][vc_column width=&#8221;1\/3&#8243; css=&#8221;.vc_custom_1589184415701{padding-right: 60px !important;padding-left: 30px !important;}&#8221;][vc_empty_space height=&#8221;120px&#8221;][vc_single_image image=&#8221;27730&#8243; img_size=&#8221;full&#8221; alignment=&#8221;center&#8221; onclick=&#8221;custom_link&#8221; link=&#8221;https:\/\/www.danke-galerie.com\/produit\/bureau-table-a-manger-100-20-par-vincent-vincent-en-bois-brule-vv114\/&#8221; title=&#8221;Table 100\/20 par vincent vincent bois brul\u00e9 VV114&#8243;][vc_empty_space height=&#8221;60px&#8221;][vc_empty_space height=&#8221;60px&#8221;][vc_single_image image=&#8221;34052&#8243; img_size=&#8221;full&#8221; onclick=&#8221;custom_link&#8221; link=&#8221;https:\/\/www.danke-galerie.com\/produit\/applique-moderne-par-vincent-vincent-bois-brule-vv121\/&#8221; title=&#8221;Applique &#8220;biche&#8220; par vincent vincent bois br\u00fbl\u00e9&#8221;][vc_empty_space height=&#8221;60px&#8221;][vc_single_image image=&#8221;19696&#8243; img_size=&#8221;medium&#8221; alignment=&#8221;center&#8221; onclick=&#8221;custom_link&#8221; link=&#8221;https:\/\/www.danke-galerie.com\/produit\/tabouret-minimaliste-en-bois-brule-par-vincent-vincent\/&#8221; title=&#8221;Tabouret minimaliste par vincent vincent bois brul\u00e9 VV110&#8243;][vc_empty_space height=&#8221;60px&#8221;][vc_empty_space][vc_single_image image=&#8221;19746&#8243; img_size=&#8221;medium&#8221; alignment=&#8221;right&#8221; onclick=&#8221;custom_link&#8221; link=&#8221;https:\/\/www.danke-galerie.com\/produit\/table-a-manger-80-20-par-vincent-vincent-bois-brule-vv105-bis\/&#8221; title=&#8221;Table \u00e0 manger ronde par vincent vincent bois brul\u00e9 VV105&#8243;][vc_empty_space height=&#8221;60px&#8221;][vc_single_image image=&#8221;37102&#8243; img_size=&#8221;full&#8221; alignment=&#8221;right&#8221; onclick=&#8221;custom_link&#8221; link=&#8221;https:\/\/www.danke-galerie.com\/produit\/grande-table-a-manger-vincent-vincent-80-20-chene-danke-galerie-vv108\/&#8221; title=&#8221;Table \u00e0 manger 80\/20 par vincent vincent ch\u00eane naturel VV108&#8243;][vc_empty_space height=&#8221;60px&#8221;][vc_single_image image=&#8221;22181&#8243; img_size=&#8221;medium&#8221; onclick=&#8221;custom_link&#8221; link=&#8221;https:\/\/www.danke-galerie.com\/produit\/table-basse-bestiale-par-vincent-vincent-bois-brule-ebenisterie-dart\/&#8221; title=&#8221;Table basse bestiale par vincent vincent bois brul\u00e9 VV113&#8243;][vc_empty_space][vc_single_image image=&#8221;19712&#8243; img_size=&#8221;medium&#8221; alignment=&#8221;center&#8221; onclick=&#8221;custom_link&#8221; link=&#8221;https:\/\/www.danke-galerie.com\/produit\/tabouret-vincent-vincent-80-20-danke-galerie-vv112-2\/&#8221; title=&#8221;Tabouret 80\/20 par vincent vincent \u00e9b\u00e9niste VV112&#8243;][vc_empty_space height=&#8221;60px&#8221;][\/vc_column][vc_column width=&#8221;1\/3&#8243; css=&#8221;.vc_custom_1588945737975{padding-right: 30px !important;padding-left: 30px !important;}&#8221;][vc_single_image image=&#8221;34146&#8243; img_size=&#8221;full&#8221; alignment=&#8221;right&#8221; onclick=&#8221;custom_link&#8221; link=&#8221;https:\/\/www.danke-galerie.com\/produit\/lampe-de-table-rondin-par-vincent-vincent-bois-brule-vv118\/&#8221; title=&#8221;Lampe de Table &#8220;rondin&#8220; par vincent vincent VV118&#8243;][vc_empty_space height=&#8221;60px&#8221;][vc_single_image image=&#8221;32791&#8243; img_size=&#8221;full&#8221; alignment=&#8221;right&#8221; onclick=&#8221;custom_link&#8221; link=&#8221;https:\/\/www.danke-galerie.com\/produit\/banc-80-20-par-vincent-vincent-en-bois-brule-ethnique-brutaliste-danke-galerie-vv119\/&#8221; title=&#8221;Banc 80\/20 par vincent vincent \u00e9b\u00e9niste d&#8217;art bois brul\u00e9 VV119&#8243;][vc_empty_space height=&#8221;60px&#8221;][vc_empty_space height=&#8221;60px&#8221;][vc_single_image image=&#8221;41328&#8243; img_size=&#8221;full&#8221; onclick=&#8221;custom_link&#8221; title=&#8221;Tabouret 80\/20 par vincent vincent bois br\u00fbl\u00e9 VV112&#8243; link=&#8221;https:\/\/www.danke-galerie.com\/produit\/tabouret-vincent-vincent-80-20-bois-brule-danke-galerie-vv112\/&#8221;][vc_empty_space height=&#8221;60px&#8221;][vc_single_image image=&#8221;41324&#8243; onclick=&#8221;custom_link&#8221; link=&#8221;https:\/\/www.danke-galerie.com\/produit\/table-a-manger-bureau-100-20-vincent-vincent-design-frene-massif-vv116\/&#8221; title=&#8221;Table fr\u00eane massif par vincent vincent VV116&#8243;][vc_empty_space][vc_empty_space height=&#8221;60px&#8221;][vc_single_image image=&#8221;19757&#8243; img_size=&#8221;full&#8221; alignment=&#8221;center&#8221; onclick=&#8221;custom_link&#8221; link=&#8221;https:\/\/www.danke-galerie.com\/produit\/fauteuil-artisanal-moderne-80-20-par-vincent-vincent\/&#8221; title=&#8221;Fauteuil 80\/20 par vincent vincent bois brul\u00e9 ou naturel VV102&#8243;][vc_empty_space][vc_single_image image=&#8221;21435&#8243; img_size=&#8221;medium&#8221; onclick=&#8221;custom_link&#8221; link=&#8221;https:\/\/www.danke-galerie.com\/produit\/grande-table-a-manger-80-20-par-vincent-vincent-ebeniste-bois-brule\/&#8221; title=&#8221;Grande table \u00e0 manger 80\/20 par vincent vincent bois brul\u00e9 VV108&#8243;][vc_empty_space][vc_empty_space][vc_single_image image=&#8221;22191&#8243; img_size=&#8221;medium&#8221; alignment=&#8221;center&#8221; onclick=&#8221;custom_link&#8221; link=&#8221;https:\/\/www.danke-galerie.com\/produit\/chaise-artisanale-moderne-80-20-en-chene-par-vincent-vincent-vv103\/&#8221; title=&#8221;Chaise en ch\u00eane naturel 80\/20 par vincent vincent VV103&#8243;][\/vc_column][vc_column width=&#8221;1\/3&#8243; css=&#8221;.vc_custom_1588941922073{padding-right: 60px !important;padding-left: 60px !important;}&#8221;][vc_empty_space height=&#8221;60px&#8221;][vc_single_image image=&#8221;41334&#8243; img_size=&#8221;full&#8221; onclick=&#8221;custom_link&#8221; title=&#8221;Tabouret ch\u00eane naturel par Vincent Vincent VV112&#8243; link=&#8221;https:\/\/www.danke-galerie.com\/produit\/tabouret-vincent-vincent-80-20-chene-massif-danke-galerie-vv112\/&#8221;][vc_empty_space height=&#8221;60px&#8221;][vc_empty_space height=&#8221;60px&#8221;][vc_single_image image=&#8221;41338&#8243; img_size=&#8221;full&#8221; onclick=&#8221;custom_link&#8221; title=&#8221;Console ch\u00eane massif par vincent vincent VV109&#8243; link=&#8221;https:\/\/www.danke-galerie.com\/produit\/table-console-vincent-vincent-80-20-chene-massif-danke-galerie-vv109\/&#8221;][vc_empty_space height=&#8221;60px&#8221;][vc_single_image image=&#8221;19738&#8243; img_size=&#8221;full&#8221; onclick=&#8221;custom_link&#8221; link=&#8221;https:\/\/www.danke-galerie.com\/produit\/chaises-artisanales-modernes-80-20-par-vincent-vincent\/&#8221; title=&#8221;Chaise 80\/20 par vincent vincent \u00e9b\u00e9niste bois brul\u00e9 VV101&#8243;][vc_empty_space][vc_empty_space height=&#8221;60px&#8221;][vc_single_image image=&#8221;34132&#8243; img_size=&#8221;full&#8221; onclick=&#8221;custom_link&#8221; title=&#8221;Applique &#8220;rondin&#8220; par vincent vincent bois br\u00fbl\u00e9&#8221; link=&#8221;https:\/\/www.danke-galerie.com\/produit\/applique-rondin-par-vincent-vincent-bois-brule\/&#8221;][vc_empty_space][vc_single_image image=&#8221;23701&#8243; img_size=&#8221;full&#8221; onclick=&#8221;custom_link&#8221; title=&#8221;Fauteuil 80\/20 ch\u00eane massif naturel par Vincent Vincent VV104&#8243; link=&#8221;https:\/\/www.danke-galerie.com\/produit\/fauteuil-chaise-vincent-vincent-en-chene-massif-vv104\/&#8221;][vc_empty_space][vc_empty_space][vc_single_image image=&#8221;28555&#8243; img_size=&#8221;full&#8221; onclick=&#8221;custom_link&#8221; title=&#8221;table basse &#8220;bestiale&#8220; quadripode par vincent Vincent VV113b&#8221; link=&#8221;https:\/\/www.danke-galerie.com\/produit\/table-basse-bestiale-par-vincent-vincent-bois-brule-ebenisterie-dart-vv113b\/&#8221;][vc_empty_space][vc_single_image image=&#8221;41348&#8243; img_size=&#8221;full&#8221; onclick=&#8221;custom_link&#8221; title=&#8221;Fauteuil 80\/20&#8243; link=&#8221;https:\/\/www.danke-galerie.com\/produit\/fauteuil-artisanal-moderne-80-20-par-vincent-vincent-vv102\/&#8221;][vc_empty_space][vc_empty_space][vc_single_image image=&#8221;32018&#8243; img_size=&#8221;full&#8221; onclick=&#8221;custom_link&#8221; title=&#8221;table bois br\u00fbl\u00e9 par Vincent Vincent VV108&#8243; link=&#8221;https:\/\/www.danke-galerie.com\/produit\/grande-table-a-manger-vincent-vincent-80-20-bois-brule-vv108\/&#8221;][\/vc_column][\/vc_row]<\/p>\n<\/div>","protected":false},"excerpt":{"rendered":"<p>[vc_row css=&#8221;.vc_custom_1589188572474{padding-top: 60px !important;padding-right: 60px !important;padding-bottom: 0px !important;padding-left: 60px !important;}&#8221; el_class=&#8221;creationTitle&#8221;][vc_column][vc_empty_space height=&#8221;22px&#8221;][vc_column_text] VINCENT VINCENT [\/vc_column_text][vc_empty_space height=&#8221;12px&#8221;][\/vc_column][\/vc_row][vc_row el_class=&#8221;creation&#8221;][vc_column width=&#8221;1\/3&#8243; css=&#8221;.vc_custom_1589184415701{padding-right: 60px !important;padding-left: 30px !important;}&#8221;][vc_empty_space height=&#8221;120px&#8221;][vc_single_image image=&#8221;27730&#8243; img_size=&#8221;full&#8221; alignment=&#8221;center&#8221; onclick=&#8221;custom_link&#8221; link=&#8221;https:\/\/www.danke-galerie.com\/produit\/bureau-table-a-manger-100-20-par-vincent-vincent-en-bois-brule-vv114\/&#8221; title=&#8221;Table 100\/20 par vincent vincent bois brul\u00e9 VV114&#8243;][vc_empty_space height=&#8221;60px&#8221;][vc_empty_space height=&#8221;60px&#8221;][vc_single_image image=&#8221;34052&#8243; img_size=&#8221;full&#8221; onclick=&#8221;custom_link&#8221; link=&#8221;https:\/\/www.danke-galerie.com\/produit\/applique-moderne-par-vincent-vincent-bois-brule-vv121\/&#8221; title=&#8221;Applique &#8220;biche&#8220; par vincent vincent bois br\u00fbl\u00e9&#8221;][vc_empty_space height=&#8221;60px&#8221;][vc_single_image image=&#8221;19696&#8243; img_size=&#8221;medium&#8221; alignment=&#8221;center&#8221; onclick=&#8221;custom_link&#8221; [&hellip;]<\/p>\n","protected":false},"author":1,"featured_media":0,"parent":0,"menu_order":0,"comment_status":"closed","ping_status":"closed","template":"","meta":{"footnotes":""},"class_list":["post-19847","page","type-page","status-publish","hentry"],"yoast_head":"<!-- This site is optimized with the Yoast SEO plugin v26.7 - https:\/\/yoast.com\/wordpress\/plugins\/seo\/ -->\n<title>Vincent Vincent \u00e9b\u00e9niste objet meuble design - Danke Galerie<\/title>\n<meta name=\"robots\" content=\"index, follow, max-snippet:-1, max-image-preview:large, max-video-preview:-1\" \/>\n<link rel=\"canonical\" href=\"https:\/\/www.danke-galerie.com\/en\/vincent-vincent-ebeniste-objet-meuble-design\/\" \/>\n<meta property=\"og:locale\" content=\"en_US\" \/>\n<meta property=\"og:type\" content=\"article\" \/>\n<meta property=\"og:title\" content=\"Vincent Vincent \u00e9b\u00e9niste objet meuble design - Danke Galerie\" \/>\n<meta property=\"og:description\" content=\"[vc_row css=&#8221;.vc_custom_1589188572474{padding-top: 60px !important;padding-right: 60px !important;padding-bottom: 0px !important;padding-left: 60px !important;}&#8221; el_class=&#8221;creationTitle&#8221;][vc_column][vc_empty_space height=&#8221;22px&#8221;][vc_column_text] VINCENT VINCENT [\/vc_column_text][vc_empty_space height=&#8221;12px&#8221;][\/vc_column][\/vc_row][vc_row el_class=&#8221;creation&#8221;][vc_column width=&#8221;1\/3&#8243; css=&#8221;.vc_custom_1589184415701{padding-right: 60px !important;padding-left: 30px !important;}&#8221;][vc_empty_space height=&#8221;120px&#8221;][vc_single_image image=&#8221;27730&#8243; img_size=&#8221;full&#8221; alignment=&#8221;center&#8221; onclick=&#8221;custom_link&#8221; link=&#8221;https:\/\/www.danke-galerie.com\/produit\/bureau-table-a-manger-100-20-par-vincent-vincent-en-bois-brule-vv114\/&#8221; title=&#8221;Table 100\/20 par vincent vincent bois brul\u00e9 VV114&#8243;][vc_empty_space height=&#8221;60px&#8221;][vc_empty_space height=&#8221;60px&#8221;][vc_single_image image=&#8221;34052&#8243; img_size=&#8221;full&#8221; onclick=&#8221;custom_link&#8221; link=&#8221;https:\/\/www.danke-galerie.com\/produit\/applique-moderne-par-vincent-vincent-bois-brule-vv121\/&#8221; title=&#8221;Applique &#8220;biche&#8220; par vincent vincent bois br\u00fbl\u00e9&#8221;][vc_empty_space height=&#8221;60px&#8221;][vc_single_image image=&#8221;19696&#8243; img_size=&#8221;medium&#8221; alignment=&#8221;center&#8221; onclick=&#8221;custom_link&#8221; [&hellip;]\" \/>\n<meta property=\"og:url\" content=\"https:\/\/www.danke-galerie.com\/en\/vincent-vincent-ebeniste-objet-meuble-design\/\" \/>\n<meta property=\"og:site_name\" content=\"Danke Galerie\" \/>\n<meta property=\"article:modified_time\" content=\"2023-01-11T15:43:41+00:00\" \/>\n<meta name=\"twitter:card\" content=\"summary_large_image\" \/>\n<meta name=\"twitter:label1\" content=\"Est. reading time\" \/>\n\t<meta name=\"twitter:data1\" content=\"4 minutes\" \/>\n<script type=\"application\/ld+json\" class=\"yoast-schema-graph\">{\"@context\":\"https:\/\/schema.org\",\"@graph\":[{\"@type\":\"WebPage\",\"@id\":\"https:\/\/www.danke-galerie.com\/en\/vincent-vincent-ebeniste-objet-meuble-design\/\",\"url\":\"https:\/\/www.danke-galerie.com\/en\/vincent-vincent-ebeniste-objet-meuble-design\/\",\"name\":\"Vincent Vincent \u00e9b\u00e9niste objet meuble design - Danke Galerie\",\"isPartOf\":{\"@id\":\"https:\/\/www.danke-galerie.com\/#website\"},\"datePublished\":\"2020-04-01T20:06:26+00:00\",\"dateModified\":\"2023-01-11T15:43:41+00:00\",\"breadcrumb\":{\"@id\":\"https:\/\/www.danke-galerie.com\/en\/vincent-vincent-ebeniste-objet-meuble-design\/#breadcrumb\"},\"inLanguage\":\"en-US\",\"potentialAction\":[{\"@type\":\"ReadAction\",\"target\":[\"https:\/\/www.danke-galerie.com\/en\/vincent-vincent-ebeniste-objet-meuble-design\/\"]}]},{\"@type\":\"BreadcrumbList\",\"@id\":\"https:\/\/www.danke-galerie.com\/en\/vincent-vincent-ebeniste-objet-meuble-design\/#breadcrumb\",\"itemListElement\":[{\"@type\":\"ListItem\",\"position\":1,\"name\":\"Accueil\",\"item\":\"https:\/\/www.danke-galerie.com\/\"},{\"@type\":\"ListItem\",\"position\":2,\"name\":\"Vincent Vincent \u00e9b\u00e9niste objet meuble design\"}]},{\"@type\":\"WebSite\",\"@id\":\"https:\/\/www.danke-galerie.com\/#website\",\"url\":\"https:\/\/www.danke-galerie.com\/\",\"name\":\"Danke Galerie\",\"description\":\"Vente mobilier du XXeme si\u00e8cle design vintage\",\"potentialAction\":[{\"@type\":\"SearchAction\",\"target\":{\"@type\":\"EntryPoint\",\"urlTemplate\":\"https:\/\/www.danke-galerie.com\/?s={search_term_string}\"},\"query-input\":{\"@type\":\"PropertyValueSpecification\",\"valueRequired\":true,\"valueName\":\"search_term_string\"}}],\"inLanguage\":\"en-US\"}]}<\/script>\n<!-- \/ Yoast SEO plugin. -->","yoast_head_json":{"title":"Vincent Vincent \u00e9b\u00e9niste objet meuble design - Danke Galerie","robots":{"index":"index","follow":"follow","max-snippet":"max-snippet:-1","max-image-preview":"max-image-preview:large","max-video-preview":"max-video-preview:-1"},"canonical":"https:\/\/www.danke-galerie.com\/en\/vincent-vincent-ebeniste-objet-meuble-design\/","og_locale":"en_US","og_type":"article","og_title":"Vincent Vincent \u00e9b\u00e9niste objet meuble design - Danke Galerie","og_description":"[vc_row css=&#8221;.vc_custom_1589188572474{padding-top: 60px !important;padding-right: 60px !important;padding-bottom: 0px !important;padding-left: 60px !important;}&#8221; el_class=&#8221;creationTitle&#8221;][vc_column][vc_empty_space height=&#8221;22px&#8221;][vc_column_text] VINCENT VINCENT [\/vc_column_text][vc_empty_space height=&#8221;12px&#8221;][\/vc_column][\/vc_row][vc_row el_class=&#8221;creation&#8221;][vc_column width=&#8221;1\/3&#8243; css=&#8221;.vc_custom_1589184415701{padding-right: 60px !important;padding-left: 30px !important;}&#8221;][vc_empty_space height=&#8221;120px&#8221;][vc_single_image image=&#8221;27730&#8243; img_size=&#8221;full&#8221; alignment=&#8221;center&#8221; onclick=&#8221;custom_link&#8221; link=&#8221;https:\/\/www.danke-galerie.com\/produit\/bureau-table-a-manger-100-20-par-vincent-vincent-en-bois-brule-vv114\/&#8221; title=&#8221;Table 100\/20 par vincent vincent bois brul\u00e9 VV114&#8243;][vc_empty_space height=&#8221;60px&#8221;][vc_empty_space height=&#8221;60px&#8221;][vc_single_image image=&#8221;34052&#8243; img_size=&#8221;full&#8221; onclick=&#8221;custom_link&#8221; link=&#8221;https:\/\/www.danke-galerie.com\/produit\/applique-moderne-par-vincent-vincent-bois-brule-vv121\/&#8221; title=&#8221;Applique &#8220;biche&#8220; par vincent vincent bois br\u00fbl\u00e9&#8221;][vc_empty_space height=&#8221;60px&#8221;][vc_single_image image=&#8221;19696&#8243; img_size=&#8221;medium&#8221; alignment=&#8221;center&#8221; onclick=&#8221;custom_link&#8221; [&hellip;]","og_url":"https:\/\/www.danke-galerie.com\/en\/vincent-vincent-ebeniste-objet-meuble-design\/","og_site_name":"Danke Galerie","article_modified_time":"2023-01-11T15:43:41+00:00","twitter_card":"summary_large_image","twitter_misc":{"Est. reading time":"4 minutes"},"schema":{"@context":"https:\/\/schema.org","@graph":[{"@type":"WebPage","@id":"https:\/\/www.danke-galerie.com\/en\/vincent-vincent-ebeniste-objet-meuble-design\/","url":"https:\/\/www.danke-galerie.com\/en\/vincent-vincent-ebeniste-objet-meuble-design\/","name":"Vincent Vincent \u00e9b\u00e9niste objet meuble design - Danke Galerie","isPartOf":{"@id":"https:\/\/www.danke-galerie.com\/#website"},"datePublished":"2020-04-01T20:06:26+00:00","dateModified":"2023-01-11T15:43:41+00:00","breadcrumb":{"@id":"https:\/\/www.danke-galerie.com\/en\/vincent-vincent-ebeniste-objet-meuble-design\/#breadcrumb"},"inLanguage":"en-US","potentialAction":[{"@type":"ReadAction","target":["https:\/\/www.danke-galerie.com\/en\/vincent-vincent-ebeniste-objet-meuble-design\/"]}]},{"@type":"BreadcrumbList","@id":"https:\/\/www.danke-galerie.com\/en\/vincent-vincent-ebeniste-objet-meuble-design\/#breadcrumb","itemListElement":[{"@type":"ListItem","position":1,"name":"Accueil","item":"https:\/\/www.danke-galerie.com\/"},{"@type":"ListItem","position":2,"name":"Vincent Vincent \u00e9b\u00e9niste objet meuble design"}]},{"@type":"WebSite","@id":"https:\/\/www.danke-galerie.com\/#website","url":"https:\/\/www.danke-galerie.com\/","name":"Danke Galerie","description":"Vente mobilier du XXeme si\u00e8cle design vintage","potentialAction":[{"@type":"SearchAction","target":{"@type":"EntryPoint","urlTemplate":"https:\/\/www.danke-galerie.com\/?s={search_term_string}"},"query-input":{"@type":"PropertyValueSpecification","valueRequired":true,"valueName":"search_term_string"}}],"inLanguage":"en-US"}]}},"_links":{"self":[{"href":"https:\/\/www.danke-galerie.com\/en\/wp-json\/wp\/v2\/pages\/19847","targetHints":{"allow":["GET"]}}],"collection":[{"href":"https:\/\/www.danke-galerie.com\/en\/wp-json\/wp\/v2\/pages"}],"about":[{"href":"https:\/\/www.danke-galerie.com\/en\/wp-json\/wp\/v2\/types\/page"}],"author":[{"embeddable":true,"href":"https:\/\/www.danke-galerie.com\/en\/wp-json\/wp\/v2\/users\/1"}],"replies":[{"embeddable":true,"href":"https:\/\/www.danke-galerie.com\/en\/wp-json\/wp\/v2\/comments?post=19847"}],"version-history":[{"count":0,"href":"https:\/\/www.danke-galerie.com\/en\/wp-json\/wp\/v2\/pages\/19847\/revisions"}],"wp:attachment":[{"href":"https:\/\/www.danke-galerie.com\/en\/wp-json\/wp\/v2\/media?parent=19847"}],"curies":[{"name":"wp","href":"https:\/\/api.w.org\/{rel}","templated":true}]}}