{"id":19846,"date":"2020-05-11T08:09:36","date_gmt":"2020-05-11T08:09:36","guid":{"rendered":"https:\/\/www.danke-galerie.com\/danke-studio-vente-mobilier-luminaire-creation-moderne\/"},"modified":"2024-03-16T07:55:41","modified_gmt":"2024-03-16T07:55:41","slug":"danke-studio-vente-mobilier-luminaire-creation-moderne","status":"publish","type":"page","link":"https:\/\/www.danke-galerie.com\/en\/danke-studio-vente-mobilier-luminaire-creation-moderne\/","title":{"rendered":"Danke Studio \u2013 Vente mobilier, luminaire, cr\u00e9ation moderne"},"content":{"rendered":"<div class=\"wpb-content-wrapper\"><p>[vc_row css=&#8221;.vc_custom_1589188757104{padding-top: 60px !important;padding-right: 60px !important;padding-bottom: 0px !important;padding-left: 60px !important;}&#8221; el_class=&#8221;creationTitle&#8221;][vc_column][vc_empty_space height=&#8221;22px&#8221;][vc_column_text]<\/p>\n<h1 style=\"font-size: 18px; text-align: right;\">Danke Studio<\/h1>\n<p>[\/vc_column_text][vc_empty_space height=&#8221;12px&#8221;][\/vc_column][\/vc_row][vc_row el_class=&#8221;creation&#8221;][vc_column width=&#8221;1\/3&#8243; css=&#8221;.vc_custom_1589184751350{padding-right: 60px !important;padding-left: 30px !important;}&#8221;][vc_single_image image=&#8221;55549&#8243; img_size=&#8221;full&#8221; alignment=&#8221;right&#8221; onclick=&#8221;custom_link&#8221; link=&#8221;https:\/\/www.danke-galerie.com\/produit\/paire-dappliques-danke-galerie-studio-diabolos-laiton-perfore-dk007\/&#8221; title=&#8221;R\u00e9\u00e9dition Luminaires &#8211; Danke Galerie vous pr\u00e9sente sa s\u00e9lection de pi\u00e8ces artisanales&#8221;][vc_empty_space height=&#8221;40px&#8221;][vc_empty_space height=&#8221;40px&#8221;][vc_single_image image=&#8221;55936&#8243; img_size=&#8221;full&#8221; alignment=&#8221;right&#8221; onclick=&#8221;custom_link&#8221; link=&#8221;https:\/\/www.danke-galerie.com\/categorie-produit\/collection-contemporaine\/danke-studio\/&#8221;][vc_empty_space height=&#8221;40px&#8221;][vc_empty_space height=&#8221;40px&#8221;][vc_single_image image=&#8221;55930&#8243; img_size=&#8221;medium&#8221; onclick=&#8221;custom_link&#8221; link=&#8221;https:\/\/www.danke-galerie.com\/categorie-produit\/collection-contemporaine\/danke-studio\/&#8221;][vc_empty_space height=&#8221;40px&#8221;][vc_empty_space height=&#8221;40px&#8221;][vc_single_image image=&#8221;55956&#8243; img_size=&#8221;full&#8221; alignment=&#8221;right&#8221; onclick=&#8221;custom_link&#8221; link=&#8221;https:\/\/www.danke-galerie.com\/categorie-produit\/collection-contemporaine\/danke-studio\/&#8221;][\/vc_column][vc_column width=&#8221;1\/3&#8243; css=&#8221;.vc_custom_1589184747337{padding-right: 60px !important;padding-left: 30px !important;}&#8221;][vc_single_image image=&#8221;52729&#8243; img_size=&#8221;medium&#8221; onclick=&#8221;custom_link&#8221; link=&#8221;https:\/\/www.danke-galerie.com\/produit\/lampe-de-table-veilleuse-danke-studio-galerie-dk015\/&#8221;][vc_empty_space height=&#8221;40px&#8221;][vc_empty_space height=&#8221;40px&#8221;][vc_single_image image=&#8221;51987&#8243; img_size=&#8221;large&#8221; onclick=&#8221;custom_link&#8221; link=&#8221;https:\/\/www.danke-galerie.com\/categorie-produit\/collection-contemporaine\/danke-studio\/&#8221;][vc_empty_space height=&#8221;60px&#8221;][vc_empty_space height=&#8221;60px&#8221;][vc_single_image image=&#8221;55547&#8243; img_size=&#8221;full&#8221; alignment=&#8221;right&#8221; onclick=&#8221;custom_link&#8221; link=&#8221;https:\/\/www.danke-galerie.com\/categorie-produit\/collection-contemporaine\/danke-studio\/&#8221;][vc_empty_space height=&#8221;60px&#8221;][vc_single_image image=&#8221;46062&#8243; img_size=&#8221;full&#8221; onclick=&#8221;custom_link&#8221; link=&#8221;https:\/\/www.danke-galerie.com\/categorie-produit\/collection-contemporaine\/danke-studio\/&#8221;][vc_empty_space height=&#8221;60px&#8221;][vc_empty_space height=&#8221;60px&#8221;][vc_single_image image=&#8221;55938&#8243; img_size=&#8221;medium&#8221; onclick=&#8221;custom_link&#8221; link=&#8221;https:\/\/www.danke-galerie.com\/categorie-produit\/collection-contemporaine\/danke-studio\/&#8221;][\/vc_column][vc_column width=&#8221;1\/3&#8243;][vc_single_image image=&#8221;55926&#8243; img_size=&#8221;full&#8221; onclick=&#8221;custom_link&#8221; link=&#8221;https:\/\/www.danke-galerie.com\/categorie-produit\/collection-contemporaine\/danke-studio\/&#8221;][vc_empty_space height=&#8221;60px&#8221;][vc_single_image image=&#8221;46110&#8243; img_size=&#8221;full&#8221; onclick=&#8221;custom_link&#8221; link=&#8221;https:\/\/www.danke-galerie.com\/categorie-produit\/collection-contemporaine\/danke-studio\/&#8221;][vc_empty_space height=&#8221;60px&#8221;][vc_empty_space height=&#8221;60px&#8221;][vc_single_image image=&#8221;55946&#8243; img_size=&#8221;medium&#8221; alignment=&#8221;right&#8221; onclick=&#8221;custom_link&#8221; link=&#8221;https:\/\/www.danke-galerie.com\/categorie-produit\/collection-contemporaine\/danke-studio\/&#8221;][vc_empty_space height=&#8221;60px&#8221;][vc_empty_space height=&#8221;60px&#8221;][\/vc_column][\/vc_row]<\/p>\n<\/div>","protected":false},"excerpt":{"rendered":"<p>[vc_row css=&#8221;.vc_custom_1589188757104{padding-top: 60px !important;padding-right: 60px !important;padding-bottom: 0px !important;padding-left: 60px !important;}&#8221; el_class=&#8221;creationTitle&#8221;][vc_column][vc_empty_space height=&#8221;22px&#8221;][vc_column_text] Danke Studio [\/vc_column_text][vc_empty_space height=&#8221;12px&#8221;][\/vc_column][\/vc_row][vc_row el_class=&#8221;creation&#8221;][vc_column width=&#8221;1\/3&#8243; css=&#8221;.vc_custom_1589184751350{padding-right: 60px !important;padding-left: 30px !important;}&#8221;][vc_single_image image=&#8221;55549&#8243; img_size=&#8221;full&#8221; alignment=&#8221;right&#8221; onclick=&#8221;custom_link&#8221; link=&#8221;https:\/\/www.danke-galerie.com\/produit\/paire-dappliques-danke-galerie-studio-diabolos-laiton-perfore-dk007\/&#8221; title=&#8221;R\u00e9\u00e9dition Luminaires &#8211; Danke Galerie vous pr\u00e9sente sa s\u00e9lection de pi\u00e8ces artisanales&#8221;][vc_empty_space height=&#8221;40px&#8221;][vc_empty_space height=&#8221;40px&#8221;][vc_single_image image=&#8221;55936&#8243; img_size=&#8221;full&#8221; alignment=&#8221;right&#8221; onclick=&#8221;custom_link&#8221; link=&#8221;https:\/\/www.danke-galerie.com\/categorie-produit\/collection-contemporaine\/danke-studio\/&#8221;][vc_empty_space height=&#8221;40px&#8221;][vc_empty_space height=&#8221;40px&#8221;][vc_single_image image=&#8221;55930&#8243; img_size=&#8221;medium&#8221; onclick=&#8221;custom_link&#8221; link=&#8221;https:\/\/www.danke-galerie.com\/categorie-produit\/collection-contemporaine\/danke-studio\/&#8221;][vc_empty_space height=&#8221;40px&#8221;][vc_empty_space height=&#8221;40px&#8221;][vc_single_image [&hellip;]<\/p>\n","protected":false},"author":1,"featured_media":0,"parent":0,"menu_order":0,"comment_status":"closed","ping_status":"closed","template":"","meta":{"footnotes":""},"class_list":["post-19846","page","type-page","status-publish","hentry"],"yoast_head":"<!-- This site is optimized with the Yoast SEO plugin v26.7 - https:\/\/yoast.com\/wordpress\/plugins\/seo\/ -->\n<title>Danke Studio \u2013 Vente mobilier, luminaire, cr\u00e9ation moderne - Danke Galerie<\/title>\n<meta name=\"robots\" content=\"index, follow, max-snippet:-1, max-image-preview:large, max-video-preview:-1\" \/>\n<link rel=\"canonical\" href=\"https:\/\/www.danke-galerie.com\/en\/danke-studio-vente-mobilier-luminaire-creation-moderne\/\" \/>\n<meta property=\"og:locale\" content=\"en_US\" \/>\n<meta property=\"og:type\" content=\"article\" \/>\n<meta property=\"og:title\" content=\"Danke Studio \u2013 Vente mobilier, luminaire, cr\u00e9ation moderne - Danke Galerie\" \/>\n<meta property=\"og:description\" content=\"[vc_row css=&#8221;.vc_custom_1589188757104{padding-top: 60px !important;padding-right: 60px !important;padding-bottom: 0px !important;padding-left: 60px !important;}&#8221; el_class=&#8221;creationTitle&#8221;][vc_column][vc_empty_space height=&#8221;22px&#8221;][vc_column_text] Danke Studio [\/vc_column_text][vc_empty_space height=&#8221;12px&#8221;][\/vc_column][\/vc_row][vc_row el_class=&#8221;creation&#8221;][vc_column width=&#8221;1\/3&#8243; css=&#8221;.vc_custom_1589184751350{padding-right: 60px !important;padding-left: 30px !important;}&#8221;][vc_single_image image=&#8221;55549&#8243; img_size=&#8221;full&#8221; alignment=&#8221;right&#8221; onclick=&#8221;custom_link&#8221; link=&#8221;https:\/\/www.danke-galerie.com\/produit\/paire-dappliques-danke-galerie-studio-diabolos-laiton-perfore-dk007\/&#8221; title=&#8221;R\u00e9\u00e9dition Luminaires &#8211; Danke Galerie vous pr\u00e9sente sa s\u00e9lection de pi\u00e8ces artisanales&#8221;][vc_empty_space height=&#8221;40px&#8221;][vc_empty_space height=&#8221;40px&#8221;][vc_single_image image=&#8221;55936&#8243; img_size=&#8221;full&#8221; alignment=&#8221;right&#8221; onclick=&#8221;custom_link&#8221; link=&#8221;https:\/\/www.danke-galerie.com\/categorie-produit\/collection-contemporaine\/danke-studio\/&#8221;][vc_empty_space height=&#8221;40px&#8221;][vc_empty_space height=&#8221;40px&#8221;][vc_single_image image=&#8221;55930&#8243; img_size=&#8221;medium&#8221; onclick=&#8221;custom_link&#8221; link=&#8221;https:\/\/www.danke-galerie.com\/categorie-produit\/collection-contemporaine\/danke-studio\/&#8221;][vc_empty_space height=&#8221;40px&#8221;][vc_empty_space height=&#8221;40px&#8221;][vc_single_image [&hellip;]\" \/>\n<meta property=\"og:url\" content=\"https:\/\/www.danke-galerie.com\/en\/danke-studio-vente-mobilier-luminaire-creation-moderne\/\" \/>\n<meta property=\"og:site_name\" content=\"Danke Galerie\" \/>\n<meta property=\"article:modified_time\" content=\"2024-03-16T07:55:41+00:00\" \/>\n<meta name=\"twitter:card\" content=\"summary_large_image\" \/>\n<meta name=\"twitter:label1\" content=\"Est. reading time\" \/>\n\t<meta name=\"twitter:data1\" content=\"1 minute\" \/>\n<script type=\"application\/ld+json\" class=\"yoast-schema-graph\">{\"@context\":\"https:\/\/schema.org\",\"@graph\":[{\"@type\":\"WebPage\",\"@id\":\"https:\/\/www.danke-galerie.com\/en\/danke-studio-vente-mobilier-luminaire-creation-moderne\/\",\"url\":\"https:\/\/www.danke-galerie.com\/en\/danke-studio-vente-mobilier-luminaire-creation-moderne\/\",\"name\":\"Danke Studio \u2013 Vente mobilier, luminaire, cr\u00e9ation moderne - Danke Galerie\",\"isPartOf\":{\"@id\":\"https:\/\/www.danke-galerie.com\/#website\"},\"datePublished\":\"2020-05-11T08:09:36+00:00\",\"dateModified\":\"2024-03-16T07:55:41+00:00\",\"breadcrumb\":{\"@id\":\"https:\/\/www.danke-galerie.com\/en\/danke-studio-vente-mobilier-luminaire-creation-moderne\/#breadcrumb\"},\"inLanguage\":\"en-US\",\"potentialAction\":[{\"@type\":\"ReadAction\",\"target\":[\"https:\/\/www.danke-galerie.com\/en\/danke-studio-vente-mobilier-luminaire-creation-moderne\/\"]}]},{\"@type\":\"BreadcrumbList\",\"@id\":\"https:\/\/www.danke-galerie.com\/en\/danke-studio-vente-mobilier-luminaire-creation-moderne\/#breadcrumb\",\"itemListElement\":[{\"@type\":\"ListItem\",\"position\":1,\"name\":\"Accueil\",\"item\":\"https:\/\/www.danke-galerie.com\/\"},{\"@type\":\"ListItem\",\"position\":2,\"name\":\"Danke Studio \u2013 Vente mobilier, luminaire, cr\u00e9ation moderne\"}]},{\"@type\":\"WebSite\",\"@id\":\"https:\/\/www.danke-galerie.com\/#website\",\"url\":\"https:\/\/www.danke-galerie.com\/\",\"name\":\"Danke Galerie\",\"description\":\"Vente mobilier du XXeme si\u00e8cle design vintage\",\"potentialAction\":[{\"@type\":\"SearchAction\",\"target\":{\"@type\":\"EntryPoint\",\"urlTemplate\":\"https:\/\/www.danke-galerie.com\/?s={search_term_string}\"},\"query-input\":{\"@type\":\"PropertyValueSpecification\",\"valueRequired\":true,\"valueName\":\"search_term_string\"}}],\"inLanguage\":\"en-US\"}]}<\/script>\n<!-- \/ Yoast SEO plugin. -->","yoast_head_json":{"title":"Danke Studio \u2013 Vente mobilier, luminaire, cr\u00e9ation moderne - Danke Galerie","robots":{"index":"index","follow":"follow","max-snippet":"max-snippet:-1","max-image-preview":"max-image-preview:large","max-video-preview":"max-video-preview:-1"},"canonical":"https:\/\/www.danke-galerie.com\/en\/danke-studio-vente-mobilier-luminaire-creation-moderne\/","og_locale":"en_US","og_type":"article","og_title":"Danke Studio \u2013 Vente mobilier, luminaire, cr\u00e9ation moderne - Danke Galerie","og_description":"[vc_row css=&#8221;.vc_custom_1589188757104{padding-top: 60px !important;padding-right: 60px !important;padding-bottom: 0px !important;padding-left: 60px !important;}&#8221; el_class=&#8221;creationTitle&#8221;][vc_column][vc_empty_space height=&#8221;22px&#8221;][vc_column_text] Danke Studio [\/vc_column_text][vc_empty_space height=&#8221;12px&#8221;][\/vc_column][\/vc_row][vc_row el_class=&#8221;creation&#8221;][vc_column width=&#8221;1\/3&#8243; css=&#8221;.vc_custom_1589184751350{padding-right: 60px !important;padding-left: 30px !important;}&#8221;][vc_single_image image=&#8221;55549&#8243; img_size=&#8221;full&#8221; alignment=&#8221;right&#8221; onclick=&#8221;custom_link&#8221; link=&#8221;https:\/\/www.danke-galerie.com\/produit\/paire-dappliques-danke-galerie-studio-diabolos-laiton-perfore-dk007\/&#8221; title=&#8221;R\u00e9\u00e9dition Luminaires &#8211; Danke Galerie vous pr\u00e9sente sa s\u00e9lection de pi\u00e8ces artisanales&#8221;][vc_empty_space height=&#8221;40px&#8221;][vc_empty_space height=&#8221;40px&#8221;][vc_single_image image=&#8221;55936&#8243; img_size=&#8221;full&#8221; alignment=&#8221;right&#8221; onclick=&#8221;custom_link&#8221; link=&#8221;https:\/\/www.danke-galerie.com\/categorie-produit\/collection-contemporaine\/danke-studio\/&#8221;][vc_empty_space height=&#8221;40px&#8221;][vc_empty_space height=&#8221;40px&#8221;][vc_single_image image=&#8221;55930&#8243; img_size=&#8221;medium&#8221; onclick=&#8221;custom_link&#8221; link=&#8221;https:\/\/www.danke-galerie.com\/categorie-produit\/collection-contemporaine\/danke-studio\/&#8221;][vc_empty_space height=&#8221;40px&#8221;][vc_empty_space height=&#8221;40px&#8221;][vc_single_image [&hellip;]","og_url":"https:\/\/www.danke-galerie.com\/en\/danke-studio-vente-mobilier-luminaire-creation-moderne\/","og_site_name":"Danke Galerie","article_modified_time":"2024-03-16T07:55:41+00:00","twitter_card":"summary_large_image","twitter_misc":{"Est. reading time":"1 minute"},"schema":{"@context":"https:\/\/schema.org","@graph":[{"@type":"WebPage","@id":"https:\/\/www.danke-galerie.com\/en\/danke-studio-vente-mobilier-luminaire-creation-moderne\/","url":"https:\/\/www.danke-galerie.com\/en\/danke-studio-vente-mobilier-luminaire-creation-moderne\/","name":"Danke Studio \u2013 Vente mobilier, luminaire, cr\u00e9ation moderne - Danke Galerie","isPartOf":{"@id":"https:\/\/www.danke-galerie.com\/#website"},"datePublished":"2020-05-11T08:09:36+00:00","dateModified":"2024-03-16T07:55:41+00:00","breadcrumb":{"@id":"https:\/\/www.danke-galerie.com\/en\/danke-studio-vente-mobilier-luminaire-creation-moderne\/#breadcrumb"},"inLanguage":"en-US","potentialAction":[{"@type":"ReadAction","target":["https:\/\/www.danke-galerie.com\/en\/danke-studio-vente-mobilier-luminaire-creation-moderne\/"]}]},{"@type":"BreadcrumbList","@id":"https:\/\/www.danke-galerie.com\/en\/danke-studio-vente-mobilier-luminaire-creation-moderne\/#breadcrumb","itemListElement":[{"@type":"ListItem","position":1,"name":"Accueil","item":"https:\/\/www.danke-galerie.com\/"},{"@type":"ListItem","position":2,"name":"Danke Studio \u2013 Vente mobilier, luminaire, cr\u00e9ation moderne"}]},{"@type":"WebSite","@id":"https:\/\/www.danke-galerie.com\/#website","url":"https:\/\/www.danke-galerie.com\/","name":"Danke Galerie","description":"Vente mobilier du XXeme si\u00e8cle design vintage","potentialAction":[{"@type":"SearchAction","target":{"@type":"EntryPoint","urlTemplate":"https:\/\/www.danke-galerie.com\/?s={search_term_string}"},"query-input":{"@type":"PropertyValueSpecification","valueRequired":true,"valueName":"search_term_string"}}],"inLanguage":"en-US"}]}},"_links":{"self":[{"href":"https:\/\/www.danke-galerie.com\/en\/wp-json\/wp\/v2\/pages\/19846","targetHints":{"allow":["GET"]}}],"collection":[{"href":"https:\/\/www.danke-galerie.com\/en\/wp-json\/wp\/v2\/pages"}],"about":[{"href":"https:\/\/www.danke-galerie.com\/en\/wp-json\/wp\/v2\/types\/page"}],"author":[{"embeddable":true,"href":"https:\/\/www.danke-galerie.com\/en\/wp-json\/wp\/v2\/users\/1"}],"replies":[{"embeddable":true,"href":"https:\/\/www.danke-galerie.com\/en\/wp-json\/wp\/v2\/comments?post=19846"}],"version-history":[{"count":0,"href":"https:\/\/www.danke-galerie.com\/en\/wp-json\/wp\/v2\/pages\/19846\/revisions"}],"wp:attachment":[{"href":"https:\/\/www.danke-galerie.com\/en\/wp-json\/wp\/v2\/media?parent=19846"}],"curies":[{"name":"wp","href":"https:\/\/api.w.org\/{rel}","templated":true}]}}